{"id":3501,"date":"2023-04-06T12:50:04","date_gmt":"2023-04-06T09:50:04","guid":{"rendered":"https:\/\/monditaly.com\/kauppa\/?post_type=product&#038;p=3501"},"modified":"2024-12-09T14:54:51","modified_gmt":"2024-12-09T12:54:51","slug":"polara-bio-sicilia-aranciata-limonadi-1ltk-0275ml-x-12-plo","status":"publish","type":"product","link":"https:\/\/monditaly.com\/kauppa\/tuote\/polara-bio-sicilia-aranciata-limonadi-1ltk-0275ml-x-12-plo\/","title":{"rendered":"Polara Bio Sicilia Aranciata limonadi 1ltk (0,275ml x 12 plo)"},"content":{"rendered":"<h3>Ainesosat \/ Ingredienser:<\/h3>\n<p dir=\"ltr\" data-placeholder=\"Translation\">Vesi, &#8220;Ribera Orange DOC&#8221; -mehu tiivisteest\u00e4 22 %*, ruokosokeri*, luonnollista alkuper\u00e4\u00e4 oleva hiilidioksidi, Happamuudens\u00e4\u00e4t\u00f6aine: sitruunahappo, luontainen appelsiiniaromi. *per\u00e4isin luomuviljelyst\u00e4<\/p>\n<p dir=\"ltr\" data-placeholder=\"Translation\">Vatten, &#8220;Ribera Orange DOC&#8221;-juice fr\u00e5n koncentrat* 22%, r\u00f6rsocker*, koldioxid av naturligt ursprung, surhetsmedel: citronsyra, naturlig apelsin arom. *fr\u00e5n ekologiskt jordbruk.<\/p>\n<h3>Ravintoarvot \/ N\u00e4ringsv\u00e4rde:<\/h3>\n<p>Energia \/ Energi 172 kJ \/ 40 kcal<br \/>\nRasva \/ Fett 0,0 g<br \/>\njosta tyydyttynytt\u00e4 \/ varav m\u00e4ttade 0,0 g<br \/>\nHiilihydraatit \/ Kolhydrat 10 g<br \/>\njoista sokereita \/ varav sockerarter 9 g<br \/>\nKuitu \/ Fiber 0,0 g<br \/>\nProteiini \/ Protein 0,1 g<br \/>\nSuola \/ Salt 0,0 g<\/p>\n","protected":false},"excerpt":{"rendered":"<p><strong>Tuote myyd\u00e4\u00e4n myyntier\u00e4n\u00e4 1 ltk (12 plo). \/ Sales unit 1 box (12 bottles).<\/strong><\/p>\n<p>Perinteisell\u00e4 reseptill\u00e4 valmistettu luomu-limonadi parhaista raaka-aineista. Maku saadaan aidoista sisilialaisista luomusitruunoista ja muista hedelmist\u00e4. Raikas, virkist\u00e4v\u00e4 ja aidon maukas limonadi sopii t\u00e4ydellisesti italialaisen ruoan kanssa.<\/p>\n<p id=\"tw-target-text\" class=\"tw-data-text tw-text-large tw-ta\" dir=\"ltr\" data-placeholder=\"Translation\">Organic lemonade made with a traditional recipe from the best ingredients. The flavor comes from real organic Sicilian lemons and other fruits. Fresh, refreshing and really tasty lemonade goes perfectly with Italian food.<\/p>\n","protected":false},"featured_media":5407,"template":"","meta":[],"product_brand":[],"product_cat":[23,294,419],"product_tag":[430,416,417,418],"class_list":{"0":"post-3501","1":"product","2":"type-product","3":"status-publish","4":"has-post-thumbnail","6":"product_cat-juomat","7":"product_cat-juomat-horeca","8":"product_cat-virvoitusjuomat","9":"product_tag-appelsiini","10":"product_tag-lemonade","11":"product_tag-limsa","12":"product_tag-virvoitusjuoma","13":"product_shipping_class-horeca","15":"first","16":"instock","17":"taxable","18":"shipping-taxable","19":"product-type-simple"},"_links":{"self":[{"href":"https:\/\/monditaly.com\/kauppa\/wp-json\/wp\/v2\/product\/3501","targetHints":{"allow":["GET"]}}],"collection":[{"href":"https:\/\/monditaly.com\/kauppa\/wp-json\/wp\/v2\/product"}],"about":[{"href":"https:\/\/monditaly.com\/kauppa\/wp-json\/wp\/v2\/types\/product"}],"wp:featuredmedia":[{"embeddable":true,"href":"https:\/\/monditaly.com\/kauppa\/wp-json\/wp\/v2\/media\/5407"}],"wp:attachment":[{"href":"https:\/\/monditaly.com\/kauppa\/wp-json\/wp\/v2\/media?parent=3501"}],"wp:term":[{"taxonomy":"product_brand","embeddable":true,"href":"https:\/\/monditaly.com\/kauppa\/wp-json\/wp\/v2\/product_brand?post=3501"},{"taxonomy":"product_cat","embeddable":true,"href":"https:\/\/monditaly.com\/kauppa\/wp-json\/wp\/v2\/product_cat?post=3501"},{"taxonomy":"product_tag","embeddable":true,"href":"https:\/\/monditaly.com\/kauppa\/wp-json\/wp\/v2\/product_tag?post=3501"}],"curies":[{"name":"wp","href":"https:\/\/api.w.org\/{rel}","templated":true}]}}