{"id":3513,"date":"2023-04-11T13:44:56","date_gmt":"2023-04-11T10:44:56","guid":{"rendered":"https:\/\/monditaly.com\/kauppa\/?post_type=product&#038;p=3513"},"modified":"2026-01-02T11:53:14","modified_gmt":"2026-01-02T09:53:14","slug":"tenuta-carretta-langhe-doc-nebbiolo-podio-1ltk","status":"publish","type":"product","link":"https:\/\/monditaly.com\/kauppa\/tuote\/tenuta-carretta-langhe-doc-nebbiolo-podio-1ltk\/","title":{"rendered":"Tenuta Carretta Langhe DOC Nebbiolo Podio 1ltk (6&#215;0,75l)"},"content":{"rendered":"<p>Maa: Italia<br \/>\nAlue: Piedmont<br \/>\nViinityyppi: Punaviini<br \/>\nPullokoko: 0,75 l<br \/>\nSokeri: 0.0\u00a0g\/l<br \/>\nHapot: 6,2 g\/l<br \/>\nAlkoholi: 13.5%<\/p>\n<p>Klassinen ja vivahteikas punaviini, jonka pehme\u00e4t tanniinit ja hedelm\u00e4isten aromien py\u00f6reys luovat tasapainoisen makuel\u00e4myksen.<\/p>\n<p>&nbsp;<\/p>\n<p>&nbsp;<\/p>\n","protected":false},"excerpt":{"rendered":"<p>Elegantti ja tasapainoinen punaviini pehmeill\u00e4 tanniineilla. Makuun py\u00f6reytt\u00e4 tuovat tummat marjat, kuten mustikat ja herukat. V\u00e4ri on kirkas ja rubiininpunainen, josta erottuu granaatinpunaiset kyyneleet. Monivivahteisessa tuoksussa sekoittuvat mustat kirsikat, appelsiinikuori, kukat ja yrtit sek\u00e4 suklaa. Suutuntuma on raikas ja mehukas, j\u00e4lkimaku miellytt\u00e4v\u00e4n pitk\u00e4.<\/p>\n<div class=\"group\/conversation-turn relative flex w-full min-w-0 flex-col agent-turn\">\n<div class=\"flex-col gap-1 md:gap-3\">\n<div class=\"flex flex-grow flex-col max-w-full\">\n<div class=\"min-h-[20px] text-message flex flex-col items-start whitespace-pre-wrap break-words [.text-message+&amp;]:mt-5 juice:w-full juice:items-end overflow-x-auto gap-2\" dir=\"auto\" data-message-author-role=\"assistant\" data-message-id=\"669e51d4-b31a-4805-ab21-4dbfe7e71771\">\n<div class=\"flex w-full flex-col gap-1 juice:empty:hidden juice:first:pt-[3px]\">\n<div class=\"markdown prose w-full break-words dark:prose-invert light\">\n<p>An elegant and balanced red wine with soft tannins. The flavor is rounded by dark berries such as blueberries and currants. Its bright ruby-red color reveals garnet-red tears. The complex aroma blends black cherries, orange peel, flowers, herbs, and chocolate. The mouthfeel is fresh and juicy, with a pleasantly long aftertaste.<\/p>\n<\/div>\n<\/div>\n<\/div>\n<\/div>\n<\/div>\n<\/div>\n","protected":false},"featured_media":3514,"template":"","meta":[],"product_brand":[],"product_cat":[23,294,352,353],"product_tag":[357],"class_list":{"0":"post-3513","1":"product","2":"type-product","3":"status-publish","4":"has-post-thumbnail","6":"product_cat-juomat","7":"product_cat-juomat-horeca","8":"product_cat-viinit","9":"product_cat-punaviinit","10":"product_tag-red-wine","11":"product_shipping_class-horeca","13":"first","14":"instock","15":"taxable","16":"shipping-taxable","17":"product-type-simple"},"_links":{"self":[{"href":"https:\/\/monditaly.com\/kauppa\/wp-json\/wp\/v2\/product\/3513","targetHints":{"allow":["GET"]}}],"collection":[{"href":"https:\/\/monditaly.com\/kauppa\/wp-json\/wp\/v2\/product"}],"about":[{"href":"https:\/\/monditaly.com\/kauppa\/wp-json\/wp\/v2\/types\/product"}],"wp:featuredmedia":[{"embeddable":true,"href":"https:\/\/monditaly.com\/kauppa\/wp-json\/wp\/v2\/media\/3514"}],"wp:attachment":[{"href":"https:\/\/monditaly.com\/kauppa\/wp-json\/wp\/v2\/media?parent=3513"}],"wp:term":[{"taxonomy":"product_brand","embeddable":true,"href":"https:\/\/monditaly.com\/kauppa\/wp-json\/wp\/v2\/product_brand?post=3513"},{"taxonomy":"product_cat","embeddable":true,"href":"https:\/\/monditaly.com\/kauppa\/wp-json\/wp\/v2\/product_cat?post=3513"},{"taxonomy":"product_tag","embeddable":true,"href":"https:\/\/monditaly.com\/kauppa\/wp-json\/wp\/v2\/product_tag?post=3513"}],"curies":[{"name":"wp","href":"https:\/\/api.w.org\/{rel}","templated":true}]}}