{"id":3597,"date":"2023-05-12T11:14:07","date_gmt":"2023-05-12T08:14:07","guid":{"rendered":"https:\/\/monditaly.com\/kauppa\/?post_type=product&#038;p=3597"},"modified":"2025-10-30T15:28:55","modified_gmt":"2025-10-30T13:28:55","slug":"vera-italia-ekstraneitsyt-oliivioljy-5l","status":"publish","type":"product","link":"https:\/\/monditaly.com\/kauppa\/tuote\/vera-italia-ekstraneitsyt-oliivioljy-5l\/","title":{"rendered":"Vera Italia ekstraneitsyt oliivi\u00f6ljy 5l"},"content":{"rendered":"<h3>Ainesosat \/ Ingredienser:<\/h3>\n<p><span data-sheets-formula-bar-text-style=\"font-size:7px;color:#000000;font-weight:normal;text-decoration:none;font-family:'docs-Lato';font-style:normal;text-decoration-skip-ink:none;\">Ekstra-neitsytoliivi\u00f6ljy.\u00a0<\/span><\/p>\n<p><span data-sheets-formula-bar-text-style=\"font-size:7px;color:#000000;font-weight:bold;text-decoration:none;font-family:''docs-Lato'';font-style:normal;text-decoration-skip-ink:none;\">E<\/span><span data-sheets-formula-bar-text-style=\"font-size:7px;color:#000000;font-weight:normal;text-decoration:none;font-family:'docs-Lato';font-style:normal;text-decoration-skip-ink:none;\">xtra-virgin olivolja.\u00a0<\/span><\/p>\n<h3>Ravintoarvot per 100g \/ N\u00e4ringsv\u00e4rde per 100g:<\/h3>\n","protected":false},"excerpt":{"rendered":"<p>Korkealaatuinen ekstraneitsyt-oliivi\u00f6ljy, puristettu suoraan oliiveista ainoastaan mekaanisia menetelmi\u00e4 k\u00e4ytt\u00e4en. Per\u00e4isin EU:n alueelta. S\u00e4ilyt\u00e4 viile\u00e4ss\u00e4 ja kuivassa paikassa valolta sek\u00e4 l\u00e4mm\u00f6lt\u00e4 suojattuna.<\/p>\n<p>High-quality extra virgin olive oil, pressed directly from the olives using only mechanical methods. Origin: EU area. Store in a cool and dry place, protected from light and heat.<\/p>\n","protected":false},"featured_media":3787,"template":"","meta":[],"product_brand":[],"product_cat":[46,110,76,160],"product_tag":[629,431,628],"class_list":{"0":"post-3597","1":"product","2":"type-product","3":"status-publish","4":"has-post-thumbnail","6":"product_cat-teolliset_elintarvikkeet","7":"product_cat-horeca-teolliset-elintarvikkeet","8":"product_cat-oljyt-balsamicot-ja-etikat-horeca","9":"product_cat-oliivioljyt-horeca","10":"product_tag-ekstraneitsytoliivioljy","11":"product_tag-extra-virgin-olive-oil","12":"product_tag-oliivioljy","13":"product_shipping_class-horeca","15":"first","16":"instock","17":"taxable","18":"shipping-taxable","19":"product-type-simple"},"_links":{"self":[{"href":"https:\/\/monditaly.com\/kauppa\/wp-json\/wp\/v2\/product\/3597","targetHints":{"allow":["GET"]}}],"collection":[{"href":"https:\/\/monditaly.com\/kauppa\/wp-json\/wp\/v2\/product"}],"about":[{"href":"https:\/\/monditaly.com\/kauppa\/wp-json\/wp\/v2\/types\/product"}],"wp:featuredmedia":[{"embeddable":true,"href":"https:\/\/monditaly.com\/kauppa\/wp-json\/wp\/v2\/media\/3787"}],"wp:attachment":[{"href":"https:\/\/monditaly.com\/kauppa\/wp-json\/wp\/v2\/media?parent=3597"}],"wp:term":[{"taxonomy":"product_brand","embeddable":true,"href":"https:\/\/monditaly.com\/kauppa\/wp-json\/wp\/v2\/product_brand?post=3597"},{"taxonomy":"product_cat","embeddable":true,"href":"https:\/\/monditaly.com\/kauppa\/wp-json\/wp\/v2\/product_cat?post=3597"},{"taxonomy":"product_tag","embeddable":true,"href":"https:\/\/monditaly.com\/kauppa\/wp-json\/wp\/v2\/product_tag?post=3597"}],"curies":[{"name":"wp","href":"https:\/\/api.w.org\/{rel}","templated":true}]}}