{"id":3665,"date":"2023-06-05T12:28:50","date_gmt":"2023-06-05T09:28:50","guid":{"rendered":"https:\/\/monditaly.com\/kauppa\/?post_type=product&#038;p=3665"},"modified":"2026-01-02T11:52:25","modified_gmt":"2026-01-02T09:52:25","slug":"famille-dexea-lolivier-de-montrabech-rose-1ltk-6-x-075l","status":"publish","type":"product","link":"https:\/\/monditaly.com\/kauppa\/tuote\/famille-dexea-lolivier-de-montrabech-rose-1ltk-6-x-075l\/","title":{"rendered":"Famille d&#8217;Ex\u00e9a L&#8217;Olivier de Montrabech Ros\u00e9 1ltk (6 x 0,75l)"},"content":{"rendered":"<p>Maa: Italia<br \/>\nAlue:<br \/>\nViinityyppi: Roseeviini<br \/>\nPullokoko: 0,75 l<br \/>\nRyp\u00e4leet: Cabernet franc, Cinsault, Grenache noir<br \/>\nSokerit:\u00a0 g\/l<br \/>\nHapot: g\/l<br \/>\nAlkoholi: %<\/p>\n<p>Tuoksu:<br \/>\nMaku:<\/p>\n","protected":false},"excerpt":{"rendered":"<p>Olivier de Montrabech -linja on saanut nimens\u00e4 oliivitarhan mukaan, joka on istutettu viiniviljelm\u00e4n l\u00e4helle. Oliivipuiden l\u00e4heisyys on osa viinik\u00f6ynn\u00f6sten ekosysteemi\u00e4 ja niiden raikas, hedelm\u00e4inen tuoksu sekoittuu ryp\u00e4leiden kanssa. T\u00e4m\u00e4n linjan viineiss\u00e4 on kevyit\u00e4, hedelm\u00e4isi\u00e4 nuotteja, jotka yhdistyv\u00e4t kukkaiseen raikkauteen.<\/p>\n<p>The Olivier de Montrabech range takes its name from the olive grove planted close by. Its proximity to the vines contributes to the development of the ecosystem, and mingles its fresh, fruity fragrance with those of the vineyard. The wines have delicate fruity notes, underpinned by a delightfully floral freshness.<\/p>\n","protected":false},"featured_media":3664,"template":"","meta":[],"product_brand":[],"product_cat":[23,294,352,386],"product_tag":[406],"class_list":{"0":"post-3665","1":"product","2":"type-product","3":"status-publish","4":"has-post-thumbnail","6":"product_cat-juomat","7":"product_cat-juomat-horeca","8":"product_cat-viinit","9":"product_cat-roseeviinit","10":"product_tag-rose-wine","11":"product_shipping_class-horeca","13":"first","14":"instock","15":"taxable","16":"shipping-taxable","17":"product-type-simple"},"_links":{"self":[{"href":"https:\/\/monditaly.com\/kauppa\/wp-json\/wp\/v2\/product\/3665","targetHints":{"allow":["GET"]}}],"collection":[{"href":"https:\/\/monditaly.com\/kauppa\/wp-json\/wp\/v2\/product"}],"about":[{"href":"https:\/\/monditaly.com\/kauppa\/wp-json\/wp\/v2\/types\/product"}],"wp:featuredmedia":[{"embeddable":true,"href":"https:\/\/monditaly.com\/kauppa\/wp-json\/wp\/v2\/media\/3664"}],"wp:attachment":[{"href":"https:\/\/monditaly.com\/kauppa\/wp-json\/wp\/v2\/media?parent=3665"}],"wp:term":[{"taxonomy":"product_brand","embeddable":true,"href":"https:\/\/monditaly.com\/kauppa\/wp-json\/wp\/v2\/product_brand?post=3665"},{"taxonomy":"product_cat","embeddable":true,"href":"https:\/\/monditaly.com\/kauppa\/wp-json\/wp\/v2\/product_cat?post=3665"},{"taxonomy":"product_tag","embeddable":true,"href":"https:\/\/monditaly.com\/kauppa\/wp-json\/wp\/v2\/product_tag?post=3665"}],"curies":[{"name":"wp","href":"https:\/\/api.w.org\/{rel}","templated":true}]}}