{"id":3695,"date":"2023-06-15T15:43:55","date_gmt":"2023-06-15T12:43:55","guid":{"rendered":"https:\/\/monditaly.com\/kauppa\/?post_type=product&#038;p=3695"},"modified":"2025-10-30T10:08:13","modified_gmt":"2025-10-30T08:08:13","slug":"limonta-ilmakuivattu-kinkku-mattonella-n-2kg","status":"publish","type":"product","link":"https:\/\/monditaly.com\/kauppa\/tuote\/limonta-ilmakuivattu-kinkku-mattonella-n-2kg\/","title":{"rendered":"Limonta ilmakuivattu kinkku mattonella n. 2kg"},"content":{"rendered":"<h3>Ainesosat \/ Ingredienser:<\/h3>\n<p>Sianliha, suola, aromaattiset mausteet, s<span class=\"relative -mx-px my-[-0.2rem] rounded px-px py-[0.2rem] transition-colors duration-100 ease-in-out\">\u00e4il\u00f6nt\u00e4aine: kaliumnitraatti (E252)<\/span><\/p>\n<p>Fl\u00e4skk\u00f6tt, salt, aromatiska kryddor, konserveringsmedel: kaliumnitrat (E252)<\/p>\n<h3>Ravintoarvot per 100g \/ N\u00e4ringsv\u00e4rde per 100g:<\/h3>\n<p>Energia \/ Energi 953 kJ \/ 224 kcal<br \/>\nRasva \/ Fett 12,33 g, josta tyydyttynytt\u00e4 \/ varav m\u00e4ttade 4,24 g<br \/>\nHiilihydraatit \/ Kolhydrat 0 g, joista sokereita \/ varav sockerarter 0 g<br \/>\nProteiini \/ Protein 27 g<br \/>\nSuola \/ Salt 2,24 g<\/p>\n<p>&nbsp;<\/p>\n","protected":false},"excerpt":{"rendered":"<p>Luuton, ilmakuivattu kinkku.<\/p>\n","protected":false},"featured_media":3696,"template":"","meta":[],"product_brand":[],"product_cat":[196,36,163,165,166],"product_tag":[190,581,189],"class_list":{"0":"post-3695","1":"product","2":"type-product","3":"status-publish","4":"has-post-thumbnail","6":"product_cat-kilokauppa","7":"product_cat-viileat","8":"product_cat-viileat-horeca","9":"product_cat-lihat-horeca","10":"product_cat-salamit-ja-kinkut-horeca","11":"product_tag-ham","12":"product_tag-mattonella","13":"product_tag-prosciutto","14":"product_shipping_class-viileat-pakaste","16":"first","17":"instock","18":"taxable","19":"shipping-taxable","20":"product-type-simple"},"_links":{"self":[{"href":"https:\/\/monditaly.com\/kauppa\/wp-json\/wp\/v2\/product\/3695","targetHints":{"allow":["GET"]}}],"collection":[{"href":"https:\/\/monditaly.com\/kauppa\/wp-json\/wp\/v2\/product"}],"about":[{"href":"https:\/\/monditaly.com\/kauppa\/wp-json\/wp\/v2\/types\/product"}],"wp:featuredmedia":[{"embeddable":true,"href":"https:\/\/monditaly.com\/kauppa\/wp-json\/wp\/v2\/media\/3696"}],"wp:attachment":[{"href":"https:\/\/monditaly.com\/kauppa\/wp-json\/wp\/v2\/media?parent=3695"}],"wp:term":[{"taxonomy":"product_brand","embeddable":true,"href":"https:\/\/monditaly.com\/kauppa\/wp-json\/wp\/v2\/product_brand?post=3695"},{"taxonomy":"product_cat","embeddable":true,"href":"https:\/\/monditaly.com\/kauppa\/wp-json\/wp\/v2\/product_cat?post=3695"},{"taxonomy":"product_tag","embeddable":true,"href":"https:\/\/monditaly.com\/kauppa\/wp-json\/wp\/v2\/product_tag?post=3695"}],"curies":[{"name":"wp","href":"https:\/\/api.w.org\/{rel}","templated":true}]}}