{"id":3806,"date":"2023-07-05T09:48:46","date_gmt":"2023-07-05T06:48:46","guid":{"rendered":"https:\/\/monditaly.com\/kauppa\/?post_type=product&#038;p=3806"},"modified":"2025-05-20T13:29:56","modified_gmt":"2025-05-20T10:29:56","slug":"weinkontor-edenkoben-riesling-feinherb-6x075","status":"publish","type":"product","link":"https:\/\/monditaly.com\/kauppa\/tuote\/weinkontor-edenkoben-riesling-feinherb-6x075\/","title":{"rendered":"Weinkontor Edenkoben Riesling Feinherb (6&#215;0,75l)"},"content":{"rendered":"<p>Maa: Saksa<br \/>\nAlue: Edenkoben, Pfalz<br \/>\nViinityyppi: Valkoviini<br \/>\nPullokoko: 0,75 l<br \/>\nRyp\u00e4leet: Riesling<br \/>\nSokerit:<br \/>\nAlkoholi: 11,5 %<\/p>\n","protected":false},"excerpt":{"rendered":"<p>Kuivahko ja hedelm\u00e4inen valkoviini Edenkobenin, Pfalzin alueelta Weinkonto Edenkobenin viinitilalta. Sopii hyvin sianlihan, \u00e4yri\u00e4isten, savustetun lihan ja mausteisten ruokien kanssa.<\/p>\n","protected":false},"featured_media":3807,"template":"","meta":[],"product_brand":[],"product_cat":[23,294,354],"product_tag":[371,372],"class_list":{"0":"post-3806","1":"product","2":"type-product","3":"status-publish","4":"has-post-thumbnail","6":"product_cat-juomat","7":"product_cat-juomat-horeca","8":"product_cat-valkoviinit","9":"product_tag-champagne","10":"product_tag-jean-michel","11":"product_shipping_class-horeca","13":"first","14":"outofstock","15":"taxable","16":"shipping-taxable","17":"product-type-simple"},"_links":{"self":[{"href":"https:\/\/monditaly.com\/kauppa\/wp-json\/wp\/v2\/product\/3806","targetHints":{"allow":["GET"]}}],"collection":[{"href":"https:\/\/monditaly.com\/kauppa\/wp-json\/wp\/v2\/product"}],"about":[{"href":"https:\/\/monditaly.com\/kauppa\/wp-json\/wp\/v2\/types\/product"}],"wp:featuredmedia":[{"embeddable":true,"href":"https:\/\/monditaly.com\/kauppa\/wp-json\/wp\/v2\/media\/3807"}],"wp:attachment":[{"href":"https:\/\/monditaly.com\/kauppa\/wp-json\/wp\/v2\/media?parent=3806"}],"wp:term":[{"taxonomy":"product_brand","embeddable":true,"href":"https:\/\/monditaly.com\/kauppa\/wp-json\/wp\/v2\/product_brand?post=3806"},{"taxonomy":"product_cat","embeddable":true,"href":"https:\/\/monditaly.com\/kauppa\/wp-json\/wp\/v2\/product_cat?post=3806"},{"taxonomy":"product_tag","embeddable":true,"href":"https:\/\/monditaly.com\/kauppa\/wp-json\/wp\/v2\/product_tag?post=3806"}],"curies":[{"name":"wp","href":"https:\/\/api.w.org\/{rel}","templated":true}]}}