{"id":3816,"date":"2023-07-06T10:43:50","date_gmt":"2023-07-06T07:43:50","guid":{"rendered":"https:\/\/monditaly.com\/kauppa\/?post_type=product&#038;p=3816"},"modified":"2026-01-02T11:49:56","modified_gmt":"2026-01-02T09:49:56","slug":"casa-bianca-prosecco-piccolo-1ltk-24x02l","status":"publish","type":"product","link":"https:\/\/monditaly.com\/kauppa\/tuote\/casa-bianca-prosecco-piccolo-1ltk-24x02l\/","title":{"rendered":"Casa Bianca Prosecco Piccolo 1ltk (24&#215;0,2l)"},"content":{"rendered":"<p class=\"ok-Wdg UPenfA RVfbug\"><span class=\"S1PPyQ\">Maa: Italia<br \/>\n<\/span><span class=\"S1PPyQ\">Alue: Veneto<br \/>\n<\/span><span class=\"S1PPyQ\">Viinityyppi: Kuohuviini<br \/>\n<\/span><span class=\"S1PPyQ\">Pullokoko: 0,2 l<br \/>\n<\/span><span class=\"S1PPyQ\">Ryp\u00e4leet: Glera<br \/>\n<\/span><span class=\"S1PPyQ\">Sokerit: 12g\/l<br \/>\n<\/span><span class=\"S1PPyQ\">Hapot: 6g\/l<br \/>\n<\/span><span class=\"S1PPyQ\">Alkoholi: 11 %<\/span><\/p>\n<p>&nbsp;<\/p>\n<p>&nbsp;<\/p>\n<div class=\"row g-0\">\n<div><span class=\"S1PPyQ\">Tuoksu: Kukkainen, hedelm\u00e4inen, raikas.<br \/>\n<\/span><span class=\"S1PPyQ\">Maku: Puolikuiva, hapokas, mehukkaan p\u00e4\u00e4ryn\u00e4inen, omenainen.<\/span><\/div>\n<\/div>\n","protected":false},"excerpt":{"rendered":"<p>Kullankeltainen, hennosti kupliva prosecco, jossa hedelm\u00e4inen ensivaikutelma. Upea, pitk\u00e4\u00e4n viipyv\u00e4 maku, jossa sekoittuvat p\u00e4\u00e4ryn\u00e4t, omenat ja keltaiset kivelliset hedelm\u00e4t. Tuoksussa pinkki\u00e4 greippi\u00e4 sek\u00e4 kukkaisia vivahteita. Hyv\u00e4 tasapaino hapokkuuden ja pehmeyden v\u00e4lill\u00e4. Sopii erinomaisesti aperitiiviksi.<\/p>\n<p>&nbsp;<\/p>\n<p>&nbsp;<\/p>\n","protected":false},"featured_media":4917,"template":"","meta":[],"product_brand":[],"product_cat":[23,294,355],"product_tag":[375,373],"class_list":{"0":"post-3816","1":"product","2":"type-product","3":"status-publish","4":"has-post-thumbnail","6":"product_cat-juomat","7":"product_cat-juomat-horeca","8":"product_cat-kuohuviinit-samppanjat","9":"product_tag-brut","10":"product_tag-prosecco","11":"product_shipping_class-horeca","13":"first","14":"instock","15":"taxable","16":"shipping-taxable","17":"product-type-simple"},"_links":{"self":[{"href":"https:\/\/monditaly.com\/kauppa\/wp-json\/wp\/v2\/product\/3816","targetHints":{"allow":["GET"]}}],"collection":[{"href":"https:\/\/monditaly.com\/kauppa\/wp-json\/wp\/v2\/product"}],"about":[{"href":"https:\/\/monditaly.com\/kauppa\/wp-json\/wp\/v2\/types\/product"}],"wp:featuredmedia":[{"embeddable":true,"href":"https:\/\/monditaly.com\/kauppa\/wp-json\/wp\/v2\/media\/4917"}],"wp:attachment":[{"href":"https:\/\/monditaly.com\/kauppa\/wp-json\/wp\/v2\/media?parent=3816"}],"wp:term":[{"taxonomy":"product_brand","embeddable":true,"href":"https:\/\/monditaly.com\/kauppa\/wp-json\/wp\/v2\/product_brand?post=3816"},{"taxonomy":"product_cat","embeddable":true,"href":"https:\/\/monditaly.com\/kauppa\/wp-json\/wp\/v2\/product_cat?post=3816"},{"taxonomy":"product_tag","embeddable":true,"href":"https:\/\/monditaly.com\/kauppa\/wp-json\/wp\/v2\/product_tag?post=3816"}],"curies":[{"name":"wp","href":"https:\/\/api.w.org\/{rel}","templated":true}]}}