{"id":3817,"date":"2023-07-06T12:24:30","date_gmt":"2023-07-06T09:24:30","guid":{"rendered":"https:\/\/monditaly.com\/kauppa\/?post_type=product&#038;p=3817"},"modified":"2026-01-02T11:49:15","modified_gmt":"2026-01-02T09:49:15","slug":"ceci27operelambruscobruscone6x075l","status":"publish","type":"product","link":"https:\/\/monditaly.com\/kauppa\/tuote\/ceci27operelambruscobruscone6x075l\/","title":{"rendered":"Ceci 27 Opere Lambrusco Bruscone 6&#215;0,75l"},"content":{"rendered":"<p>Maa: Italia<br \/>\nAlue: Emilia-Romagna<br \/>\nViinityyppi: Punaviini<br \/>\nPullokoko: 0,75 l<br \/>\nRyp\u00e4leet: Lambrusco<br \/>\nSokerit: 20g\/l<br \/>\nHapot: 7.3g\/l<br \/>\nAlkoholi: 11 %<\/p>\n<p><span style=\"color: #333333\">Viini on keskit\u00e4ytel\u00e4inen, keskitanniininen, tumman kirsikkainen, yrttinen, aromikas ja pirskahteleva. Sopii hyvin pasta, tapaksen ja mausteisten lihojen kanssa.<\/span><\/p>\n","protected":false},"excerpt":{"rendered":"<p>Viiniss\u00e4 on pehmeiden tanniinien ansiosta vangitseva j\u00e4lkimaku ja sopii my\u00f6s herkimmillekin suille ja viininyst\u00e4ville<\/p>\n","protected":false},"featured_media":3818,"template":"","meta":[],"product_brand":[],"product_cat":[23,294,352,353],"product_tag":[356,357,380],"class_list":{"0":"post-3817","1":"product","2":"type-product","3":"status-publish","4":"has-post-thumbnail","6":"product_cat-juomat","7":"product_cat-juomat-horeca","8":"product_cat-viinit","9":"product_cat-punaviinit","10":"product_tag-punaviini","11":"product_tag-red-wine","12":"product_tag-villa-matilde","13":"product_shipping_class-horeca","15":"first","16":"instock","17":"taxable","18":"shipping-taxable","19":"product-type-simple"},"_links":{"self":[{"href":"https:\/\/monditaly.com\/kauppa\/wp-json\/wp\/v2\/product\/3817","targetHints":{"allow":["GET"]}}],"collection":[{"href":"https:\/\/monditaly.com\/kauppa\/wp-json\/wp\/v2\/product"}],"about":[{"href":"https:\/\/monditaly.com\/kauppa\/wp-json\/wp\/v2\/types\/product"}],"wp:featuredmedia":[{"embeddable":true,"href":"https:\/\/monditaly.com\/kauppa\/wp-json\/wp\/v2\/media\/3818"}],"wp:attachment":[{"href":"https:\/\/monditaly.com\/kauppa\/wp-json\/wp\/v2\/media?parent=3817"}],"wp:term":[{"taxonomy":"product_brand","embeddable":true,"href":"https:\/\/monditaly.com\/kauppa\/wp-json\/wp\/v2\/product_brand?post=3817"},{"taxonomy":"product_cat","embeddable":true,"href":"https:\/\/monditaly.com\/kauppa\/wp-json\/wp\/v2\/product_cat?post=3817"},{"taxonomy":"product_tag","embeddable":true,"href":"https:\/\/monditaly.com\/kauppa\/wp-json\/wp\/v2\/product_tag?post=3817"}],"curies":[{"name":"wp","href":"https:\/\/api.w.org\/{rel}","templated":true}]}}