{"id":3822,"date":"2023-07-06T14:38:56","date_gmt":"2023-07-06T11:38:56","guid":{"rendered":"https:\/\/monditaly.com\/kauppa\/?post_type=product&#038;p=3822"},"modified":"2026-01-02T11:48:38","modified_gmt":"2026-01-02T09:48:38","slug":"inzolia-igp-terre-siciliane-6x0-75l-alagna","status":"publish","type":"product","link":"https:\/\/monditaly.com\/kauppa\/tuote\/inzolia-igp-terre-siciliane-6x0-75l-alagna\/","title":{"rendered":"Inzolia IGP Terre Siciliane 6&#215;0.75l &#8211; Alagna"},"content":{"rendered":"<p>Maa: Italia<br \/>\nAlue: Marsala<br \/>\nViinityyppi: Valkoviini<br \/>\nPullokoko: 0,75 l<br \/>\nRyp\u00e4leet: Inzolia ryp\u00e4le<br \/>\nSokerit:<br \/>\nAlkoholi: 12 %<\/p>\n","protected":false},"excerpt":{"rendered":"<p>T\u00e4m\u00e4 valkoviini on raikas ja tuoksuva, yrtillisell\u00e4 j\u00e4lkimaulla. Erinomainen aperatiivi kes\u00e4ksi, nautittavaksi vaikka kala-alkuruokien kanssa.<\/p>\n","protected":false},"featured_media":3843,"template":"","meta":[],"product_brand":[],"product_cat":[23,294,354],"product_tag":[358],"class_list":{"0":"post-3822","1":"product","2":"type-product","3":"status-publish","4":"has-post-thumbnail","6":"product_cat-juomat","7":"product_cat-juomat-horeca","8":"product_cat-valkoviinit","9":"product_tag-white-wine","10":"product_shipping_class-horeca","12":"first","13":"outofstock","14":"taxable","15":"shipping-taxable","16":"product-type-simple"},"_links":{"self":[{"href":"https:\/\/monditaly.com\/kauppa\/wp-json\/wp\/v2\/product\/3822","targetHints":{"allow":["GET"]}}],"collection":[{"href":"https:\/\/monditaly.com\/kauppa\/wp-json\/wp\/v2\/product"}],"about":[{"href":"https:\/\/monditaly.com\/kauppa\/wp-json\/wp\/v2\/types\/product"}],"wp:featuredmedia":[{"embeddable":true,"href":"https:\/\/monditaly.com\/kauppa\/wp-json\/wp\/v2\/media\/3843"}],"wp:attachment":[{"href":"https:\/\/monditaly.com\/kauppa\/wp-json\/wp\/v2\/media?parent=3822"}],"wp:term":[{"taxonomy":"product_brand","embeddable":true,"href":"https:\/\/monditaly.com\/kauppa\/wp-json\/wp\/v2\/product_brand?post=3822"},{"taxonomy":"product_cat","embeddable":true,"href":"https:\/\/monditaly.com\/kauppa\/wp-json\/wp\/v2\/product_cat?post=3822"},{"taxonomy":"product_tag","embeddable":true,"href":"https:\/\/monditaly.com\/kauppa\/wp-json\/wp\/v2\/product_tag?post=3822"}],"curies":[{"name":"wp","href":"https:\/\/api.w.org\/{rel}","templated":true}]}}