{"id":388,"date":"2021-04-27T14:46:37","date_gmt":"2021-04-27T11:46:37","guid":{"rendered":"https:\/\/monditaly.com\/kauppa\/?post_type=product&#038;p=388"},"modified":"2024-07-06T13:02:18","modified_gmt":"2024-07-06T10:02:18","slug":"viander-pieni-borettanesipuli-modenan-balsamietikassa-1ltk-800g-x-12-kpl","status":"publish","type":"product","link":"https:\/\/monditaly.com\/kauppa\/tuote\/viander-pieni-borettanesipuli-modenan-balsamietikassa-1ltk-800g-x-12-kpl\/","title":{"rendered":"Viander pieni borettanesipuli Modenan balsamietikassa 1ltk (800g x 12 kpl)"},"content":{"rendered":"<h3>Ainesosat \/ Ingredienser:<\/h3>\n<p><span data-sheets-formula-bar-text-style=\"font-size:7px;color:#000000;font-weight:normal;text-decoration:none;font-family:'docs-Lato';font-style:normal;text-decoration-skip-ink:none;\">Boretaanisipuli, Modenan balsamietikka I.G.P. 14% (viinietikka, tiivistetty ryp\u00e4leen puristemehu, v\u00e4riaine: E150d. <\/span><strong>Sis\u00e4lt\u00e4\u00e4 sulfiitteja (E220 j\u00e4\u00e4nn\u00f6ksen\u00e4)<\/strong><span data-sheets-formula-bar-text-style=\"font-size:7px;color:#000000;font-weight:normal;text-decoration:none;font-family:'docs-Lato';font-style:normal;text-decoration-skip-ink:none;\">, sokeri, suola, oliivi\u00f6ljy, happamuudens\u00e4\u00e4t\u00f6ainen: sitruunahappo (E330). <\/span><strong>Voi sis\u00e4lt\u00e4\u00e4 sellerin j\u00e4\u00e4mi\u00e4. <\/strong><\/p>\n<p><span data-sheets-formula-bar-text-style=\"font-size:7px;color:#000000;font-weight:bold;text-decoration:none;font-family:''docs-Lato'';font-style:normal;text-decoration-skip-ink:none;\">B<\/span><span data-sheets-formula-bar-text-style=\"font-size:7px;color:#000000;font-weight:normal;text-decoration:none;font-family:'docs-Lato';font-style:normal;text-decoration-skip-ink:none;\">orettanl\u00f6k, Balsamvin\u00e4ger av Modena I.G.P. 14% (vinvin\u00e4ger, koncentrerad druvmust, f\u00e4rg\u00e4mne: E150d. <strong>Inneh\u00e5ller sulfit (E220 som en rest)<\/strong>, socker, salt, olivolja, surhetsreglerande medel: citronsyra (E330). <\/span><strong>Det kan inneh\u00e5lla sp\u00e5r av selleri.<\/strong><\/p>\n<h3>Ravintoarvot per 100g \/ N\u00e4ringsv\u00e4rde per 100g:<\/h3>\n<p>Energia \/ Energi 298 kJ \/ 70 kcal<br \/>\nRasva \/ Fett 0,3 g<br \/>\njosta tyydyttynytt\u00e4 0,1 g<br \/>\nHiilihydraatit \/ Kolhydater 15,1 g<br \/>\njoista sokereita \/ varav sockerarter 13,9 g<br \/>\nProteiini \/ Protein 1,0 g<br \/>\nSuola \/ Salt 1,2 g<\/p>\n","protected":false},"excerpt":{"rendered":"<p><strong>Tuote myyd\u00e4\u00e4n myyntier\u00e4n\u00e4 1 ltk (12 kpl). \/ Sales unit 1 box (12 pcs).<\/strong><\/p>\n<p>Kokonainen borettanesipuli balsamiviinietikassa.<\/p>\n<p>Whole borettanen onions in Modena balsamic vinegar.<\/p>\n","protected":false},"featured_media":500,"template":"","meta":[],"product_brand":[],"product_cat":[46,70,81],"product_tag":[142,141,84],"class_list":{"0":"post-388","1":"product","2":"type-product","3":"status-publish","4":"has-post-thumbnail","6":"product_cat-teolliset_elintarvikkeet","7":"product_cat-sailykkeet-horeca","8":"product_cat-vihannekset-horeca","9":"product_tag-cipolline","10":"product_tag-cippolino","11":"product_tag-sipuli","12":"product_shipping_class-horeca","14":"first","15":"instock","16":"taxable","17":"shipping-taxable","18":"product-type-simple"},"_links":{"self":[{"href":"https:\/\/monditaly.com\/kauppa\/wp-json\/wp\/v2\/product\/388","targetHints":{"allow":["GET"]}}],"collection":[{"href":"https:\/\/monditaly.com\/kauppa\/wp-json\/wp\/v2\/product"}],"about":[{"href":"https:\/\/monditaly.com\/kauppa\/wp-json\/wp\/v2\/types\/product"}],"wp:featuredmedia":[{"embeddable":true,"href":"https:\/\/monditaly.com\/kauppa\/wp-json\/wp\/v2\/media\/500"}],"wp:attachment":[{"href":"https:\/\/monditaly.com\/kauppa\/wp-json\/wp\/v2\/media?parent=388"}],"wp:term":[{"taxonomy":"product_brand","embeddable":true,"href":"https:\/\/monditaly.com\/kauppa\/wp-json\/wp\/v2\/product_brand?post=388"},{"taxonomy":"product_cat","embeddable":true,"href":"https:\/\/monditaly.com\/kauppa\/wp-json\/wp\/v2\/product_cat?post=388"},{"taxonomy":"product_tag","embeddable":true,"href":"https:\/\/monditaly.com\/kauppa\/wp-json\/wp\/v2\/product_tag?post=388"}],"curies":[{"name":"wp","href":"https:\/\/api.w.org\/{rel}","templated":true}]}}