{"id":4002,"date":"2023-08-23T14:46:34","date_gmt":"2023-08-23T11:46:34","guid":{"rendered":"https:\/\/monditaly.com\/kauppa\/?post_type=product&#038;p=4002"},"modified":"2024-08-09T19:52:15","modified_gmt":"2024-08-09T16:52:15","slug":"rognoni-filone-savustettu-juusto-2kg","status":"publish","type":"product","link":"https:\/\/monditaly.com\/kauppa\/tuote\/rognoni-filone-savustettu-juusto-2kg\/","title":{"rendered":"Rognoni Filone savustettu juusto n. 2kg"},"content":{"rendered":"<h3>Ainesosat \/ Ingredienser:<\/h3>\n<p>Juustomassa (lehm\u00e4n<strong>maito<\/strong>, juoksute), suola, luonnollinen nestem\u00e4inen py\u00f6kin savu.<\/p>\n<p>Ostmassa (ko<strong>mj\u00f6lk<\/strong>, l\u00f6pe), salt, naturlig flytande bokr\u00f6k.<\/p>\n<h3>Ravintoarvot per 100g \/ N\u00e4ringsv\u00e4rde per 100g:<\/h3>\n<p>Energia \/ Energi 1188 kJ \/ 286 kcal<br \/>\nRasva \/ Fett 22 g<br \/>\njosta tyydyttynytt\u00e4 \/ varav m\u00e4ttade 14 g<br \/>\nHiilihydraatit \/ Kolhydrater 1 g<br \/>\njoista sokereita 1 g<br \/>\nKuitu \/ Fiber 0 g<br \/>\nProteiini \/ Protein 21 g<br \/>\nSuola \/ Salt 0,8 g<\/p>\n","protected":false},"excerpt":{"rendered":"<p>Puolikova, lehm\u00e4nmaidosta tehty juusto, jonka maku on aromaattinen, savustettu ja suussasulava. Kuori ei ole sy\u00f6t\u00e4v\u00e4.<\/p>\n","protected":false},"featured_media":4003,"template":"","meta":[],"product_brand":[],"product_cat":[196,36,163,246,251],"product_tag":[187],"class_list":{"0":"post-4002","1":"product","2":"type-product","3":"status-publish","4":"has-post-thumbnail","6":"product_cat-kilokauppa","7":"product_cat-viileat","8":"product_cat-viileat-horeca","9":"product_cat-juustot-horeca","10":"product_cat-mozzarella-horeca","11":"product_tag-cheese","12":"product_shipping_class-viileat-pakaste","14":"first","15":"instock","16":"taxable","17":"shipping-taxable","18":"product-type-simple"},"_links":{"self":[{"href":"https:\/\/monditaly.com\/kauppa\/wp-json\/wp\/v2\/product\/4002","targetHints":{"allow":["GET"]}}],"collection":[{"href":"https:\/\/monditaly.com\/kauppa\/wp-json\/wp\/v2\/product"}],"about":[{"href":"https:\/\/monditaly.com\/kauppa\/wp-json\/wp\/v2\/types\/product"}],"wp:featuredmedia":[{"embeddable":true,"href":"https:\/\/monditaly.com\/kauppa\/wp-json\/wp\/v2\/media\/4003"}],"wp:attachment":[{"href":"https:\/\/monditaly.com\/kauppa\/wp-json\/wp\/v2\/media?parent=4002"}],"wp:term":[{"taxonomy":"product_brand","embeddable":true,"href":"https:\/\/monditaly.com\/kauppa\/wp-json\/wp\/v2\/product_brand?post=4002"},{"taxonomy":"product_cat","embeddable":true,"href":"https:\/\/monditaly.com\/kauppa\/wp-json\/wp\/v2\/product_cat?post=4002"},{"taxonomy":"product_tag","embeddable":true,"href":"https:\/\/monditaly.com\/kauppa\/wp-json\/wp\/v2\/product_tag?post=4002"}],"curies":[{"name":"wp","href":"https:\/\/api.w.org\/{rel}","templated":true}]}}