{"id":401,"date":"2021-04-27T15:09:05","date_gmt":"2021-04-27T12:09:05","guid":{"rendered":"https:\/\/monditaly.com\/kauppa\/?post_type=product&#038;p=401"},"modified":"2026-01-30T13:42:01","modified_gmt":"2026-01-30T11:42:01","slug":"biraghi-biraghini-juusto-snack-100g","status":"publish","type":"product","link":"https:\/\/monditaly.com\/kauppa\/tuote\/biraghi-biraghini-juusto-snack-100g\/","title":{"rendered":"GRAN BIRAGHI Biraghini juusto snack 100g (6&#215;16,67g), ME ltk\/ 10pss"},"content":{"rendered":"<h3>Ainesosat:<\/h3>\n<p><span data-sheets-formula-bar-text-style=\"font-size:7px;color:#000000;font-weight:normal;text-decoration:none;font-family:'docs-Lato';font-style:normal;text-decoration-skip-ink:none;\">100% italialainen maito, suola, juoksute. <\/span><strong>Sis\u00e4lt\u00e4\u00e4 maitoa ja laktoosia.<\/strong><\/p>\n<p><span data-sheets-formula-bar-text-style=\"font-size:7px;color:#000000;font-weight:normal;text-decoration:none;font-family:'docs-Lato';font-style:normal;text-decoration-skip-ink:none;\">100% italienska mj\u00f6lk, salt, rennet. <\/span><strong>Inneh\u00e5ller mj\u00f6lk och laktos.<\/strong><\/p>\n<h3>Ravintoarvot per 100g:<\/h3>\n<p>Energia \/ Energi 1739 kJ \/ 418 kcal<br \/>\nRasva \/ Fett 30,0 g josta tyydyttynytt\u00e4 \/ varav m\u00e4ttade 21,0 g<br \/>\nHiilihydraatit \/ Kolhydrater 0,0 g josta sokereita \/ varav sockerarter 0,0 g<br \/>\nProteiini \/ Protein 37,0 g<br \/>\nKuitu \/ Fiber 0,0 g<br \/>\nSuola \/ Salt 1,8 g<\/p>\n","protected":false},"excerpt":{"rendered":"<p>K\u00e4tev\u00e4 pakkaus, joka sis\u00e4lt\u00e4\u00e4 6 yksitt\u00e4ispakattua palaa herkullista Gran Biraghi -juustoa. Ihanteellinen piknikille, lounaalle tai v\u00e4lipalaksi mukaan. V\u00e4hint\u00e4\u00e4n 12 kuukautta kypsytetty Gran Biraghi -juusto on tuotettu 100% italialaisesta maidosta ilman s\u00e4il\u00f6nt\u00e4aineita. Palat on valmistettu juuston syd\u00e4nosasta. Gluteeniton.<\/p>\n","protected":false},"featured_media":8198,"template":"","meta":[],"product_brand":[],"product_cat":[167,87,257],"product_tag":[187,304,325,91,92],"class_list":{"0":"post-401","1":"product","2":"type-product","3":"status-publish","4":"has-post-thumbnail","6":"product_cat-viileat-yksityisasiakkaat","7":"product_cat-juustot-yksityisasiakkaat","8":"product_cat-kovat-juustot-yksityisasiakkaat","9":"product_tag-cheese","10":"product_tag-gluteeniton","11":"product_tag-gluten-free","12":"product_tag-gran-biraghi","13":"product_tag-valipala","14":"product_shipping_class-viileat-pakaste","16":"first","17":"instock","18":"taxable","19":"shipping-taxable","20":"product-type-simple"},"_links":{"self":[{"href":"https:\/\/monditaly.com\/kauppa\/wp-json\/wp\/v2\/product\/401","targetHints":{"allow":["GET"]}}],"collection":[{"href":"https:\/\/monditaly.com\/kauppa\/wp-json\/wp\/v2\/product"}],"about":[{"href":"https:\/\/monditaly.com\/kauppa\/wp-json\/wp\/v2\/types\/product"}],"wp:featuredmedia":[{"embeddable":true,"href":"https:\/\/monditaly.com\/kauppa\/wp-json\/wp\/v2\/media\/8198"}],"wp:attachment":[{"href":"https:\/\/monditaly.com\/kauppa\/wp-json\/wp\/v2\/media?parent=401"}],"wp:term":[{"taxonomy":"product_brand","embeddable":true,"href":"https:\/\/monditaly.com\/kauppa\/wp-json\/wp\/v2\/product_brand?post=401"},{"taxonomy":"product_cat","embeddable":true,"href":"https:\/\/monditaly.com\/kauppa\/wp-json\/wp\/v2\/product_cat?post=401"},{"taxonomy":"product_tag","embeddable":true,"href":"https:\/\/monditaly.com\/kauppa\/wp-json\/wp\/v2\/product_tag?post=401"}],"curies":[{"name":"wp","href":"https:\/\/api.w.org\/{rel}","templated":true}]}}