{"id":4033,"date":"2023-09-05T15:52:37","date_gmt":"2023-09-05T12:52:37","guid":{"rendered":"https:\/\/monditaly.com\/kauppa\/?post_type=product&#038;p=4033"},"modified":"2024-07-23T14:30:37","modified_gmt":"2024-07-23T11:30:37","slug":"venturino-riviera-oliivi","status":"publish","type":"product","link":"https:\/\/monditaly.com\/kauppa\/tuote\/venturino-riviera-oliivi\/","title":{"rendered":"Venturino Riviera oliivi 1,5kg"},"content":{"rendered":"<h3>Ainesosat \/ Ingredienser:<\/h3>\n<p>Kivett\u00f6mi\u00e4 Leccino-oliiveja ekstra-neitsytoliivioljyssa. 60 % kivett\u00f6mi\u00e4 Leccino-oliiveja suolavedess\u00e4, 39 % ekstra-neitsytoliivioljya, suolaa, yrttej\u00e4 (timjami, laakerinlehti, rosmariini), happamuudens\u00e4\u00e4toaine: sitruunahappo. S\u00e4ilyt\u00e4 viile\u00e4ss\u00e4, kuivassa paikassa, erill\u00e4\u00e4n l\u00e4mm\u00f6nl\u00e4hteist\u00e4. T\u00e4yt\u00e4 avaamisen j\u00e4lkeen \u00f6ljyll\u00e4 ja s\u00e4ilyt\u00e4 j\u00e4\u00e4kaapissa enint\u00e4\u00e4n 10 p\u00e4iv\u00e4\u00e4.<\/p>\n<h3>Ravintoarvot per 100g \/ N\u00e4ringsv\u00e4rde per 100g:<\/h3>\n<p style=\"text-align: left;\">Energia \/ Energi kJ \/\u00a0 kcal <span style=\"color: #333333; font-size: 14.4px;\">1453 kJ \/ 353 kcal<\/span><\/p>\n<p style=\"text-align: left;\"><span style=\"font-size: 14.4px;\">Rasva \/ Fett 36,9 g<\/span><\/p>\n<p style=\"text-align: left;\">josta tyydyttynytt\u00e4 \/ varav m\u00e4ttat 5,8 g<br \/>\nHiilihydraatit \/ Kolhydrat 1.9 g<br \/>\njoista sokereita \/ varav sockerarter 0.9 g<br \/>\nProteiini \/ Protein 1.6 g<br \/>\nSuola \/ Salt 2.49 g<\/p>\n","protected":false},"excerpt":{"rendered":"<p>Kivett\u00f6mi\u00e4 Riviera-oliiveja.<\/p>\n<p>Pitted Riviera olives.<\/p>\n","protected":false},"featured_media":4038,"template":"","meta":[],"product_brand":[],"product_cat":[46,110,70,103],"product_tag":[149],"class_list":{"0":"post-4033","1":"product","2":"type-product","3":"status-publish","4":"has-post-thumbnail","6":"product_cat-teolliset_elintarvikkeet","7":"product_cat-horeca-teolliset-elintarvikkeet","8":"product_cat-sailykkeet-horeca","9":"product_cat-oliivit-horeca","10":"product_tag-olive","11":"product_shipping_class-horeca","13":"first","14":"outofstock","15":"taxable","16":"shipping-taxable","17":"product-type-simple"},"_links":{"self":[{"href":"https:\/\/monditaly.com\/kauppa\/wp-json\/wp\/v2\/product\/4033","targetHints":{"allow":["GET"]}}],"collection":[{"href":"https:\/\/monditaly.com\/kauppa\/wp-json\/wp\/v2\/product"}],"about":[{"href":"https:\/\/monditaly.com\/kauppa\/wp-json\/wp\/v2\/types\/product"}],"wp:featuredmedia":[{"embeddable":true,"href":"https:\/\/monditaly.com\/kauppa\/wp-json\/wp\/v2\/media\/4038"}],"wp:attachment":[{"href":"https:\/\/monditaly.com\/kauppa\/wp-json\/wp\/v2\/media?parent=4033"}],"wp:term":[{"taxonomy":"product_brand","embeddable":true,"href":"https:\/\/monditaly.com\/kauppa\/wp-json\/wp\/v2\/product_brand?post=4033"},{"taxonomy":"product_cat","embeddable":true,"href":"https:\/\/monditaly.com\/kauppa\/wp-json\/wp\/v2\/product_cat?post=4033"},{"taxonomy":"product_tag","embeddable":true,"href":"https:\/\/monditaly.com\/kauppa\/wp-json\/wp\/v2\/product_tag?post=4033"}],"curies":[{"name":"wp","href":"https:\/\/api.w.org\/{rel}","templated":true}]}}