{"id":4036,"date":"2023-09-06T10:03:59","date_gmt":"2023-09-06T07:03:59","guid":{"rendered":"https:\/\/monditaly.com\/kauppa\/?post_type=product&#038;p=4036"},"modified":"2025-05-05T22:44:46","modified_gmt":"2025-05-05T19:44:46","slug":"limonta-san-daniele-ilmakuivattu-kinkku-piatto-7kg","status":"publish","type":"product","link":"https:\/\/monditaly.com\/kauppa\/tuote\/limonta-san-daniele-ilmakuivattu-kinkku-piatto-7kg\/","title":{"rendered":"Limonta San Daniele ilmakuivattu kinkku Piatto n. 7kg"},"content":{"rendered":"<h3>Ainesosat \/ Ingredienser:<\/h3>\n<h3>Ravintoarvot per 100g \/ N\u00e4ringsv\u00e4rde per 100g:<\/h3>\n<p>Energia \/ Energi kJ \/ Kcal<br \/>\nRasva \/ Fett<br \/>\njosta tyydyttynytt\u00e4 \/ varav m\u00e4ttade<br \/>\nHiilihydraatit \/ Kolhydrater<br \/>\njoista sokereita \/ varav sockerarter<br \/>\nProteiini \/ Protein<br \/>\nKuitu \/ Fiber<br \/>\nSuola \/ Salt<\/p>\n","protected":false},"excerpt":{"rendered":"<p>Prosciutto di San Daniele on Friuli Venezia Giulian alueella valmistettua kypsytetty\u00e4 maustettua kinkkua. Prosciutto di San Danielen valmistukseen k\u00e4ytet\u00e4\u00e4n vain italialaisten sikojen jalkoja, merisuolaa ja San Danielen erityist\u00e4 mikroilmastoa. Sen aromi on hienovarainen ja muuttuu intensiivisemm\u00e4ksi kypsytyksen my\u00f6t\u00e4.<\/p>\n<p>Prosciutto di San Daniele \u00e4r en lufttorkad och kryddad skinka som produceras endast i regionen Friuli Venezia Giulia. De enda ingredienserna som anv\u00e4nds f\u00f6r att skapa Prosciutto di San Daniele \u00e4r benen fr\u00e5n italienska grisar, havssalt och San Danieles unika mikroklimat. Aromerna \u00e4r delikata och blir mer framtr\u00e4dande med ytterligare lagring.<\/p>\n","protected":false},"featured_media":4039,"template":"","meta":[],"product_brand":[],"product_cat":[196,36,163,165,166],"product_tag":[327,190,189],"class_list":{"0":"post-4036","1":"product","2":"type-product","3":"status-publish","4":"has-post-thumbnail","6":"product_cat-kilokauppa","7":"product_cat-viileat","8":"product_cat-viileat-horeca","9":"product_cat-lihat-horeca","10":"product_cat-salamit-ja-kinkut-horeca","11":"product_tag-cured","12":"product_tag-ham","13":"product_tag-prosciutto","14":"product_shipping_class-viileat-pakaste","16":"first","17":"onbackorder","18":"taxable","19":"shipping-taxable","20":"product-type-simple"},"_links":{"self":[{"href":"https:\/\/monditaly.com\/kauppa\/wp-json\/wp\/v2\/product\/4036","targetHints":{"allow":["GET"]}}],"collection":[{"href":"https:\/\/monditaly.com\/kauppa\/wp-json\/wp\/v2\/product"}],"about":[{"href":"https:\/\/monditaly.com\/kauppa\/wp-json\/wp\/v2\/types\/product"}],"wp:featuredmedia":[{"embeddable":true,"href":"https:\/\/monditaly.com\/kauppa\/wp-json\/wp\/v2\/media\/4039"}],"wp:attachment":[{"href":"https:\/\/monditaly.com\/kauppa\/wp-json\/wp\/v2\/media?parent=4036"}],"wp:term":[{"taxonomy":"product_brand","embeddable":true,"href":"https:\/\/monditaly.com\/kauppa\/wp-json\/wp\/v2\/product_brand?post=4036"},{"taxonomy":"product_cat","embeddable":true,"href":"https:\/\/monditaly.com\/kauppa\/wp-json\/wp\/v2\/product_cat?post=4036"},{"taxonomy":"product_tag","embeddable":true,"href":"https:\/\/monditaly.com\/kauppa\/wp-json\/wp\/v2\/product_tag?post=4036"}],"curies":[{"name":"wp","href":"https:\/\/api.w.org\/{rel}","templated":true}]}}