{"id":4154,"date":"2023-10-18T14:47:38","date_gmt":"2023-10-18T11:47:38","guid":{"rendered":"https:\/\/monditaly.com\/kauppa\/?post_type=product&#038;p=4154"},"modified":"2024-06-07T12:01:05","modified_gmt":"2024-06-07T09:01:05","slug":"viander-ekstraneitsyt-oliivioljy-5l_2","status":"publish","type":"product","link":"https:\/\/monditaly.com\/kauppa\/tuote\/viander-ekstraneitsyt-oliivioljy-5l_2\/","title":{"rendered":"Viander ekstraneitsyt oliivi\u00f6ljy 5l"},"content":{"rendered":"<h3>Ainesosat \/ Ingredienser:<\/h3>\n<p><span data-sheets-formula-bar-text-style=\"font-size:7px;color:#000000;font-weight:normal;text-decoration:none;font-family:'docs-Lato';font-style:normal;text-decoration-skip-ink:none;\">Ekstra-neitsytoliivi\u00f6ljy. <\/span><span data-sheets-formula-bar-text-style=\"font-size:7px;color:#000000;font-weight:bold;text-decoration:none;font-family:''docs-Lato'';font-style:normal;text-decoration-skip-ink:none;\"><strong>Valmistettu tehtaassa, jossa k\u00e4sitell\u00e4\u00e4n maap\u00e4hkin\u00f6it\u00e4 ja johdannaistuotteita, soijaa ja soijapohjaisia tuotteita sek\u00e4 SO2.<\/strong> <\/span><\/p>\n<p><span data-sheets-formula-bar-text-style=\"font-size:7px;color:#000000;font-weight:bold;text-decoration:none;font-family:''docs-Lato'';font-style:normal;text-decoration-skip-ink:none;\">E<\/span><span data-sheets-formula-bar-text-style=\"font-size:7px;color:#000000;font-weight:normal;text-decoration:none;font-family:'docs-Lato';font-style:normal;text-decoration-skip-ink:none;\">xtra-virgin olivolja. <\/span><strong>Producerat i en fabrik d\u00e4r behandlas jordn\u00f6tter och produkter d\u00e4rav, soja och sojaprodukter och SO2.<\/strong><\/p>\n<h3>Ravintoarvot per 100g \/ N\u00e4ringsv\u00e4rde per 100g:<\/h3>\n<p>Energia \/ Energi 3762 kJ \/ 899 kcal<br \/>\nRasva \/ Fett 99,9 g<br \/>\njosta tyydyttynytt\u00e4 \/ varav m\u00e4ttade 14,46 g<br \/>\nkertatyydyttym\u00e4tt\u00f6m\u00e4t rasvat \/ varav enkelom\u00e4ttade fettsyror 79,25 g<br \/>\nmonityydyttym\u00e4tt\u00f6m\u00e4t rasvat \/ varav flerom\u00e4ttade fetter 7,52 g<br \/>\nSis\u00e4lt\u00e4\u00e4 merkityksett\u00f6mi\u00e4 m\u00e4\u00e4ri\u00e4 hiilihydraatteja, sokereita, proteiinia ja suolaa. \/ Inneh\u00e5ller obetydliga m\u00e4ngder kolhydrater, sockerarter, protein och salt.<\/p>\n","protected":false},"excerpt":{"rendered":"<p>Sekoitus Euroopan Unionin alueelta per\u00e4isin olevista oliivi\u00f6ljyist\u00e4. Korkealuokkainen oliivi\u00f6ljy, joka on saatu suoraan oliiveista ainoastaan mekaanisin menetelmin. Extra-neitsytoliivi\u00f6ljy, joka on v\u00e4rilt\u00e4\u00e4n kirkkaan ja puhtaan vihre\u00e4nkeltainen sek\u00e4 maultaan makea, erityisen hieno ja kevyt. \u00d6ljyn puristuksessa k\u00e4ytetyt oliivit ovat yhteis\u00f6alkuper\u00e4isi\u00e4: Italia, Kreikka ja Espanja. S\u00e4ilyt\u00e4 viile\u00e4ss\u00e4 ja kuivassa paikassa valolta sek\u00e4 l\u00e4mm\u00f6lt\u00e4 suojattuna.<\/p>\n<p>Extra virgin olive oil with a limpid, bright green-yellow color and a sweet, particularly delicate and light-bodied taste. The olives from which the oil is extracted are of community origin: Italy, Greece and Spain. Superior category oil obtained directly from olives and only by mechanical processes.<\/p>\n","protected":false},"featured_media":1705,"template":"","meta":[],"product_brand":[],"product_cat":[46,110,76,160],"product_tag":[185,184,149,186],"class_list":{"0":"post-4154","1":"product","2":"type-product","3":"status-publish","4":"has-post-thumbnail","6":"product_cat-teolliset_elintarvikkeet","7":"product_cat-horeca-teolliset-elintarvikkeet","8":"product_cat-oljyt-balsamicot-ja-etikat-horeca","9":"product_cat-oliivioljyt-horeca","10":"product_tag-extra","11":"product_tag-oil","12":"product_tag-olive","13":"product_tag-virgin","14":"product_shipping_class-horeca","16":"first","17":"instock","18":"taxable","19":"shipping-taxable","20":"product-type-simple"},"_links":{"self":[{"href":"https:\/\/monditaly.com\/kauppa\/wp-json\/wp\/v2\/product\/4154","targetHints":{"allow":["GET"]}}],"collection":[{"href":"https:\/\/monditaly.com\/kauppa\/wp-json\/wp\/v2\/product"}],"about":[{"href":"https:\/\/monditaly.com\/kauppa\/wp-json\/wp\/v2\/types\/product"}],"wp:featuredmedia":[{"embeddable":true,"href":"https:\/\/monditaly.com\/kauppa\/wp-json\/wp\/v2\/media\/1705"}],"wp:attachment":[{"href":"https:\/\/monditaly.com\/kauppa\/wp-json\/wp\/v2\/media?parent=4154"}],"wp:term":[{"taxonomy":"product_brand","embeddable":true,"href":"https:\/\/monditaly.com\/kauppa\/wp-json\/wp\/v2\/product_brand?post=4154"},{"taxonomy":"product_cat","embeddable":true,"href":"https:\/\/monditaly.com\/kauppa\/wp-json\/wp\/v2\/product_cat?post=4154"},{"taxonomy":"product_tag","embeddable":true,"href":"https:\/\/monditaly.com\/kauppa\/wp-json\/wp\/v2\/product_tag?post=4154"}],"curies":[{"name":"wp","href":"https:\/\/api.w.org\/{rel}","templated":true}]}}