{"id":4212,"date":"2023-11-08T10:05:21","date_gmt":"2023-11-08T08:05:21","guid":{"rendered":"https:\/\/monditaly.com\/kauppa\/?post_type=product&#038;p=4212"},"modified":"2025-09-19T13:36:43","modified_gmt":"2025-09-19T10:36:43","slug":"caputo-gluteeniton-jauhoseos-1kg","status":"publish","type":"product","link":"https:\/\/monditaly.com\/kauppa\/tuote\/caputo-gluteeniton-jauhoseos-1kg\/","title":{"rendered":"Caputo gluteeniton jauhoseos 1ltk (1kg x 12 kpl)"},"content":{"rendered":"<h3>Ainesosat \/ Ingredienser:<\/h3>\n<p>Vehn\u00e4t\u00e4rkkelys ilman gluteenia, dekstroosi, maissit\u00e4rkkelys, tattarijauho, riisit\u00e4rkkelys, kasvikuitu, sakeuttamisaine: guar, aromi. Saattaa sis\u00e4lt\u00e4\u00e4 <strong>maitoa<\/strong> ja <strong>seesaminsiemeni\u00e4<\/strong>.<\/p>\n<p>Vetest\u00e4rkelse utan gluten, dextros, majsst\u00e4rkelse, bovetemj\u00f6l, risst\u00e4rkelse, vegetabilisk fiber, f\u00f6rtjockningsmedel: guar, arom. Kan inneh\u00e5lla <strong>mj\u00f6lk<\/strong> och <strong>sesamfr\u00f6n<\/strong>.<\/p>\n<h3>Ravintoarvot per 100g \/ N\u00e4ringsv\u00e4rde per 100g:<\/h3>\n<p>Energia \/ Energi 1516\u00a0kJ\u00a0\/\u00a0357\u00a0kcal<br \/>\nRasva \/ Fett 0,3\u00a0g<br \/>\njosta tyydyttynytt\u00e4 \/ varav m\u00e4ttade 0,1\u00a0g<br \/>\nHiilihydraatit \/ Kolhydrater 87,9\u00a0g<br \/>\njoista sokereita \/ varav sockerarter 3,5\u00a0g<br \/>\nKuitu \/ Fiber 6,2\u00a0g<br \/>\nProteiini \/ Protein 0,6\u00a0g<br \/>\nSuola \/ Salt 0,1 g<\/p>\n","protected":false},"excerpt":{"rendered":"<p>Puolikarkea gluteeniton jauho ammattilaisk\u00e4ytt\u00f6\u00f6n. Jauhosekoitus sopii pizzan, leiv\u00e4n ja pullien valmistukseen.<\/p>\n<p>Halvmalet glutenfritt mj\u00f6l f\u00f6r professionellt bruk. Mj\u00f6lblandningen \u00e4r l\u00e4mplig f\u00f6r att g\u00f6ra pizza, br\u00f6d och bullar.<\/p>\n","protected":false},"featured_media":7615,"template":"","meta":[],"product_brand":[],"product_cat":[196,46,110,74,156],"product_tag":[202,304,325],"class_list":{"0":"post-4212","1":"product","2":"type-product","3":"status-publish","4":"has-post-thumbnail","6":"product_cat-kilokauppa","7":"product_cat-teolliset_elintarvikkeet","8":"product_cat-horeca-teolliset-elintarvikkeet","9":"product_cat-kuivat-elintarvikkeet-horeca","10":"product_cat-jauhot-horeca","11":"product_tag-flour","12":"product_tag-gluteeniton","13":"product_tag-gluten-free","14":"product_shipping_class-horeca","16":"first","17":"instock","18":"taxable","19":"shipping-taxable","20":"product-type-simple"},"_links":{"self":[{"href":"https:\/\/monditaly.com\/kauppa\/wp-json\/wp\/v2\/product\/4212","targetHints":{"allow":["GET"]}}],"collection":[{"href":"https:\/\/monditaly.com\/kauppa\/wp-json\/wp\/v2\/product"}],"about":[{"href":"https:\/\/monditaly.com\/kauppa\/wp-json\/wp\/v2\/types\/product"}],"wp:featuredmedia":[{"embeddable":true,"href":"https:\/\/monditaly.com\/kauppa\/wp-json\/wp\/v2\/media\/7615"}],"wp:attachment":[{"href":"https:\/\/monditaly.com\/kauppa\/wp-json\/wp\/v2\/media?parent=4212"}],"wp:term":[{"taxonomy":"product_brand","embeddable":true,"href":"https:\/\/monditaly.com\/kauppa\/wp-json\/wp\/v2\/product_brand?post=4212"},{"taxonomy":"product_cat","embeddable":true,"href":"https:\/\/monditaly.com\/kauppa\/wp-json\/wp\/v2\/product_cat?post=4212"},{"taxonomy":"product_tag","embeddable":true,"href":"https:\/\/monditaly.com\/kauppa\/wp-json\/wp\/v2\/product_tag?post=4212"}],"curies":[{"name":"wp","href":"https:\/\/api.w.org\/{rel}","templated":true}]}}