{"id":4377,"date":"2024-01-24T12:21:30","date_gmt":"2024-01-24T10:21:30","guid":{"rendered":"https:\/\/monditaly.com\/kauppa\/?post_type=product&#038;p=4377"},"modified":"2024-09-19T11:21:54","modified_gmt":"2024-09-19T08:21:54","slug":"viander-bella-atmosfera-herkkutatti-950g","status":"publish","type":"product","link":"https:\/\/monditaly.com\/kauppa\/tuote\/viander-bella-atmosfera-herkkutatti-950g\/","title":{"rendered":"Viander Bella Atmosfera herkkutatti 950g"},"content":{"rendered":"<h3>Ainesosat \/ Ingredienser:<\/h3>\n<h3>Ravintoarvot per 100g \/ N\u00e4ringsv\u00e4rde per 100g:<\/h3>\n<p>Energia \/ Energi kJ \/ kcal<br \/>\nRasva \/ Fett<br \/>\njosta tyydyttynytt\u00e4 \/ varav m\u00e4ttade<br \/>\nHiilihydraatit \/ Kolhydrater<br \/>\njoista sokereita \/ varav sockerarter<br \/>\nKuitu \/ Fiber<br \/>\nProteiini \/ Protein<br \/>\nSuola \/ Salt<\/p>\n","protected":false},"excerpt":{"rendered":"<p>Herkkutatti.<\/p>\n<p><span style=\"font-weight: 400;\">Bella Atmosfera -vihanness\u00e4ilykkeet on pakattu k\u00e4ytt\u00e4j\u00e4yst\u00e4v\u00e4llisiin pakkauksiin. Pakkausten materiaali on 100% kierr\u00e4tett\u00e4v\u00e4\u00e4 muovia, jossa tuotteet on kevyt kuljettaa ja s\u00e4ilytt\u00e4\u00e4. Ilmaa poistava s\u00e4il\u00f6nt\u00e4tekniikka ja suojakaasun k\u00e4ytt\u00f6 mahdollistavat tuotteiden s\u00e4ilymisen avaamattomina huoneenl\u00e4mm\u00f6ss\u00e4. <\/span><span style=\"font-weight: 400;\">Tuotteissa on k\u00e4ytetty vain 5% \u00f6ljy\u00e4, joka tekee tuotteista k\u00e4tevi\u00e4 k\u00e4ytt\u00e4\u00e4: \u00f6ljy\u00e4 ei tarvitse erikseen valuttaa pois, vaan tuotteet ovat heti valmiita tarjolle. Pakkaus on suunniteltu siten, ett\u00e4 sit\u00e4 voidaan k\u00e4ytt\u00e4\u00e4 my\u00f6s tarjoiluastiana vitriiniss\u00e4. K\u00e4yt\u00f6n j\u00e4lkeen kansi voidaan painaa takaisin paikoilleen ja pakkaus s\u00e4ilytt\u00e4\u00e4 j\u00e4\u00e4kaapissa. Pieni m\u00e4\u00e4r\u00e4 laadukasta \u00f6ljy\u00e4 ei imeydy vihannesten kuituihin, jotenniiden ominaisuudet pysyv\u00e4t l\u00e4hes samanlaisina kuin sadonkorjuuhetkell\u00e4.<\/span><\/p>\n","protected":false},"featured_media":5741,"template":"","meta":[],"product_brand":[],"product_cat":[46,110,70,81,206],"product_tag":[423],"class_list":{"0":"post-4377","1":"product","2":"type-product","3":"status-publish","4":"has-post-thumbnail","6":"product_cat-teolliset_elintarvikkeet","7":"product_cat-horeca-teolliset-elintarvikkeet","8":"product_cat-sailykkeet-horeca","9":"product_cat-vihannekset-horeca","10":"product_cat-muut-horeca","11":"product_tag-porcini","12":"product_shipping_class-horeca","14":"first","15":"instock","16":"taxable","17":"shipping-taxable","18":"product-type-simple"},"_links":{"self":[{"href":"https:\/\/monditaly.com\/kauppa\/wp-json\/wp\/v2\/product\/4377","targetHints":{"allow":["GET"]}}],"collection":[{"href":"https:\/\/monditaly.com\/kauppa\/wp-json\/wp\/v2\/product"}],"about":[{"href":"https:\/\/monditaly.com\/kauppa\/wp-json\/wp\/v2\/types\/product"}],"wp:featuredmedia":[{"embeddable":true,"href":"https:\/\/monditaly.com\/kauppa\/wp-json\/wp\/v2\/media\/5741"}],"wp:attachment":[{"href":"https:\/\/monditaly.com\/kauppa\/wp-json\/wp\/v2\/media?parent=4377"}],"wp:term":[{"taxonomy":"product_brand","embeddable":true,"href":"https:\/\/monditaly.com\/kauppa\/wp-json\/wp\/v2\/product_brand?post=4377"},{"taxonomy":"product_cat","embeddable":true,"href":"https:\/\/monditaly.com\/kauppa\/wp-json\/wp\/v2\/product_cat?post=4377"},{"taxonomy":"product_tag","embeddable":true,"href":"https:\/\/monditaly.com\/kauppa\/wp-json\/wp\/v2\/product_tag?post=4377"}],"curies":[{"name":"wp","href":"https:\/\/api.w.org\/{rel}","templated":true}]}}