{"id":4535,"date":"2024-04-01T13:50:22","date_gmt":"2024-04-01T10:50:22","guid":{"rendered":"https:\/\/monditaly.com\/kauppa\/?post_type=product&#038;p=4535"},"modified":"2026-01-14T13:02:00","modified_gmt":"2026-01-14T11:02:00","slug":"caputo-pizzajauho-saccorosso-00-25-kg","status":"publish","type":"product","link":"https:\/\/monditaly.com\/kauppa\/tuote\/caputo-pizzajauho-saccorosso-00-25-kg\/","title":{"rendered":"CAPUTO Pizzajauho Saccorosso 00 25 kg"},"content":{"rendered":"<h3>Ainesosat \/ Ingredienser:<\/h3>\n<h3>Ravintoarvot per 100g \/ N\u00e4ringsv\u00e4rde per 100g:<\/h3>\n","protected":false},"excerpt":{"rendered":"<p>Caputo Saccorosso &#8220;00&#8221; jauho on suunniteltu pizzataikinalle (tai leip\u00e4taikinalle) ja sopii pitk\u00e4\u00e4n kohotukseen.<\/p>\n<p><span class=\"BxUVEf ILfuVd\" lang=\"en\"><span class=\"hgKElc\">Caputo Saccorosso flour is ideal for pizza dough (or bread dough) with longer rising times (more than 10 hours at room temperature or up to 72 hours in the refrigerator).<\/span><\/span><\/p>\n","protected":false},"featured_media":4777,"template":"","meta":[],"product_brand":[],"product_cat":[196,46,110,74,156],"product_tag":[202],"class_list":{"0":"post-4535","1":"product","2":"type-product","3":"status-publish","4":"has-post-thumbnail","6":"product_cat-kilokauppa","7":"product_cat-teolliset_elintarvikkeet","8":"product_cat-horeca-teolliset-elintarvikkeet","9":"product_cat-kuivat-elintarvikkeet-horeca","10":"product_cat-jauhot-horeca","11":"product_tag-flour","12":"product_shipping_class-horeca","14":"first","15":"instock","16":"taxable","17":"shipping-taxable","18":"product-type-simple"},"_links":{"self":[{"href":"https:\/\/monditaly.com\/kauppa\/wp-json\/wp\/v2\/product\/4535","targetHints":{"allow":["GET"]}}],"collection":[{"href":"https:\/\/monditaly.com\/kauppa\/wp-json\/wp\/v2\/product"}],"about":[{"href":"https:\/\/monditaly.com\/kauppa\/wp-json\/wp\/v2\/types\/product"}],"wp:featuredmedia":[{"embeddable":true,"href":"https:\/\/monditaly.com\/kauppa\/wp-json\/wp\/v2\/media\/4777"}],"wp:attachment":[{"href":"https:\/\/monditaly.com\/kauppa\/wp-json\/wp\/v2\/media?parent=4535"}],"wp:term":[{"taxonomy":"product_brand","embeddable":true,"href":"https:\/\/monditaly.com\/kauppa\/wp-json\/wp\/v2\/product_brand?post=4535"},{"taxonomy":"product_cat","embeddable":true,"href":"https:\/\/monditaly.com\/kauppa\/wp-json\/wp\/v2\/product_cat?post=4535"},{"taxonomy":"product_tag","embeddable":true,"href":"https:\/\/monditaly.com\/kauppa\/wp-json\/wp\/v2\/product_tag?post=4535"}],"curies":[{"name":"wp","href":"https:\/\/api.w.org\/{rel}","templated":true}]}}