{"id":4617,"date":"2024-04-24T15:41:37","date_gmt":"2024-04-24T12:41:37","guid":{"rendered":"https:\/\/monditaly.com\/kauppa\/?post_type=product&#038;p=4617"},"modified":"2024-07-05T13:54:54","modified_gmt":"2024-07-05T10:54:54","slug":"viander-nero-di-seppia-sterilizzato-500g","status":"publish","type":"product","link":"https:\/\/monditaly.com\/kauppa\/tuote\/viander-nero-di-seppia-sterilizzato-500g\/","title":{"rendered":"Viander Nero di seppia sterilizzato \/ Steriloitu mustekalan muste 500g"},"content":{"rendered":"<h3>Ainesosat \/ Ingredienser:<\/h3>\n<div><\/div>\n<h3>Ravintoarvot per 100g \/ N\u00e4ringsv\u00e4rde per 100g:<\/h3>\n<p>Energia \/ Energi<br \/>\nRasva \/ Fett 0,3g josta tyydyttynytt\u00e4 \/ varav m\u00e4ttade<br \/>\nHiilihydraatit \/ Kolhydrater 11,3g joista sokereita \/ varav sockerarter<br \/>\nProteiini \/ Protein<br \/>\nSuola \/ Salt<\/p>\n","protected":false},"excerpt":{"rendered":"<p>Viander Nero di seppia on steriloitu mustekalan muste, joka sopii erinomaisesti erilaisten ruokien, kuten pastan, risoton ja merenel\u00e4v\u00e4ruokien maustamiseen ja v\u00e4rj\u00e4\u00e4miseen. T\u00e4m\u00e4 tuote tarjoaa ainutlaatuisen ja syv\u00e4n mustan v\u00e4rin sek\u00e4 hienostuneen, merellisen maun, joka tuo uusia ulottuvuuksia ruoanlaittoosi. K\u00e4yt\u00e4 mustekalan mustetta luodaksesi autenttisia italialaisia ruokia ja h\u00e4mm\u00e4styt\u00e4 perheesi ja yst\u00e4v\u00e4si t\u00e4ll\u00e4 erikoisherkulla. Soveltuu my\u00f6s gourmet-kokkien k\u00e4ytt\u00f6\u00f6n.<\/p>\n<p>Viander Nero di seppia \u00e4r ett steriliserat bl\u00e4ckfiskbl\u00e4ck, perfekt f\u00f6r att smaks\u00e4tta och f\u00e4rga olika r\u00e4tter som pasta, risotto och skaldjursr\u00e4tter. Denna produkt ger en unik och djup svart f\u00e4rg samt en uts\u00f6kt, havsinspirerad smak som tillf\u00f6r nya dimensioner till din matlagning. Anv\u00e4nd bl\u00e4ckfiskbl\u00e4ck f\u00f6r att skapa autentiska italienska r\u00e4tter och imponera p\u00e5 din familj och dina v\u00e4nner med denna specialitet. \u00c4ven l\u00e4mplig f\u00f6r gourmetkockar.<\/p>\n","protected":false},"featured_media":4708,"template":"","meta":[],"product_brand":[],"product_cat":[46,110,70,82],"product_tag":[443,442],"class_list":{"0":"post-4617","1":"product","2":"type-product","3":"status-publish","4":"has-post-thumbnail","6":"product_cat-teolliset_elintarvikkeet","7":"product_cat-horeca-teolliset-elintarvikkeet","8":"product_cat-sailykkeet-horeca","9":"product_cat-kalatuotteet-horeca","10":"product_tag-mustekalan-muste","11":"product_tag-nero-di-seppia","12":"product_shipping_class-horeca","14":"first","15":"onbackorder","16":"taxable","17":"shipping-taxable","18":"product-type-simple"},"_links":{"self":[{"href":"https:\/\/monditaly.com\/kauppa\/wp-json\/wp\/v2\/product\/4617","targetHints":{"allow":["GET"]}}],"collection":[{"href":"https:\/\/monditaly.com\/kauppa\/wp-json\/wp\/v2\/product"}],"about":[{"href":"https:\/\/monditaly.com\/kauppa\/wp-json\/wp\/v2\/types\/product"}],"wp:featuredmedia":[{"embeddable":true,"href":"https:\/\/monditaly.com\/kauppa\/wp-json\/wp\/v2\/media\/4708"}],"wp:attachment":[{"href":"https:\/\/monditaly.com\/kauppa\/wp-json\/wp\/v2\/media?parent=4617"}],"wp:term":[{"taxonomy":"product_brand","embeddable":true,"href":"https:\/\/monditaly.com\/kauppa\/wp-json\/wp\/v2\/product_brand?post=4617"},{"taxonomy":"product_cat","embeddable":true,"href":"https:\/\/monditaly.com\/kauppa\/wp-json\/wp\/v2\/product_cat?post=4617"},{"taxonomy":"product_tag","embeddable":true,"href":"https:\/\/monditaly.com\/kauppa\/wp-json\/wp\/v2\/product_tag?post=4617"}],"curies":[{"name":"wp","href":"https:\/\/api.w.org\/{rel}","templated":true}]}}