{"id":4677,"date":"2024-05-05T11:32:43","date_gmt":"2024-05-05T08:32:43","guid":{"rendered":"https:\/\/monditaly.com\/kauppa\/?post_type=product&#038;p=4677"},"modified":"2025-09-25T14:57:59","modified_gmt":"2025-09-25T11:57:59","slug":"dolcemilano-pistaasi-taytteinen-croissant-95g-195-voita-pakaste-1-ltk-52-kpl-ltk","status":"publish","type":"product","link":"https:\/\/monditaly.com\/kauppa\/tuote\/dolcemilano-pistaasi-taytteinen-croissant-95g-195-voita-pakaste-1-ltk-52-kpl-ltk\/","title":{"rendered":"ACQUAVIVA Premium Pistaasicroissant 95g, 19,5% voita pakaste 1 ltk  (52 kpl\/ltk)"},"content":{"rendered":"<h3>Ainesosat:<\/h3>\n<p class=\"p1\">VEHN\u00c4JAUHO, VOI 19,5%, PISTAASILEVITE 16% (sokeri, kasvi\u00f6ljyt ja -rasvat (rapsi ja palmu), PISTAASITAHNA 10%, LAKTOOSI, T\u00c4YSMAITOJAUHE, t\u00e4rkkelys, emulgointiaine: SOIJALESITIINI; aromit, v\u00e4riaine: E141 (ii), E100;), vesi, sokeri, vihre\u00e4t sokerirakeet 2,8% (sokeri, riisit\u00e4rkkelys, glukoosisiirappi, gluteeniton vehn\u00e4t\u00e4rkkelys, kiillotusaine: E903; mikrolev\u00e4 (Spirulina platensis)), hiiva, luonnonhiiva (VEHN\u00c4JAUHO, vesi, mikrobinen hapate), KANANMUNA, MAITOPROTEIINI, VEHN\u00c4GLUTEENI, suola, rasvaton MAITOJAUHE, v\u00e4riaine: E160a (i), emulgointiaine: E472e (rapsi); dekstroosi, paakkuuntumisenestoaine: E170; hapettumisenestoaine: E300; entsyymit (VEHN\u00c4).<\/p>\n<p class=\"p1\">Saattaa sis\u00e4lt\u00e4\u00e4: SEESAMIA, SINAPPIA, MUITA P\u00c4HKIN\u00d6IT\u00c4 (MANTELI, HASSELP\u00c4HKIN\u00c4).<\/p>\n<h3>Ingredients:<\/h3>\n<p class=\"p1\">WHEAT FLOUR, BUTTER 19.5%, PISTACHIO CREAM 16% (SUGAR, VEGETABLE OILS AND FATS (RAPESEED AND PALM), PISTACHIO PASTE 10%, LACTOSE, WHOLE MILK POWDER, STARCH, EMULSIFIER: SOY LECITHIN; FLAVORINGS , COLOR: E141 (II), E100;), WATER, SUGAR, GREEN TAIL 2.8% (SUGAR, RICE STARCH, GLUCOSE SYRUP, GLUTEN-FREE WHEAT STARCH, POLISHING AGENT: E903; ALGAE CONCENTRATES (SPIRULINA PLATENSIS) ), YEAST, NATURAL YEAST (WHEAT FLOUR, WATER, MICROBIAL STARTER), EGGS, MILK PROTEINS, WHEAT GLUTEN, SALT, SKIMMED MILK POWDER, COLOR: E160A (I); EMULSIFIERS: E472E (RAPESEED); DEXTROSE, ANTI-CAKING AGENTS: E170; ANTIOXIDANTS: E300; ENZYMES (WHEAT).MAY CONTAIN SESAME, MUSTARD, OTHER NUTS (ALMONDS, HAZELNUTS).<\/p>\n<h3>Ravintoarvot per 100g:<\/h3>\n<p class=\"p1\">Ravintosis\u00e4lt\u00f6 per 100g\/N\u00e4ringsv\u00e4rde per 100g<br \/>\nEnergia\/ Energi kJ 394 kcal 1640kJ<br \/>\nRasva\/ Fett 23g<br \/>\njoista tyydyttynytt\u00e4\/ varav m\u00e4ttade 13g<br \/>\nHiilihydraatit\/ Kolhydrater 40g<br \/>\njosta sokereita\/ varav sockerarter 17g<br \/>\nProteiini\/ Protein 6,7g<br \/>\nSuola\/ Salt 0,63g<\/p>\n","protected":false},"excerpt":{"rendered":"<p class=\"p1\">Herkullinen raakapakastettu, paistovalmis croissant, joka on hapanjuurella ja voilla leivottu. Rapea kuori k\u00e4tkee sis\u00e4lleen pehme\u00e4n pistaasikreemisyd\u00e4men. T\u00e4m\u00e4 croissant on palkittu vuonna 2023 Brysseliss\u00e4 International Taste Instituten Superior Taste Awardilla.<\/p>\n<p class=\"p1\">En l\u00e4cker r\u00e5fryst, gr\u00e4ddningsklar croissant, bakad med surdeg och sm\u00f6r. Den krispiga ytan d\u00f6ljer en mjuk pistaschkr\u00e4mfylld k\u00e4rna. Croissanten tilldelades Superior Taste Award av International Taste Institute i Bryssel \u00e5r 2023.<\/p>\n<p>This croissant was awarded the Superior Taste Award by the International Taste Institute in Brussels in 2023.<\/p>\n","protected":false},"featured_media":4707,"template":"","meta":[],"product_brand":[],"product_cat":[61,171,267],"product_tag":[604,448,603,204,447,203,605,455,606],"class_list":{"0":"post-4677","1":"product","2":"type-product","3":"status-publish","4":"has-post-thumbnail","6":"product_cat-pakasteet","7":"product_cat-pakasteet-horeca","8":"product_cat-leivonnaiset-pakaste-horeca","9":"product_tag-acquaviva","10":"product_tag-croissant","11":"product_tag-dolcemilano","12":"product_tag-frozen","13":"product_tag-leivonnainen","14":"product_tag-pakaste","15":"product_tag-pistacchio","16":"product_tag-pistachio","17":"product_tag-pistasch","18":"product_shipping_class-viileat-pakaste","20":"first","21":"instock","22":"taxable","23":"shipping-taxable","24":"product-type-simple"},"_links":{"self":[{"href":"https:\/\/monditaly.com\/kauppa\/wp-json\/wp\/v2\/product\/4677","targetHints":{"allow":["GET"]}}],"collection":[{"href":"https:\/\/monditaly.com\/kauppa\/wp-json\/wp\/v2\/product"}],"about":[{"href":"https:\/\/monditaly.com\/kauppa\/wp-json\/wp\/v2\/types\/product"}],"wp:featuredmedia":[{"embeddable":true,"href":"https:\/\/monditaly.com\/kauppa\/wp-json\/wp\/v2\/media\/4707"}],"wp:attachment":[{"href":"https:\/\/monditaly.com\/kauppa\/wp-json\/wp\/v2\/media?parent=4677"}],"wp:term":[{"taxonomy":"product_brand","embeddable":true,"href":"https:\/\/monditaly.com\/kauppa\/wp-json\/wp\/v2\/product_brand?post=4677"},{"taxonomy":"product_cat","embeddable":true,"href":"https:\/\/monditaly.com\/kauppa\/wp-json\/wp\/v2\/product_cat?post=4677"},{"taxonomy":"product_tag","embeddable":true,"href":"https:\/\/monditaly.com\/kauppa\/wp-json\/wp\/v2\/product_tag?post=4677"}],"curies":[{"name":"wp","href":"https:\/\/api.w.org\/{rel}","templated":true}]}}