{"id":4678,"date":"2024-05-05T11:35:16","date_gmt":"2024-05-05T08:35:16","guid":{"rendered":"https:\/\/monditaly.com\/kauppa\/?post_type=product&#038;p=4678"},"modified":"2024-08-09T19:53:44","modified_gmt":"2024-08-09T16:53:44","slug":"dolcemilano-vegan-fagotto-95g-kermaisella-hasselpahkina-tayte-pakaste-1-ltk-62-kpl-ltk","status":"publish","type":"product","link":"https:\/\/monditaly.com\/kauppa\/tuote\/dolcemilano-vegan-fagotto-95g-kermaisella-hasselpahkina-tayte-pakaste-1-ltk-62-kpl-ltk\/","title":{"rendered":"DOLCEMILANO Vegan Fagotto 95g, kermaisella hasselp\u00e4hkin\u00e4 t\u00e4yte pakaste 1 ltk  (62 kpl\/ltk)"},"content":{"rendered":"<h3>Ainesosat:<\/h3>\n<h3>Ingredients:<\/h3>\n<p>&nbsp;<\/p>\n<h3>Ravintoarvot per 100g:<\/h3>\n<p>Energia \/ Energi\u00a0 kJ\/\u00a0 kcal<br \/>\nRasva \/ Fett\u00a0\u00a0 g josta tyydyttynytt\u00e4 \/ varav m\u00e4ttade\u00a0 g<br \/>\nHiilihydraatit \/ Kolhydrater\u00a0 g joista sokereita \/ varav sockerarter\u00a0\u00a0 g<br \/>\nProteiini \/ Protein\u00a0\u00a0 g<br \/>\nSuola \/ Salt\u00a0\u00a0 g<\/p>\n","protected":false},"excerpt":{"rendered":"<p>Ainesosat: Ingredients: &nbsp; Ravintoarvot per 100g: Energia \/ Energi\u00a0 kJ\/\u00a0 kcal Rasva \/ Fett\u00a0\u00a0 g josta tyydyttynytt\u00e4 \/ varav m\u00e4ttade\u00a0 g Hiilihydraatit \/ Kolhydrater\u00a0 g joista sokereita \/ varav sockerarter\u00a0\u00a0 g Proteiini \/ Protein\u00a0\u00a0 g Suola \/ Salt\u00a0\u00a0 g<\/p>\n","protected":false},"featured_media":4706,"template":"","meta":[],"product_brand":[],"product_cat":[61,171,267],"product_tag":[448,204,447,203],"class_list":{"0":"post-4678","1":"product","2":"type-product","3":"status-publish","4":"has-post-thumbnail","6":"product_cat-pakasteet","7":"product_cat-pakasteet-horeca","8":"product_cat-leivonnaiset-pakaste-horeca","9":"product_tag-croissant","10":"product_tag-frozen","11":"product_tag-leivonnainen","12":"product_tag-pakaste","13":"product_shipping_class-viileat-pakaste","15":"first","16":"instock","17":"taxable","18":"shipping-taxable","19":"product-type-simple"},"_links":{"self":[{"href":"https:\/\/monditaly.com\/kauppa\/wp-json\/wp\/v2\/product\/4678","targetHints":{"allow":["GET"]}}],"collection":[{"href":"https:\/\/monditaly.com\/kauppa\/wp-json\/wp\/v2\/product"}],"about":[{"href":"https:\/\/monditaly.com\/kauppa\/wp-json\/wp\/v2\/types\/product"}],"wp:featuredmedia":[{"embeddable":true,"href":"https:\/\/monditaly.com\/kauppa\/wp-json\/wp\/v2\/media\/4706"}],"wp:attachment":[{"href":"https:\/\/monditaly.com\/kauppa\/wp-json\/wp\/v2\/media?parent=4678"}],"wp:term":[{"taxonomy":"product_brand","embeddable":true,"href":"https:\/\/monditaly.com\/kauppa\/wp-json\/wp\/v2\/product_brand?post=4678"},{"taxonomy":"product_cat","embeddable":true,"href":"https:\/\/monditaly.com\/kauppa\/wp-json\/wp\/v2\/product_cat?post=4678"},{"taxonomy":"product_tag","embeddable":true,"href":"https:\/\/monditaly.com\/kauppa\/wp-json\/wp\/v2\/product_tag?post=4678"}],"curies":[{"name":"wp","href":"https:\/\/api.w.org\/{rel}","templated":true}]}}