{"id":4747,"date":"2024-05-18T22:39:44","date_gmt":"2024-05-18T19:39:44","guid":{"rendered":"https:\/\/monditaly.com\/kauppa\/?post_type=product&#038;p=4747"},"modified":"2024-08-09T19:52:13","modified_gmt":"2024-08-09T16:52:13","slug":"cepparo-antiche-latterie-mozzarella-kuutio-1-ltk-25-kg-pss-x-4-kpl","status":"publish","type":"product","link":"https:\/\/monditaly.com\/kauppa\/tuote\/cepparo-antiche-latterie-mozzarella-kuutio-1-ltk-25-kg-pss-x-4-kpl\/","title":{"rendered":"Cepparo Antiche Latterie mozzarella kuutio 1 ltk (2,5 kg\/pss x 4 kpl)"},"content":{"rendered":"<h3><span style=\"vertical-align: inherit;\"><span style=\"vertical-align: inherit;\">Ingredienti \/ Ingredienti:<\/span><\/span><\/h3>\n<p>&nbsp;<\/p>\n<h3><span style=\"vertical-align: inherit;\"><span style=\"vertical-align: inherit;\">Valori nutrizionali per 100 g \/ N\u00e4ringsv\u00e4rde per 100 g:<\/span><\/span><\/h3>\n<p><span style=\"vertical-align: inherit;\"><span style=\"vertical-align: inherit;\">Energy \/ Energi\u00a0 kJ \/\u00a0 kcal <\/span><\/span><br \/>\n<span style=\"vertical-align: inherit;\"><span style=\"vertical-align: inherit;\">Fat \/ Fett\u00a0 g di <\/span><\/span><br \/>\n<span style=\"vertical-align: inherit;\"><span style=\"vertical-align: inherit;\">cui saturi \/ varav mattade\u00a0 g <\/span><\/span><br \/>\n<span style=\"vertical-align: inherit;\"><span style=\"vertical-align: inherit;\">Carboidrati \/ Kolhydrater\u00a0 g <\/span><\/span><br \/>\n<span style=\"vertical-align: inherit;\"><span style=\"vertical-align: inherit;\">di cui zuccheri \/ varav sockerarter\u00a0 g <\/span><\/span><br \/>\n<span style=\"vertical-align: inherit;\"><span style=\"vertical-align: inherit;\">Protein \/ Protein\u00a0 g <\/span><\/span><br \/>\n<span style=\"vertical-align: inherit;\"><span style=\"vertical-align: inherit;\">Sale \/ Sale (NaCl)\u00a0 g<\/span><\/span><\/p>\n","protected":false},"excerpt":{"rendered":"<p>Kuutiomozzarella on suunniteltu ammattilaisk\u00e4ytt\u00f6\u00f6n ja se soveltuu moneen. Valikoidut aineosat, valmistuksen korkeat laatustandardit ja erinomainen aito maku tekev\u00e4t siit\u00e4 ensiluokkaisen aineosan, jolla saat viimeistellyn maun niin pizzaan, uuniruokiin kuin suolaisiin piiraisiin. Lis\u00e4ksi kuutioleikkauksensa ansiosta erityisen helppok\u00e4ytt\u00f6inen.<\/p>\n<p>Designed for professional use and is suitable for many dishes. The selected ingredients, the high quality standards of the production and the excellent authentic taste make it a first-class ingredient. In addition, thanks to its cube cut, it is particularly easy to use.<\/p>\n","protected":false},"featured_media":4808,"template":"","meta":[],"product_brand":[],"product_cat":[36,163,246,251],"product_tag":[187,329,368,200],"class_list":{"0":"post-4747","1":"product","2":"type-product","3":"status-publish","4":"has-post-thumbnail","6":"product_cat-viileat","7":"product_cat-viileat-horeca","8":"product_cat-juustot-horeca","9":"product_cat-mozzarella-horeca","10":"product_tag-cheese","11":"product_tag-cube","12":"product_tag-cubetti","13":"product_tag-mozzarella","14":"product_shipping_class-viileat-pakaste","16":"first","17":"instock","18":"taxable","19":"shipping-taxable","20":"product-type-simple"},"_links":{"self":[{"href":"https:\/\/monditaly.com\/kauppa\/wp-json\/wp\/v2\/product\/4747","targetHints":{"allow":["GET"]}}],"collection":[{"href":"https:\/\/monditaly.com\/kauppa\/wp-json\/wp\/v2\/product"}],"about":[{"href":"https:\/\/monditaly.com\/kauppa\/wp-json\/wp\/v2\/types\/product"}],"wp:featuredmedia":[{"embeddable":true,"href":"https:\/\/monditaly.com\/kauppa\/wp-json\/wp\/v2\/media\/4808"}],"wp:attachment":[{"href":"https:\/\/monditaly.com\/kauppa\/wp-json\/wp\/v2\/media?parent=4747"}],"wp:term":[{"taxonomy":"product_brand","embeddable":true,"href":"https:\/\/monditaly.com\/kauppa\/wp-json\/wp\/v2\/product_brand?post=4747"},{"taxonomy":"product_cat","embeddable":true,"href":"https:\/\/monditaly.com\/kauppa\/wp-json\/wp\/v2\/product_cat?post=4747"},{"taxonomy":"product_tag","embeddable":true,"href":"https:\/\/monditaly.com\/kauppa\/wp-json\/wp\/v2\/product_tag?post=4747"}],"curies":[{"name":"wp","href":"https:\/\/api.w.org\/{rel}","templated":true}]}}