{"id":4819,"date":"2024-05-30T12:44:31","date_gmt":"2024-05-30T09:44:31","guid":{"rendered":"https:\/\/monditaly.com\/kauppa\/?post_type=product&#038;p=4819"},"modified":"2025-06-30T12:41:15","modified_gmt":"2025-06-30T09:41:15","slug":"valcolatte-stracciatella-300g","status":"publish","type":"product","link":"https:\/\/monditaly.com\/kauppa\/tuote\/valcolatte-stracciatella-300g\/","title":{"rendered":"Valcolatte Stracciatella 300G"},"content":{"rendered":"<h3>Ainesosat:<\/h3>\n<p>past\u00f6roitu maito* 49,399%, UHT-kerma 50%, suola**, juoksute*, s\u00e4il\u00f6nt\u00e4aine: E202.<br \/>\npast\u00f6riserad\u00a0mj\u00f6lk*\u00a049,399%,\u00a0gr\u00e4dde*\u00a0UHT 50%, salt**,\u00a0l\u00f6pe*, konserveringsmedel: E202.<\/p>\n<h3>Ravintoarvot per 100g:<\/h3>\n<p>Energia \/ Energi 973 kJ \/ 235 kcal<br \/>\nRasva \/ Fett 21,0 g josta tyydyttynytt\u00e4 \/ varav m\u00e4ttade 14,0 g<br \/>\nHiilihydraatit \/ Kolhydrat 1,5 g joista sokereita \/ varav sockerarter 1,5 g<br \/>\nProteiini \/ Protein 10,0 g<br \/>\nSuola \/ Salt 0,7 g<\/p>\n","protected":false},"excerpt":{"rendered":"<p>Tuorejuusto &#8211; Stracciatella &#8211; koostuu venytetyst\u00e4 juustomassasta, joka on rikastettu kermalla.<br \/>\nSiin\u00e4 on helmi\u00e4isenvalkoinen v\u00e4ri ja pehme\u00e4 rakenne.<br \/>\nMaku on makea, herkk\u00e4 ja eritt\u00e4in kermainen. Erinomainen salaateissa, pizzassa, lasagnessa ja pastassa.<\/p>\n<p>F\u00e4rsk ost \u2013 Stracciatella \u2013 best\u00e5ende av str\u00e4ckt ostmassa berikad med \u00adgr\u00e4dde.<br \/>\nEn p\u00e4rlvit f\u00e4rg och mjuk struktur. Smaken \u00e4r s\u00f6t, delikat och \u00admycket kr\u00e4mig.<br \/>\nFantastisk till sallad, p\u00e5 pizza, till lasagne och till pasta.<\/p>\n","protected":false},"featured_media":7082,"template":"","meta":[],"product_brand":[],"product_cat":[36,163,246,251],"product_tag":[187,200],"class_list":{"0":"post-4819","1":"product","2":"type-product","3":"status-publish","4":"has-post-thumbnail","6":"product_cat-viileat","7":"product_cat-viileat-horeca","8":"product_cat-juustot-horeca","9":"product_cat-mozzarella-horeca","10":"product_tag-cheese","11":"product_tag-mozzarella","12":"product_shipping_class-viileat-pakaste","14":"first","15":"onbackorder","16":"taxable","17":"shipping-taxable","18":"product-type-simple"},"_links":{"self":[{"href":"https:\/\/monditaly.com\/kauppa\/wp-json\/wp\/v2\/product\/4819","targetHints":{"allow":["GET"]}}],"collection":[{"href":"https:\/\/monditaly.com\/kauppa\/wp-json\/wp\/v2\/product"}],"about":[{"href":"https:\/\/monditaly.com\/kauppa\/wp-json\/wp\/v2\/types\/product"}],"wp:featuredmedia":[{"embeddable":true,"href":"https:\/\/monditaly.com\/kauppa\/wp-json\/wp\/v2\/media\/7082"}],"wp:attachment":[{"href":"https:\/\/monditaly.com\/kauppa\/wp-json\/wp\/v2\/media?parent=4819"}],"wp:term":[{"taxonomy":"product_brand","embeddable":true,"href":"https:\/\/monditaly.com\/kauppa\/wp-json\/wp\/v2\/product_brand?post=4819"},{"taxonomy":"product_cat","embeddable":true,"href":"https:\/\/monditaly.com\/kauppa\/wp-json\/wp\/v2\/product_cat?post=4819"},{"taxonomy":"product_tag","embeddable":true,"href":"https:\/\/monditaly.com\/kauppa\/wp-json\/wp\/v2\/product_tag?post=4819"}],"curies":[{"name":"wp","href":"https:\/\/api.w.org\/{rel}","templated":true}]}}