{"id":4897,"date":"2024-06-12T10:46:43","date_gmt":"2024-06-12T07:46:43","guid":{"rendered":"https:\/\/monditaly.com\/kauppa\/?post_type=product&#038;p=4897"},"modified":"2026-01-02T11:43:45","modified_gmt":"2026-01-02T09:43:45","slug":"bonfils-capitoul-ode-rose-1ltk-6x075l","status":"publish","type":"product","link":"https:\/\/monditaly.com\/kauppa\/tuote\/bonfils-capitoul-ode-rose-1ltk-6x075l\/","title":{"rendered":"Bonfils Capitoul Ode Rose, 1ltk (6&#215;0,75l)"},"content":{"rendered":"<p>Maa: Ranska<br \/>\nAlue: Languedoc<br \/>\nViinityyppi: Roseeviini<br \/>\nPullokoko: 0,75 l<br \/>\nRyp\u00e4leet:<br \/>\nSokerit: &#8211; g\/l<br \/>\nHapot: 5,7 g\/l<br \/>\nAlkoholi: 12,5 %<\/p>\n<p>Monivivahteinen ja raikas cuv\u00e9e, jossa sitrushedelmien ja punaisten marjojen s\u00e4vyt sekoittuvat mausteisiin aromeihin. Viinin on annettu kypsy\u00e4 hienon hiivasakkansa p\u00e4\u00e4ll\u00e4, mik\u00e4 vain korostaa sen pehme\u00e4\u00e4 suutuntumaa. V\u00e4rilt\u00e4\u00e4n viini on herk\u00e4n vaaleanpunainen. Hedelm\u00e4ist\u00e4 ja mausteista makupalettia rikastavat mineraalit. Raikas, luonteikas ja miellytt\u00e4v\u00e4 j\u00e4lkimaku. Erinomainen aperitiivi ja seuralainen tapaksille tai grillatulle kalalle ja \u00e4yri\u00e4isille.<\/p>\n<p>&nbsp;<\/p>\n","protected":false},"excerpt":{"rendered":"<p>Maa: Ranska Alue: Languedoc Viinityyppi: Roseeviini Pullokoko: 0,75 l Ryp\u00e4leet: Sokerit: &#8211; g\/l Hapot: 5,7 g\/l Alkoholi: 12,5 % Monivivahteinen ja raikas cuv\u00e9e, jossa sitrushedelmien ja punaisten marjojen s\u00e4vyt sekoittuvat mausteisiin aromeihin. Viinin on annettu kypsy\u00e4 hienon hiivasakkansa p\u00e4\u00e4ll\u00e4, mik\u00e4 vain korostaa sen pehme\u00e4\u00e4 suutuntumaa. V\u00e4rilt\u00e4\u00e4n viini on herk\u00e4n vaaleanpunainen. Hedelm\u00e4ist\u00e4 ja mausteista makupalettia rikastavat [&#8230;]\n","protected":false},"featured_media":5400,"template":"","meta":[],"product_brand":[],"product_cat":[23,294,352,386],"product_tag":[452,374,407],"class_list":{"0":"post-4897","1":"product","2":"type-product","3":"status-publish","4":"has-post-thumbnail","6":"product_cat-juomat","7":"product_cat-juomat-horeca","8":"product_cat-viinit","9":"product_cat-roseeviinit","10":"product_tag-bonfils","11":"product_tag-rose","12":"product_tag-roseeviini","13":"product_shipping_class-horeca","15":"first","16":"instock","17":"taxable","18":"shipping-taxable","19":"product-type-simple"},"_links":{"self":[{"href":"https:\/\/monditaly.com\/kauppa\/wp-json\/wp\/v2\/product\/4897","targetHints":{"allow":["GET"]}}],"collection":[{"href":"https:\/\/monditaly.com\/kauppa\/wp-json\/wp\/v2\/product"}],"about":[{"href":"https:\/\/monditaly.com\/kauppa\/wp-json\/wp\/v2\/types\/product"}],"wp:featuredmedia":[{"embeddable":true,"href":"https:\/\/monditaly.com\/kauppa\/wp-json\/wp\/v2\/media\/5400"}],"wp:attachment":[{"href":"https:\/\/monditaly.com\/kauppa\/wp-json\/wp\/v2\/media?parent=4897"}],"wp:term":[{"taxonomy":"product_brand","embeddable":true,"href":"https:\/\/monditaly.com\/kauppa\/wp-json\/wp\/v2\/product_brand?post=4897"},{"taxonomy":"product_cat","embeddable":true,"href":"https:\/\/monditaly.com\/kauppa\/wp-json\/wp\/v2\/product_cat?post=4897"},{"taxonomy":"product_tag","embeddable":true,"href":"https:\/\/monditaly.com\/kauppa\/wp-json\/wp\/v2\/product_tag?post=4897"}],"curies":[{"name":"wp","href":"https:\/\/api.w.org\/{rel}","templated":true}]}}