{"id":4902,"date":"2024-06-12T14:02:28","date_gmt":"2024-06-12T11:02:28","guid":{"rendered":"https:\/\/monditaly.com\/kauppa\/?post_type=product&#038;p=4902"},"modified":"2026-01-02T11:43:00","modified_gmt":"2026-01-02T09:43:00","slug":"fantazzy-passion-blend-rose-1ltk-6x075l","status":"publish","type":"product","link":"https:\/\/monditaly.com\/kauppa\/tuote\/fantazzy-passion-blend-rose-1ltk-6x075l\/","title":{"rendered":"Fantazzy Passion Blend Ros\u00e8 &#8211; 1ltk (6&#215;0,75l)"},"content":{"rendered":"<p>Maa: Ranska<br \/>\nAlue: Languedoc<br \/>\nViinityyppi: Roseeviini<br \/>\nPullokoko: 0,75 l<br \/>\nRyp\u00e4leet:<br \/>\nSokerit: &#8211; g\/l<br \/>\nHapot: 5,2 g\/l<br \/>\nAlkoholi: 12,0 %<\/p>\n<p>Makea ja tasapainoinen ros\u00e9, jonka maku on raikas, intensiivisen hedelm\u00e4inen ja miellytt\u00e4v\u00e4n py\u00f6re\u00e4. Moniulotteisessa tuoksussa kohtaavat persikat, aprikoosit sek\u00e4 kukkaiset aromit.<\/p>\n<p>&nbsp;<\/p>\n","protected":false},"excerpt":{"rendered":"<p>Makea ja tasapainoinen ros\u00e9, jonka maku on raikas, intensiivisen hedelm\u00e4inen ja miellytt\u00e4v\u00e4n py\u00f6re\u00e4.<\/p>\n","protected":false},"featured_media":5410,"template":"","meta":[],"product_brand":[],"product_cat":[23,294,352,386],"product_tag":[452,374,407],"class_list":{"0":"post-4902","1":"product","2":"type-product","3":"status-publish","4":"has-post-thumbnail","6":"product_cat-juomat","7":"product_cat-juomat-horeca","8":"product_cat-viinit","9":"product_cat-roseeviinit","10":"product_tag-bonfils","11":"product_tag-rose","12":"product_tag-roseeviini","13":"product_shipping_class-horeca","15":"first","16":"instock","17":"taxable","18":"shipping-taxable","19":"product-type-simple"},"_links":{"self":[{"href":"https:\/\/monditaly.com\/kauppa\/wp-json\/wp\/v2\/product\/4902","targetHints":{"allow":["GET"]}}],"collection":[{"href":"https:\/\/monditaly.com\/kauppa\/wp-json\/wp\/v2\/product"}],"about":[{"href":"https:\/\/monditaly.com\/kauppa\/wp-json\/wp\/v2\/types\/product"}],"wp:featuredmedia":[{"embeddable":true,"href":"https:\/\/monditaly.com\/kauppa\/wp-json\/wp\/v2\/media\/5410"}],"wp:attachment":[{"href":"https:\/\/monditaly.com\/kauppa\/wp-json\/wp\/v2\/media?parent=4902"}],"wp:term":[{"taxonomy":"product_brand","embeddable":true,"href":"https:\/\/monditaly.com\/kauppa\/wp-json\/wp\/v2\/product_brand?post=4902"},{"taxonomy":"product_cat","embeddable":true,"href":"https:\/\/monditaly.com\/kauppa\/wp-json\/wp\/v2\/product_cat?post=4902"},{"taxonomy":"product_tag","embeddable":true,"href":"https:\/\/monditaly.com\/kauppa\/wp-json\/wp\/v2\/product_tag?post=4902"}],"curies":[{"name":"wp","href":"https:\/\/api.w.org\/{rel}","templated":true}]}}