{"id":4923,"date":"2024-06-14T08:03:19","date_gmt":"2024-06-14T05:03:19","guid":{"rendered":"https:\/\/monditaly.com\/kauppa\/?post_type=product&#038;p=4923"},"modified":"2026-01-02T11:42:19","modified_gmt":"2026-01-02T09:42:19","slug":"easy-fritz-durella-glera-frizzante1ltk-075l-x-6plo","status":"publish","type":"product","link":"https:\/\/monditaly.com\/kauppa\/tuote\/easy-fritz-durella-glera-frizzante1ltk-075l-x-6plo\/","title":{"rendered":"EasyFritz Durello-Glera Frizzante 1ltk (0,75l x 6plo)"},"content":{"rendered":"<p>Maa: Italia<br \/>\nAlue: Veneto<br \/>\nPullokoko: 0,75 l<br \/>\nSokerit: 15.0 g\/l<br \/>\nRyp\u00e4leet: Glera<br \/>\nAlkoholi: 11,0 %<br \/>\nHapot: 6.3\u00a0g\/l<\/p>\n<p>Tasapainoinen ja tyylik\u00e4s prosecco, jossa trooppisen hedelm\u00e4tarhan mehukkaat aromit kietoutuvat omenoiden ja p\u00e4\u00e4ryn\u00f6iden raikkauteen.<\/p>\n","protected":false},"excerpt":{"rendered":"<p>Tasapainoisen hapokas kuohuviini, jossa leikittelev\u00e4t trooppisen mehukkaat aromit ja vihreiden omenien, p\u00e4\u00e4ryn\u00f6iden ja limen raikkaus. Houkuttelevan kirkas ja vaaleankeltainen v\u00e4ri. T\u00e4ydellinen juoma makupariksi kalaruoille, tuoreille salaateille ja kevyille alkupaloille.<\/p>\n<div class=\"group\/conversation-turn relative flex w-full min-w-0 flex-col agent-turn\">\n<div class=\"flex-col gap-1 md:gap-3\">\n<div class=\"flex flex-grow flex-col max-w-full\">\n<div class=\"min-h-[20px] text-message flex flex-col items-start whitespace-pre-wrap break-words [.text-message+&amp;]:mt-5 juice:w-full juice:items-end overflow-x-auto gap-2\" dir=\"auto\" data-message-author-role=\"assistant\" data-message-id=\"c0776632-9de5-4c02-a5f5-c4a3d00b9841\">\n<div class=\"flex w-full flex-col gap-1 juice:empty:hidden juice:first:pt-[3px]\">\n<div class=\"markdown prose w-full break-words dark:prose-invert light\">\n<p>A balanced, acidic sparkling wine that plays with tropical, juicy aromas and the freshness of green apples, pears, and lime. An inviting bright and pale yellow color. A perfect drink to pair with fish dishes, fresh salads, and light appetizers.<\/p>\n<\/div>\n<\/div>\n<\/div>\n<\/div>\n<\/div>\n<\/div>\n","protected":false},"featured_media":5387,"template":"","meta":[],"product_brand":[],"product_cat":[23,294,355],"product_tag":[373],"class_list":{"0":"post-4923","1":"product","2":"type-product","3":"status-publish","4":"has-post-thumbnail","6":"product_cat-juomat","7":"product_cat-juomat-horeca","8":"product_cat-kuohuviinit-samppanjat","9":"product_tag-prosecco","10":"product_shipping_class-horeca","12":"first","13":"instock","14":"taxable","15":"shipping-taxable","16":"product-type-simple"},"_links":{"self":[{"href":"https:\/\/monditaly.com\/kauppa\/wp-json\/wp\/v2\/product\/4923","targetHints":{"allow":["GET"]}}],"collection":[{"href":"https:\/\/monditaly.com\/kauppa\/wp-json\/wp\/v2\/product"}],"about":[{"href":"https:\/\/monditaly.com\/kauppa\/wp-json\/wp\/v2\/types\/product"}],"wp:featuredmedia":[{"embeddable":true,"href":"https:\/\/monditaly.com\/kauppa\/wp-json\/wp\/v2\/media\/5387"}],"wp:attachment":[{"href":"https:\/\/monditaly.com\/kauppa\/wp-json\/wp\/v2\/media?parent=4923"}],"wp:term":[{"taxonomy":"product_brand","embeddable":true,"href":"https:\/\/monditaly.com\/kauppa\/wp-json\/wp\/v2\/product_brand?post=4923"},{"taxonomy":"product_cat","embeddable":true,"href":"https:\/\/monditaly.com\/kauppa\/wp-json\/wp\/v2\/product_cat?post=4923"},{"taxonomy":"product_tag","embeddable":true,"href":"https:\/\/monditaly.com\/kauppa\/wp-json\/wp\/v2\/product_tag?post=4923"}],"curies":[{"name":"wp","href":"https:\/\/api.w.org\/{rel}","templated":true}]}}