{"id":4926,"date":"2024-06-14T08:22:51","date_gmt":"2024-06-14T05:22:51","guid":{"rendered":"https:\/\/monditaly.com\/kauppa\/?post_type=product&#038;p=4926"},"modified":"2026-01-02T11:41:34","modified_gmt":"2026-01-02T09:41:34","slug":"spumante-extra-dry-blanc-de-blancs1ltk-075l-x-6plo","status":"publish","type":"product","link":"https:\/\/monditaly.com\/kauppa\/tuote\/spumante-extra-dry-blanc-de-blancs1ltk-075l-x-6plo\/","title":{"rendered":"Spumante Extra Dry Blanc de Blancs1ltk (0,75l x 6plo)"},"content":{"rendered":"<p>Maa: Italia<br \/>\nAlue: Veneto<br \/>\nViinityyppi: Kuohuviini<br \/>\nPullokoko: 0,75 l<br \/>\nSokerit:<br \/>\nRyp\u00e4leet: Chardonnay, Glera, Pinot Blanc, Pinot Grigio<br \/>\nAlkoholi: 11,0 %<br \/>\nHapot:<br \/>\nMaku: Kuiva, raikas<br \/>\nAromit: Elegantti, kukkainen<\/p>\n<p>Hienovaraisesti kupliva, raikas ja kuiva kuohuviini, joka on ihanteellinen brunsseille ja aperitiiviksi.<\/p>\n<div class=\"flex flex-grow flex-col max-w-full\">\n<div class=\"min-h-[20px] text-message flex flex-col items-start whitespace-pre-wrap break-words [.text-message+&amp;]:mt-5 juice:w-full juice:items-end overflow-x-auto gap-2\" dir=\"auto\" data-message-author-role=\"assistant\" data-message-id=\"e8aab8de-1e88-400c-976d-9509f179ebba\">\n<div class=\"flex w-full flex-col gap-1 juice:empty:hidden juice:first:pt-[3px]\">\n<div class=\"markdown prose w-full break-words dark:prose-invert light\">\n<p>A subtly sparkling, fresh, and dry sparkling wine that is ideal for brunches and as an aperitif.<\/p>\n<\/div>\n<\/div>\n<\/div>\n<\/div>\n","protected":false},"excerpt":{"rendered":"<p>Hienovaraisesti kupliva, hedelm\u00e4inen kuohuviini on ihanteellinen brunsseille ja aperitiiviksi. Kirkkaan oljenkeltaisessa v\u00e4riss\u00e4 on vaaleanvihre\u00e4n vivahteita. Intensiivisen tuoksun t\u00e4ytt\u00e4v\u00e4t vaniljaiset, leip\u00e4iset ja paahdettujen manteleiden aromit. Maku on kuiva, mutta raikas ja samettinen. Suosittelemme nautittavaksi \u00e4yri\u00e4isten, vihannesten sek\u00e4 erilaisten juustojen seurana.<\/p>\n","protected":false},"featured_media":5399,"template":"","meta":[],"product_brand":[],"product_cat":[23,294,355],"product_tag":[373],"class_list":{"0":"post-4926","1":"product","2":"type-product","3":"status-publish","4":"has-post-thumbnail","6":"product_cat-juomat","7":"product_cat-juomat-horeca","8":"product_cat-kuohuviinit-samppanjat","9":"product_tag-prosecco","10":"product_shipping_class-horeca","12":"first","13":"instock","14":"taxable","15":"shipping-taxable","16":"product-type-simple"},"_links":{"self":[{"href":"https:\/\/monditaly.com\/kauppa\/wp-json\/wp\/v2\/product\/4926","targetHints":{"allow":["GET"]}}],"collection":[{"href":"https:\/\/monditaly.com\/kauppa\/wp-json\/wp\/v2\/product"}],"about":[{"href":"https:\/\/monditaly.com\/kauppa\/wp-json\/wp\/v2\/types\/product"}],"wp:featuredmedia":[{"embeddable":true,"href":"https:\/\/monditaly.com\/kauppa\/wp-json\/wp\/v2\/media\/5399"}],"wp:attachment":[{"href":"https:\/\/monditaly.com\/kauppa\/wp-json\/wp\/v2\/media?parent=4926"}],"wp:term":[{"taxonomy":"product_brand","embeddable":true,"href":"https:\/\/monditaly.com\/kauppa\/wp-json\/wp\/v2\/product_brand?post=4926"},{"taxonomy":"product_cat","embeddable":true,"href":"https:\/\/monditaly.com\/kauppa\/wp-json\/wp\/v2\/product_cat?post=4926"},{"taxonomy":"product_tag","embeddable":true,"href":"https:\/\/monditaly.com\/kauppa\/wp-json\/wp\/v2\/product_tag?post=4926"}],"curies":[{"name":"wp","href":"https:\/\/api.w.org\/{rel}","templated":true}]}}