{"id":4932,"date":"2024-06-14T12:53:13","date_gmt":"2024-06-14T09:53:13","guid":{"rendered":"https:\/\/monditaly.com\/kauppa\/?post_type=product&#038;p=4932"},"modified":"2026-01-02T11:45:45","modified_gmt":"2026-01-02T09:45:45","slug":"bordon-reserva-1ltk-075l-x-12plo","status":"publish","type":"product","link":"https:\/\/monditaly.com\/kauppa\/tuote\/bordon-reserva-1ltk-075l-x-12plo\/","title":{"rendered":"Bord\u00f3n Reserva 1ltk (0,75l x 12plo)"},"content":{"rendered":"<p>Maa: Espanja<br \/>\nAlue: Rioja<br \/>\nViinityyppi: Punaviini<br \/>\nPullokoko: 0,75 l<br \/>\nSokerit:<br \/>\nAlkoholi: 14%<\/p>\n<p>Elegantin mausteinen ja tasapainoinen punaviini, jonka j\u00e4lkimaku on pitk\u00e4\u00e4n viipyilev\u00e4, kyps\u00e4 ja miellytt\u00e4v\u00e4.<\/p>\n","protected":false},"excerpt":{"rendered":"<p>Elegantin mausteinen ja rakenteeltaan tasapainoinen punaviini, joka tarjoilee maukkaan ja hedelm\u00e4isen suutuntuman. J\u00e4lkimaku on pitk\u00e4\u00e4n viipyilev\u00e4, kyps\u00e4 ja miellytt\u00e4v\u00e4. Viini soveltuu erityisesti l\u00e4mmitt\u00e4vien keittojen, grillatun lihan ja palkokasvien rinnalle, jotka korostavat hienosti punaviinin aromeja.<\/p>\n<p>An elegantly spicy and structurally balanced red wine that offers a delicious and fruity mouthfeel. The aftertaste is long-lasting, ripe, and pleasant. This wine is particularly well-suited for accompanying warming soups, grilled meats, and legumes, which beautifully highlight the red wine&#8217;s aromas.<\/p>\n","protected":false},"featured_media":5396,"template":"","meta":[],"product_brand":[],"product_cat":[23,294,352,353],"product_tag":[357],"class_list":{"0":"post-4932","1":"product","2":"type-product","3":"status-publish","4":"has-post-thumbnail","6":"product_cat-juomat","7":"product_cat-juomat-horeca","8":"product_cat-viinit","9":"product_cat-punaviinit","10":"product_tag-red-wine","11":"product_shipping_class-horeca","13":"first","14":"instock","15":"taxable","16":"shipping-taxable","17":"product-type-simple"},"_links":{"self":[{"href":"https:\/\/monditaly.com\/kauppa\/wp-json\/wp\/v2\/product\/4932","targetHints":{"allow":["GET"]}}],"collection":[{"href":"https:\/\/monditaly.com\/kauppa\/wp-json\/wp\/v2\/product"}],"about":[{"href":"https:\/\/monditaly.com\/kauppa\/wp-json\/wp\/v2\/types\/product"}],"wp:featuredmedia":[{"embeddable":true,"href":"https:\/\/monditaly.com\/kauppa\/wp-json\/wp\/v2\/media\/5396"}],"wp:attachment":[{"href":"https:\/\/monditaly.com\/kauppa\/wp-json\/wp\/v2\/media?parent=4932"}],"wp:term":[{"taxonomy":"product_brand","embeddable":true,"href":"https:\/\/monditaly.com\/kauppa\/wp-json\/wp\/v2\/product_brand?post=4932"},{"taxonomy":"product_cat","embeddable":true,"href":"https:\/\/monditaly.com\/kauppa\/wp-json\/wp\/v2\/product_cat?post=4932"},{"taxonomy":"product_tag","embeddable":true,"href":"https:\/\/monditaly.com\/kauppa\/wp-json\/wp\/v2\/product_tag?post=4932"}],"curies":[{"name":"wp","href":"https:\/\/api.w.org\/{rel}","templated":true}]}}