{"id":4934,"date":"2024-06-14T13:02:55","date_gmt":"2024-06-14T10:02:55","guid":{"rendered":"https:\/\/monditaly.com\/kauppa\/?post_type=product&#038;p=4934"},"modified":"2026-01-02T11:38:15","modified_gmt":"2026-01-02T09:38:15","slug":"finca-el-encinal-1ltk-075l-x-6-plo","status":"publish","type":"product","link":"https:\/\/monditaly.com\/kauppa\/tuote\/finca-el-encinal-1ltk-075l-x-6-plo\/","title":{"rendered":"Finca el Encinal  1ltk (0,75l x 6 plo)"},"content":{"rendered":"<p>Maa: Espanja<br \/>\nAlue: Ribera Del Duero<br \/>\nViinityyppi: Punaviini<br \/>\nPullokoko: 0,75 l<br \/>\nSokerit:<br \/>\nAlkoholi: 14%<\/p>\n<p>Helppo ja maukas punaviini, jonka py\u00f6re\u00e4t tanniinit ja hedelm\u00e4iset aromit luovat miellytt\u00e4v\u00e4n suutuntuman.<\/p>\n","protected":false},"excerpt":{"rendered":"<p>Helppo ja maukas punaviini, jossa on py\u00f6re\u00e4t tanniinit ja miellytt\u00e4v\u00e4 j\u00e4lkimaku. Punaisten marjojen, hedelmien ja savun aromit ovat per\u00e4isin tammesta. Monivivahteisessa ja viipyilev\u00e4ss\u00e4 makupaletissa l\u00f6ytyy my\u00f6s vaniljaa, kirsikkaa ja h\u00e4iv\u00e4hdys mustapippuria.<\/p>\n<p>An easy and flavorful red wine with rounded tannins and a pleasant aftertaste. The aromas of red berries, fruits, and smoke come from the oak. The complex and lingering flavor profile also includes notes of vanilla, cherry, and a hint of black pepper.<\/p>\n","protected":false},"featured_media":5405,"template":"","meta":[],"product_brand":[],"product_cat":[23,294,352,353],"product_tag":[357],"class_list":{"0":"post-4934","1":"product","2":"type-product","3":"status-publish","4":"has-post-thumbnail","6":"product_cat-juomat","7":"product_cat-juomat-horeca","8":"product_cat-viinit","9":"product_cat-punaviinit","10":"product_tag-red-wine","11":"product_shipping_class-horeca","13":"first","14":"instock","15":"taxable","16":"shipping-taxable","17":"product-type-simple"},"_links":{"self":[{"href":"https:\/\/monditaly.com\/kauppa\/wp-json\/wp\/v2\/product\/4934","targetHints":{"allow":["GET"]}}],"collection":[{"href":"https:\/\/monditaly.com\/kauppa\/wp-json\/wp\/v2\/product"}],"about":[{"href":"https:\/\/monditaly.com\/kauppa\/wp-json\/wp\/v2\/types\/product"}],"wp:featuredmedia":[{"embeddable":true,"href":"https:\/\/monditaly.com\/kauppa\/wp-json\/wp\/v2\/media\/5405"}],"wp:attachment":[{"href":"https:\/\/monditaly.com\/kauppa\/wp-json\/wp\/v2\/media?parent=4934"}],"wp:term":[{"taxonomy":"product_brand","embeddable":true,"href":"https:\/\/monditaly.com\/kauppa\/wp-json\/wp\/v2\/product_brand?post=4934"},{"taxonomy":"product_cat","embeddable":true,"href":"https:\/\/monditaly.com\/kauppa\/wp-json\/wp\/v2\/product_cat?post=4934"},{"taxonomy":"product_tag","embeddable":true,"href":"https:\/\/monditaly.com\/kauppa\/wp-json\/wp\/v2\/product_tag?post=4934"}],"curies":[{"name":"wp","href":"https:\/\/api.w.org\/{rel}","templated":true}]}}