{"id":4948,"date":"2024-06-17T09:55:47","date_gmt":"2024-06-17T06:55:47","guid":{"rendered":"https:\/\/monditaly.com\/kauppa\/?post_type=product&#038;p=4948"},"modified":"2026-01-02T11:37:35","modified_gmt":"2026-01-02T09:37:35","slug":"ripasso-valp-doc-superiore-ca-vegar-1-075l-x-6-plo","status":"publish","type":"product","link":"https:\/\/monditaly.com\/kauppa\/tuote\/ripasso-valp-doc-superiore-ca-vegar-1-075l-x-6-plo\/","title":{"rendered":"Ripasso Valp. Doc Superiore Ca&#8217; Vegar 1 (0,75l x 6 plo)"},"content":{"rendered":"<p>Maa: Italia<br \/>\nAlue: Veneto<br \/>\nViinityyppi: Punaviini<br \/>\nPullokoko: 0,75 l<br \/>\nSokerit:<br \/>\nAlkoholi: 14%<\/p>\n<p>T\u00e4ytel\u00e4inen ja samettinen illallisviini, jonka tanniinit ja hapokkuus ovat elegantisti tasapainossa.<\/p>\n","protected":false},"excerpt":{"rendered":"<p>Harmoninen, t\u00e4ytel\u00e4inen ja samettinen punaviini, jonka moniulotteinen aromikkuus on per\u00e4isin punaisten hedelmien ja mausteiden vivahteista. Kaunis, syv\u00e4n rubiininpunainen v\u00e4ri. Viinin tanniinit ja hapokkuus ovat hienosti tasapainossa. Viini on erinomainen valinta punaisen lihan, pastan ja tryffelin kanssa nautittavaksi.<\/p>\n<div class=\"flex flex-grow flex-col max-w-full\">\n<div class=\"min-h-[20px] text-message flex flex-col items-start whitespace-pre-wrap break-words [.text-message+&amp;]:mt-5 juice:w-full juice:items-end overflow-x-auto gap-2\" dir=\"auto\" data-message-author-role=\"assistant\" data-message-id=\"b1521872-8743-4533-8e87-8ed5160f0951\">\n<div class=\"flex w-full flex-col gap-1 juice:empty:hidden juice:first:pt-[3px]\">\n<div class=\"markdown prose w-full break-words dark:prose-invert light\">\n<p>Deep ruby red. Complex, red fruit, vinous and spicy. Harmonious, full and velvety, with the right balance between tannins and acid consistency. Red meat, both grilled and braised. Excellent with traditional Veronese dishes such as Pastissada de caval (horse meat stew), Lesso con Pear\u00e0 (boiled meats with bread sauce) and ribbon noodles with black Baldo truffle.<\/p>\n<\/div>\n<\/div>\n<\/div>\n<\/div>\n","protected":false},"featured_media":5394,"template":"","meta":[],"product_brand":[],"product_cat":[23,294,352,353],"product_tag":[357],"class_list":{"0":"post-4948","1":"product","2":"type-product","3":"status-publish","4":"has-post-thumbnail","6":"product_cat-juomat","7":"product_cat-juomat-horeca","8":"product_cat-viinit","9":"product_cat-punaviinit","10":"product_tag-red-wine","11":"product_shipping_class-horeca","13":"first","14":"instock","15":"taxable","16":"shipping-taxable","17":"product-type-simple"},"_links":{"self":[{"href":"https:\/\/monditaly.com\/kauppa\/wp-json\/wp\/v2\/product\/4948","targetHints":{"allow":["GET"]}}],"collection":[{"href":"https:\/\/monditaly.com\/kauppa\/wp-json\/wp\/v2\/product"}],"about":[{"href":"https:\/\/monditaly.com\/kauppa\/wp-json\/wp\/v2\/types\/product"}],"wp:featuredmedia":[{"embeddable":true,"href":"https:\/\/monditaly.com\/kauppa\/wp-json\/wp\/v2\/media\/5394"}],"wp:attachment":[{"href":"https:\/\/monditaly.com\/kauppa\/wp-json\/wp\/v2\/media?parent=4948"}],"wp:term":[{"taxonomy":"product_brand","embeddable":true,"href":"https:\/\/monditaly.com\/kauppa\/wp-json\/wp\/v2\/product_brand?post=4948"},{"taxonomy":"product_cat","embeddable":true,"href":"https:\/\/monditaly.com\/kauppa\/wp-json\/wp\/v2\/product_cat?post=4948"},{"taxonomy":"product_tag","embeddable":true,"href":"https:\/\/monditaly.com\/kauppa\/wp-json\/wp\/v2\/product_tag?post=4948"}],"curies":[{"name":"wp","href":"https:\/\/api.w.org\/{rel}","templated":true}]}}