{"id":4949,"date":"2024-06-17T10:03:13","date_gmt":"2024-06-17T07:03:13","guid":{"rendered":"https:\/\/monditaly.com\/kauppa\/?post_type=product&#038;p=4949"},"modified":"2026-01-02T11:36:58","modified_gmt":"2026-01-02T09:36:58","slug":"vin-orange-1ltk-075l-x-6plo","status":"publish","type":"product","link":"https:\/\/monditaly.com\/kauppa\/tuote\/vin-orange-1ltk-075l-x-6plo\/","title":{"rendered":"Vin Orange 1ltk (0,75l x 6plo)"},"content":{"rendered":"<p>Maa: Ranska<br \/>\nAlue: Languedoc<br \/>\nViinityyppi: Valkoviini<br \/>\nPullokoko: 0,75 l<br \/>\nSokerit: 2.0\u00a0g\/l<br \/>\nAlkoholi: 13.0%<br \/>\nHapot: 4.7\u00a0g\/l<\/p>\n<div class=\"ewa-rteLine\">Elegantti ja raikkaan hapokas valkoviini on hurmaavan monik\u00e4ytt\u00f6inen ja erinomainen aperitiivi.<\/div>\n<div><\/div>\n","protected":false},"excerpt":{"rendered":"<p>Hedelm\u00e4inen, elegantti ja raikkaan hapokas valkoviini hurmaa monik\u00e4ytt\u00f6isyydell\u00e4\u00e4n. Kirkkaan oljenkeltainen, kultaa heijasteleva v\u00e4ri toistaa keltaisten luumujen, omenoiden ja persikoiden aromeja. J\u00e4lkimaku on raikas, herkk\u00e4, hienovarainen ja pitk\u00e4kestoinen. Loistovalinta aperitiiviksi tai nautittavaksi esimerkiksi sushin, tapasten, \u00e4yri\u00e4isten, vaalean kalan tai tuoreen juuston kera.<\/p>\n<p>You can discern yellow plum, apple and peach notes in these wines. Crisp acids create a fresh finish, making these wines ideal for a variety of foods. These wines are an excellent match for savoury starters, pasta and fish and seafood dishes. Try with different kinds of tapas or antipasti, shrimp salad or sushi.<\/p>\n","protected":false},"featured_media":5411,"template":"","meta":[],"product_brand":[],"product_cat":[23,294,354],"product_tag":[358],"class_list":{"0":"post-4949","1":"product","2":"type-product","3":"status-publish","4":"has-post-thumbnail","6":"product_cat-juomat","7":"product_cat-juomat-horeca","8":"product_cat-valkoviinit","9":"product_tag-white-wine","10":"product_shipping_class-horeca","12":"first","13":"outofstock","14":"taxable","15":"shipping-taxable","16":"product-type-simple"},"_links":{"self":[{"href":"https:\/\/monditaly.com\/kauppa\/wp-json\/wp\/v2\/product\/4949","targetHints":{"allow":["GET"]}}],"collection":[{"href":"https:\/\/monditaly.com\/kauppa\/wp-json\/wp\/v2\/product"}],"about":[{"href":"https:\/\/monditaly.com\/kauppa\/wp-json\/wp\/v2\/types\/product"}],"wp:featuredmedia":[{"embeddable":true,"href":"https:\/\/monditaly.com\/kauppa\/wp-json\/wp\/v2\/media\/5411"}],"wp:attachment":[{"href":"https:\/\/monditaly.com\/kauppa\/wp-json\/wp\/v2\/media?parent=4949"}],"wp:term":[{"taxonomy":"product_brand","embeddable":true,"href":"https:\/\/monditaly.com\/kauppa\/wp-json\/wp\/v2\/product_brand?post=4949"},{"taxonomy":"product_cat","embeddable":true,"href":"https:\/\/monditaly.com\/kauppa\/wp-json\/wp\/v2\/product_cat?post=4949"},{"taxonomy":"product_tag","embeddable":true,"href":"https:\/\/monditaly.com\/kauppa\/wp-json\/wp\/v2\/product_tag?post=4949"}],"curies":[{"name":"wp","href":"https:\/\/api.w.org\/{rel}","templated":true}]}}