{"id":4952,"date":"2024-06-17T10:30:46","date_gmt":"2024-06-17T07:30:46","guid":{"rendered":"https:\/\/monditaly.com\/kauppa\/?post_type=product&#038;p=4952"},"modified":"2026-01-02T11:36:18","modified_gmt":"2026-01-02T09:36:18","slug":"chardonnay-garda-doc-1ltk-075l-x-6plo","status":"publish","type":"product","link":"https:\/\/monditaly.com\/kauppa\/tuote\/chardonnay-garda-doc-1ltk-075l-x-6plo\/","title":{"rendered":"Chardonnay Garda Doc 1ltk (0,75l x 6plo)"},"content":{"rendered":"<p>Maa: Italia<br \/>\nAlue: Veneto<br \/>\nViinityyppi: Valkoviini<br \/>\nPullokoko: 0,75 l<br \/>\nSokerit:<br \/>\nAlkoholi: 12,5%<br \/>\nHapot:<\/p>\n<div class=\"ewa-rteLine\">Elegantti ja hedelm\u00e4inen Chardonnay Doc hurmaa vivahteikkaalla ja aromirikkaalla makupaletillaan.<\/div>\n<div><\/div>\n","protected":false},"excerpt":{"rendered":"<p>Upea Chardonnay Doc on hienostunut ja hedelm\u00e4inen valkoviini, jonka vivahteikasta makupalettia t\u00e4ydent\u00e4v\u00e4t valkoisten kukkien ja mantelin aromit. Viini on erinomainen valinta l\u00e4mpimille kala-aterioille, kylmille leikkeleille, vaalealle lihalle, sushille, tuoreelle juustolle tai \u00e4yri\u00e4ispastoille.<\/p>\n<p>it has a characteristic straw-yellow color. Delicate and fragrant on the nose, it exhibits notes of almond and white flower. On the drink, Chardonnay Doc, shows a fruity character with an almond finish. Steamed fish Hors d&#8217;oeuvres, Warm fish appetizers, Cold cuts and salami, veal with tuna sauce, White Meat, Mussels, Sushi-sashimi, Fresh cheese, Pasta with seafood<\/p>\n","protected":false},"featured_media":5393,"template":"","meta":[],"product_brand":[],"product_cat":[23,294,354],"product_tag":[358],"class_list":{"0":"post-4952","1":"product","2":"type-product","3":"status-publish","4":"has-post-thumbnail","6":"product_cat-juomat","7":"product_cat-juomat-horeca","8":"product_cat-valkoviinit","9":"product_tag-white-wine","10":"product_shipping_class-horeca","12":"first","13":"instock","14":"taxable","15":"shipping-taxable","16":"product-type-simple"},"_links":{"self":[{"href":"https:\/\/monditaly.com\/kauppa\/wp-json\/wp\/v2\/product\/4952","targetHints":{"allow":["GET"]}}],"collection":[{"href":"https:\/\/monditaly.com\/kauppa\/wp-json\/wp\/v2\/product"}],"about":[{"href":"https:\/\/monditaly.com\/kauppa\/wp-json\/wp\/v2\/types\/product"}],"wp:featuredmedia":[{"embeddable":true,"href":"https:\/\/monditaly.com\/kauppa\/wp-json\/wp\/v2\/media\/5393"}],"wp:attachment":[{"href":"https:\/\/monditaly.com\/kauppa\/wp-json\/wp\/v2\/media?parent=4952"}],"wp:term":[{"taxonomy":"product_brand","embeddable":true,"href":"https:\/\/monditaly.com\/kauppa\/wp-json\/wp\/v2\/product_brand?post=4952"},{"taxonomy":"product_cat","embeddable":true,"href":"https:\/\/monditaly.com\/kauppa\/wp-json\/wp\/v2\/product_cat?post=4952"},{"taxonomy":"product_tag","embeddable":true,"href":"https:\/\/monditaly.com\/kauppa\/wp-json\/wp\/v2\/product_tag?post=4952"}],"curies":[{"name":"wp","href":"https:\/\/api.w.org\/{rel}","templated":true}]}}