{"id":4954,"date":"2024-06-17T11:10:16","date_gmt":"2024-06-17T08:10:16","guid":{"rendered":"https:\/\/monditaly.com\/kauppa\/?post_type=product&#038;p=4954"},"modified":"2026-01-02T11:35:21","modified_gmt":"2026-01-02T09:35:21","slug":"pinot-grigio-garda-1ltk-075l-x-6plo","status":"publish","type":"product","link":"https:\/\/monditaly.com\/kauppa\/tuote\/pinot-grigio-garda-1ltk-075l-x-6plo\/","title":{"rendered":"Pinot Grigio Garda 1ltk (0,75l x 6plo)"},"content":{"rendered":"<p>Maa: Italia<br \/>\nAlue: Veneto<br \/>\nViinityyppi: Valkoviini<br \/>\nPullokoko: 0,75 l<br \/>\nSokerit:<br \/>\nAlkoholi: 12,5%<br \/>\nHapot:<\/p>\n<div class=\"ewa-rteLine\">Raikas ja miellytt\u00e4v\u00e4n hapokas valkoviini, joka tuo mieleen V\u00e4limeren paahteen ja suolaisuuden sek\u00e4 aromikkaat sitrusviljelm\u00e4t.<\/div>\n<div><\/div>\n","protected":false},"excerpt":{"rendered":"<p>Eritt\u00e4in raikas ja miellytt\u00e4v\u00e4n hapokas viini, joka j\u00e4tt\u00e4\u00e4 pitk\u00e4n, merellisen j\u00e4lkivaikutelman. Hienostuneen vaaleankeltaista v\u00e4ri\u00e4 s\u00e4vytt\u00e4v\u00e4t hopeiset vivahteet. Tuoksussa yhdistyv\u00e4t trooppiset hedelm\u00e4t, bergamotti ja greippi sek\u00e4 kuivat yrtit, kuten timjami. Hapokkaat sitrukset ja meriveden suolaisuus yhdistyv\u00e4t pitk\u00e4ss\u00e4 j\u00e4lkimaussa ja houkuttelevat siemailemaan lis\u00e4\u00e4. Tarjoile viini vaalean kalan, taimenen tai rapujen seurana.<\/p>\n<p>A delicate, pale yellow with fascinating silvery hues, it has a fine and harmonious nose offering citrus notes of bergamot and grapefruit, tropical fruit, pineapple in particular, with hints of dry herbs and thyme. The palate has a good texture, very fresh and pleasantly acidic with its touch of lime, that leaves a very sapid, almost marine impression in the mouth. The finish is long, clean, coherent with the nose and induces to take another sip. light, freshwater fish recipes featuring trout, European whitefish or white-clawed crayfish.<\/p>\n","protected":false},"featured_media":5419,"template":"","meta":[],"product_brand":[],"product_cat":[23,294,354],"product_tag":[358],"class_list":{"0":"post-4954","1":"product","2":"type-product","3":"status-publish","4":"has-post-thumbnail","6":"product_cat-juomat","7":"product_cat-juomat-horeca","8":"product_cat-valkoviinit","9":"product_tag-white-wine","10":"product_shipping_class-horeca","12":"first","13":"instock","14":"taxable","15":"shipping-taxable","16":"product-type-simple"},"_links":{"self":[{"href":"https:\/\/monditaly.com\/kauppa\/wp-json\/wp\/v2\/product\/4954","targetHints":{"allow":["GET"]}}],"collection":[{"href":"https:\/\/monditaly.com\/kauppa\/wp-json\/wp\/v2\/product"}],"about":[{"href":"https:\/\/monditaly.com\/kauppa\/wp-json\/wp\/v2\/types\/product"}],"wp:featuredmedia":[{"embeddable":true,"href":"https:\/\/monditaly.com\/kauppa\/wp-json\/wp\/v2\/media\/5419"}],"wp:attachment":[{"href":"https:\/\/monditaly.com\/kauppa\/wp-json\/wp\/v2\/media?parent=4954"}],"wp:term":[{"taxonomy":"product_brand","embeddable":true,"href":"https:\/\/monditaly.com\/kauppa\/wp-json\/wp\/v2\/product_brand?post=4954"},{"taxonomy":"product_cat","embeddable":true,"href":"https:\/\/monditaly.com\/kauppa\/wp-json\/wp\/v2\/product_cat?post=4954"},{"taxonomy":"product_tag","embeddable":true,"href":"https:\/\/monditaly.com\/kauppa\/wp-json\/wp\/v2\/product_tag?post=4954"}],"curies":[{"name":"wp","href":"https:\/\/api.w.org\/{rel}","templated":true}]}}