{"id":5026,"date":"2024-06-27T14:27:59","date_gmt":"2024-06-27T11:27:59","guid":{"rendered":"https:\/\/monditaly.com\/kauppa\/?post_type=product&#038;p=5026"},"modified":"2026-01-02T11:34:37","modified_gmt":"2026-01-02T09:34:37","slug":"finca-el-encinal-roble-075l-x-6-plo","status":"publish","type":"product","link":"https:\/\/monditaly.com\/kauppa\/tuote\/finca-el-encinal-roble-075l-x-6-plo\/","title":{"rendered":"Finca el Encinal Roble (0,75l x 6 plo)"},"content":{"rendered":"<p>Maa: Espanja<br \/>\nAlue: Ribera Del Duero<br \/>\nViinityyppi: Punaviini<br \/>\nPullokoko: 0,75 l<br \/>\nSokerit:<br \/>\nAlkoholi: 14,5%<\/p>\n<p>Miellytt\u00e4v\u00e4, aromaattinen punaviini, jonka py\u00f6re\u00e4t tanniinit tekev\u00e4t siit\u00e4 erinomaisen seurusteluviinin.<\/p>\n","protected":false},"excerpt":{"rendered":"<p>Miellytt\u00e4v\u00e4, aromaattinen punaviini, jonka py\u00f6re\u00e4t tanniinit tekev\u00e4t siit\u00e4 erinomaisen seurusteluviinin. Kauniin kirsikanpunainen v\u00e4ri ja tuoksussa sekoittuvat punaiset marjat sek\u00e4 tammen savuiset vivahteet. Makua hallitsee kirsikka, jota maustavat vanilja ja mustapippuri. Viipyilev\u00e4 j\u00e4lkimaku.<\/p>\n<div class=\"flex flex-grow flex-col max-w-full\">\n<div class=\"min-h-[20px] text-message flex flex-col items-start whitespace-pre-wrap break-words [.text-message+&amp;]:mt-5 juice:w-full juice:items-end overflow-x-auto gap-2\" dir=\"auto\" data-message-author-role=\"assistant\" data-message-id=\"b1521872-8743-4533-8e87-8ed5160f0951\">\n<div class=\"flex w-full flex-col gap-1 juice:empty:hidden juice:first:pt-[3px]\">\n<div class=\"markdown prose w-full break-words dark:prose-invert light\">\n<p>Bright, cherry red colour. Fruity bouquet of red berry fruits with smoky hints from the oak. On tasting the red cherry comes through on a background of vanilla and a touch of black pepper from the oak. Round tannins, easy to drink with good length.<\/p>\n<\/div>\n<\/div>\n<\/div>\n<\/div>\n","protected":false},"featured_media":5413,"template":"","meta":[],"product_brand":[],"product_cat":[23,294,352,353],"product_tag":[357],"class_list":{"0":"post-5026","1":"product","2":"type-product","3":"status-publish","4":"has-post-thumbnail","6":"product_cat-juomat","7":"product_cat-juomat-horeca","8":"product_cat-viinit","9":"product_cat-punaviinit","10":"product_tag-red-wine","11":"product_shipping_class-horeca","13":"first","14":"instock","15":"taxable","16":"shipping-taxable","17":"product-type-simple"},"_links":{"self":[{"href":"https:\/\/monditaly.com\/kauppa\/wp-json\/wp\/v2\/product\/5026","targetHints":{"allow":["GET"]}}],"collection":[{"href":"https:\/\/monditaly.com\/kauppa\/wp-json\/wp\/v2\/product"}],"about":[{"href":"https:\/\/monditaly.com\/kauppa\/wp-json\/wp\/v2\/types\/product"}],"wp:featuredmedia":[{"embeddable":true,"href":"https:\/\/monditaly.com\/kauppa\/wp-json\/wp\/v2\/media\/5413"}],"wp:attachment":[{"href":"https:\/\/monditaly.com\/kauppa\/wp-json\/wp\/v2\/media?parent=5026"}],"wp:term":[{"taxonomy":"product_brand","embeddable":true,"href":"https:\/\/monditaly.com\/kauppa\/wp-json\/wp\/v2\/product_brand?post=5026"},{"taxonomy":"product_cat","embeddable":true,"href":"https:\/\/monditaly.com\/kauppa\/wp-json\/wp\/v2\/product_cat?post=5026"},{"taxonomy":"product_tag","embeddable":true,"href":"https:\/\/monditaly.com\/kauppa\/wp-json\/wp\/v2\/product_tag?post=5026"}],"curies":[{"name":"wp","href":"https:\/\/api.w.org\/{rel}","templated":true}]}}