{"id":509,"date":"2021-05-04T13:14:52","date_gmt":"2021-05-04T10:14:52","guid":{"rendered":"https:\/\/monditaly.com\/kauppa\/?post_type=product&#038;p=509"},"modified":"2025-10-30T10:36:35","modified_gmt":"2025-10-30T08:36:35","slug":"viander-puolikuivattu-punainen-tomaatti-1ltk","status":"publish","type":"product","link":"https:\/\/monditaly.com\/kauppa\/tuote\/viander-puolikuivattu-punainen-tomaatti-1ltk\/","title":{"rendered":"Viander puolikuivattu punainen tomaatti 1ltk (750g x 12 kpl)"},"content":{"rendered":"<h3>Ainesosat \/ Ingredienser:<\/h3>\n<p><span data-sheets-formula-bar-text-style=\"font-size:7px;color:#000000;font-weight:normal;text-decoration:none;font-family:'docs-Lato';font-style:normal;text-decoration-skip-ink:none;\">Punainen kirsikkatomaatti (57%), auringonkukka\u00f6ljy, vesi, sokeri, suola, lehtipersilja, peperoncino-chili, valkosipulijauhe, oreganon lehti\u00e4, happamuudens\u00e4\u00e4t\u00f6aine: maitohappo (E270). <\/span><strong>Valmistettu tehtaassa, jossa k\u00e4sitell\u00e4\u00e4n selleri\u00e4 ja viljoja<\/strong><span data-sheets-formula-bar-text-style=\"font-size:7px;color:#000000;font-weight:normal;text-decoration:none;font-family:'docs-Lato';font-style:normal;text-decoration-skip-ink:none;\"><strong>.<\/strong> <\/span><\/p>\n<p><span data-sheets-formula-bar-text-style=\"font-size:7px;color:#000000;font-weight:normal;text-decoration:none;font-family:'docs-Lato';font-style:normal;text-decoration-skip-ink:none;\">R\u00f6d k\u00f6rsb\u00e4rstomat (57%), solrosolja, vatten, socker, salt, persiljel\u00f6v, chilipeppar, vitl\u00f6kspulver, oregano i l\u00f6v, surhetsreglerande medel: E270. <\/span><strong>Producerat i en fabrik d\u00e4r behandlas blekselleri, spannm\u00e5l.<\/strong><\/p>\n<h3>Ravintoarvot per 100g \/ N\u00e4ringsv\u00e4rde per 100g:<\/h3>\n<p>Energia \/ Energi 458 kJ \/ 108 kcal<br \/>\nRasva \/ Fett 7,1 g josta tyydyttynytt\u00e4 \/ varav m\u00e4ttade 0,8 g<br \/>\nHiilihydraatit \/ Kolhydrat 9,2 g joista sokereita \/ varav sockerarter 6,4 g<br \/>\nKuitu \/ Fiber 4,2 g<br \/>\nProteiini \/ Protein 2,4 g<br \/>\nSuola \/ Salt 1,8 g<\/p>\n","protected":false},"excerpt":{"rendered":"<p><strong>Tuote myyd\u00e4\u00e4n myyntier\u00e4n\u00e4 1 ltk (12 kpl). \/ Sales unit 1 box (12 pcs).<\/strong><\/p>\n<p>Punaiset py\u00f6re\u00e4t kirsikkatomaatit on leikattu puoliksi ja kuivattu uunissa s\u00e4\u00e4dellyss\u00e4 l\u00e4mp\u00f6tilassa. Tuotetta voi k\u00e4ytt\u00e4\u00e4 sellaisenaan lisukkeena, pizzan tai piirakan aineksena. Sopii kalapohjaisiin alku- ja p\u00e4\u00e4ruokiin.<\/p>\n<p>Semi-dried cherry tomatoes in sunflower oil.<\/p>\n","protected":false},"featured_media":502,"template":"","meta":[],"product_brand":[],"product_cat":[46,70,97],"product_tag":[178,316,176],"class_list":{"0":"post-509","1":"product","2":"type-product","3":"status-publish","4":"has-post-thumbnail","6":"product_cat-teolliset_elintarvikkeet","7":"product_cat-sailykkeet-horeca","8":"product_cat-tomaatti-horeca","9":"product_tag-semi-dried","10":"product_tag-semisecchi","11":"product_tag-tomato","12":"product_shipping_class-horeca","14":"first","15":"instock","16":"taxable","17":"shipping-taxable","18":"product-type-simple"},"_links":{"self":[{"href":"https:\/\/monditaly.com\/kauppa\/wp-json\/wp\/v2\/product\/509","targetHints":{"allow":["GET"]}}],"collection":[{"href":"https:\/\/monditaly.com\/kauppa\/wp-json\/wp\/v2\/product"}],"about":[{"href":"https:\/\/monditaly.com\/kauppa\/wp-json\/wp\/v2\/types\/product"}],"wp:featuredmedia":[{"embeddable":true,"href":"https:\/\/monditaly.com\/kauppa\/wp-json\/wp\/v2\/media\/502"}],"wp:attachment":[{"href":"https:\/\/monditaly.com\/kauppa\/wp-json\/wp\/v2\/media?parent=509"}],"wp:term":[{"taxonomy":"product_brand","embeddable":true,"href":"https:\/\/monditaly.com\/kauppa\/wp-json\/wp\/v2\/product_brand?post=509"},{"taxonomy":"product_cat","embeddable":true,"href":"https:\/\/monditaly.com\/kauppa\/wp-json\/wp\/v2\/product_cat?post=509"},{"taxonomy":"product_tag","embeddable":true,"href":"https:\/\/monditaly.com\/kauppa\/wp-json\/wp\/v2\/product_tag?post=509"}],"curies":[{"name":"wp","href":"https:\/\/api.w.org\/{rel}","templated":true}]}}