{"id":510,"date":"2021-05-04T13:24:00","date_gmt":"2021-05-04T10:24:00","guid":{"rendered":"https:\/\/monditaly.com\/kauppa\/?post_type=product&#038;p=510"},"modified":"2024-07-05T14:34:46","modified_gmt":"2024-07-05T11:34:46","slug":"viander-supersalsati-kuorittu-tomaatti-1ltk-2550g-x-6kpl","status":"publish","type":"product","link":"https:\/\/monditaly.com\/kauppa\/tuote\/viander-supersalsati-kuorittu-tomaatti-1ltk-2550g-x-6kpl\/","title":{"rendered":"Viander Supersalsati kuorittu tomaatti 1ltk (2,55kg x 6 kpl)"},"content":{"rendered":"<h3>Ainesosat \/ Ingredienser:<\/h3>\n<p>Kokonaiset kuoritut tomaatit, tomaattimehu, happamuudens\u00e4\u00e4t\u00f6aine: sitruunahappo (E330).<\/p>\n<p>Hela skalade tomater, tomatsaft, surhetsreglerande medel: citronsyra (E330).<\/p>\n<h3>Ravintoarvot per 100g \/ N\u00e4ringsv\u00e4rde per 100g:<\/h3>\n<p>Energia \/ Energi 86 kJ \/ 21 kcal<br \/>\nRasva \/ Fett 0,5 g<br \/>\njosta tyydyttynytt\u00e4 \/ varav m\u00e4ttade 0,0 g<br \/>\nHiilihydraatit \/ Kolhydrat 3,0 g<br \/>\njoista sokereita \/ varav sockerarter 3,0 g<br \/>\nProteiini \/ Protein 1,2 g<br \/>\nSuola \/ Salt 0,1 g<\/p>\n","protected":false},"excerpt":{"rendered":"<p><strong>Tuote myyd\u00e4\u00e4n myyntier\u00e4n\u00e4 1 ltk (6 kpl). \/ Sales unit 1 box (6 pcs).<\/strong><\/p>\n<p>Kokonaiset kuoritut tomaatit tinatussa s\u00e4ilyket\u00f6lkiss\u00e4. Valmistettu italialaisista tuoreista pitkist\u00e4 tomaattilajikkeista, jotka on kuorittu ja upotettu tomaattimehuun. Perusaines kastikkeiden valmistuksessa.<\/p>\n<p>Peeled tomatoes.<\/p>\n","protected":false},"featured_media":497,"template":"","meta":[],"product_brand":[],"product_cat":[46,70,97],"product_tag":[98,175,176],"class_list":{"0":"post-510","1":"product","2":"type-product","3":"status-publish","4":"has-post-thumbnail","6":"product_cat-teolliset_elintarvikkeet","7":"product_cat-sailykkeet-horeca","8":"product_cat-tomaatti-horeca","9":"product_tag-tomaatti","10":"product_tag-tomaattimurska","11":"product_tag-tomato","12":"product_shipping_class-horeca","14":"first","15":"instock","16":"taxable","17":"shipping-taxable","18":"product-type-simple"},"_links":{"self":[{"href":"https:\/\/monditaly.com\/kauppa\/wp-json\/wp\/v2\/product\/510","targetHints":{"allow":["GET"]}}],"collection":[{"href":"https:\/\/monditaly.com\/kauppa\/wp-json\/wp\/v2\/product"}],"about":[{"href":"https:\/\/monditaly.com\/kauppa\/wp-json\/wp\/v2\/types\/product"}],"wp:featuredmedia":[{"embeddable":true,"href":"https:\/\/monditaly.com\/kauppa\/wp-json\/wp\/v2\/media\/497"}],"wp:attachment":[{"href":"https:\/\/monditaly.com\/kauppa\/wp-json\/wp\/v2\/media?parent=510"}],"wp:term":[{"taxonomy":"product_brand","embeddable":true,"href":"https:\/\/monditaly.com\/kauppa\/wp-json\/wp\/v2\/product_brand?post=510"},{"taxonomy":"product_cat","embeddable":true,"href":"https:\/\/monditaly.com\/kauppa\/wp-json\/wp\/v2\/product_cat?post=510"},{"taxonomy":"product_tag","embeddable":true,"href":"https:\/\/monditaly.com\/kauppa\/wp-json\/wp\/v2\/product_tag?post=510"}],"curies":[{"name":"wp","href":"https:\/\/api.w.org\/{rel}","templated":true}]}}