{"id":511,"date":"2021-05-04T13:26:55","date_gmt":"2021-05-04T10:26:55","guid":{"rendered":"https:\/\/monditaly.com\/kauppa\/?post_type=product&#038;p=511"},"modified":"2024-11-17T22:59:48","modified_gmt":"2024-11-17T20:59:48","slug":"greci-tomaattimurska-10kg","status":"publish","type":"product","link":"https:\/\/monditaly.com\/kauppa\/tuote\/greci-tomaattimurska-10kg\/","title":{"rendered":"Greci tomaattimurska 10kg"},"content":{"rendered":"<h3>Ainesosat \/ Ingredienser:<\/h3>\n<p>Tomaattimurska.<\/p>\n<p>Tomatpur\u00e9.<\/p>\n<h3>Ravintoarvot per 100g \/ N\u00e4ringsv\u00e4rde per 100g:<\/h3>\n<p>Energia \/ Energi 125 kJ \/ 30 kcal<br \/>\nRasva \/ Fett 0,5 g<br \/>\njosta tyydyttynytt\u00e4 \/ varav m\u00e4ttade 0,0 g<br \/>\nHiilihydraatit \/ Kolhydrater 4,7 g<br \/>\njoista sokereita \/ varav sockerarter 4,7 g<br \/>\nKuitu \/ Fiber &#8211;<br \/>\nProteiini \/ Protein 1,2 g<br \/>\nSuola \/ Salt 0,03 g<\/p>\n","protected":false},"excerpt":{"rendered":"<p>Kypsist\u00e4 ja laadukkaista tomaateista valmistettu tomaattimurska, jossa on vain v\u00e4h\u00e4n siemeni\u00e4 ja kuorta. Sopii pizzan p\u00e4\u00e4lle tai pitk\u00e4\u00e4nkin kypsent\u00e4miseen. S\u00e4ilyt\u00e4 viile\u00e4ss\u00e4 ja kuivassa paikassa. Avattu tuote s\u00e4ilyy 2-3 p\u00e4iv\u00e4\u00e4 j\u00e4\u00e4kaapissa.<\/p>\n","protected":false},"featured_media":505,"template":"","meta":[],"product_brand":[],"product_cat":[46,70,97],"product_tag":[314,315,176],"class_list":{"0":"post-511","1":"product","2":"type-product","3":"status-publish","4":"has-post-thumbnail","6":"product_cat-teolliset_elintarvikkeet","7":"product_cat-sailykkeet-horeca","8":"product_cat-tomaatti-horeca","9":"product_tag-peeled","10":"product_tag-pulp","11":"product_tag-tomato","12":"product_shipping_class-horeca","14":"first","15":"instock","16":"taxable","17":"shipping-taxable","18":"product-type-simple"},"_links":{"self":[{"href":"https:\/\/monditaly.com\/kauppa\/wp-json\/wp\/v2\/product\/511","targetHints":{"allow":["GET"]}}],"collection":[{"href":"https:\/\/monditaly.com\/kauppa\/wp-json\/wp\/v2\/product"}],"about":[{"href":"https:\/\/monditaly.com\/kauppa\/wp-json\/wp\/v2\/types\/product"}],"wp:featuredmedia":[{"embeddable":true,"href":"https:\/\/monditaly.com\/kauppa\/wp-json\/wp\/v2\/media\/505"}],"wp:attachment":[{"href":"https:\/\/monditaly.com\/kauppa\/wp-json\/wp\/v2\/media?parent=511"}],"wp:term":[{"taxonomy":"product_brand","embeddable":true,"href":"https:\/\/monditaly.com\/kauppa\/wp-json\/wp\/v2\/product_brand?post=511"},{"taxonomy":"product_cat","embeddable":true,"href":"https:\/\/monditaly.com\/kauppa\/wp-json\/wp\/v2\/product_cat?post=511"},{"taxonomy":"product_tag","embeddable":true,"href":"https:\/\/monditaly.com\/kauppa\/wp-json\/wp\/v2\/product_tag?post=511"}],"curies":[{"name":"wp","href":"https:\/\/api.w.org\/{rel}","templated":true}]}}