{"id":514,"date":"2021-05-04T14:07:16","date_gmt":"2021-05-04T11:07:16","guid":{"rendered":"https:\/\/monditaly.com\/kauppa\/?post_type=product&#038;p=514"},"modified":"2026-01-13T16:49:23","modified_gmt":"2026-01-13T14:49:23","slug":"viander-musta-oliivitahna-950g","status":"publish","type":"product","link":"https:\/\/monditaly.com\/kauppa\/tuote\/viander-musta-oliivitahna-950g\/","title":{"rendered":"Viander musta oliivitahna 520g"},"content":{"rendered":"<h3>Ainesosat \/ Ingredienser:<\/h3>\n<p><span data-sheets-formula-bar-text-style=\"font-size:7px;color:#000000;font-weight:normal;text-decoration:none;font-family:'docs-Lato';font-style:normal;text-decoration-skip-ink:none;\">Oliivitahna (mustat oliivit, oliivi\u00f6ljy, suola, happamuudens\u00e4\u00e4t\u00f6aine: E270) 65%, auringonkukka\u00f6ljy, vesi, kasvikuitu. <\/span><strong>Saattaa sis\u00e4lt\u00e4\u00e4 maitoa.<\/strong><span data-sheets-formula-bar-text-style=\"font-size:7px;color:#000000;font-weight:normal;text-decoration:none;font-family:'docs-Lato';font-style:normal;text-decoration-skip-ink:none;\"> Gluteeniton.\u00a0 <\/span><\/p>\n<p><span data-sheets-formula-bar-text-style=\"font-size:7px;color:#000000;font-weight:normal;text-decoration:none;font-family:'docs-Lato';font-style:normal;text-decoration-skip-ink:none;\">Svart olivpasta (svart oliver, olivolja, salt, surhetsreglerande medel: E270) 65%, solrosolja, vatten, vegetabilisk fiber. <strong>Kan inneh\u00e5lla <\/strong><\/span><strong>mj\u00f6lk<\/strong><span data-sheets-formula-bar-text-style=\"font-size:7px;color:#000000;font-weight:normal;text-decoration:none;font-family:'docs-Lato';font-style:normal;text-decoration-skip-ink:none;\"><strong>.<\/strong> Glutenfri.<\/span><\/p>\n<h3>Ravintoarvot per 100g \/ N\u00e4ringsv\u00e4rde per 100g:<\/h3>\n<p>Energia \/ Energi 1420 kJ \/ 345 kcal<br \/>\nRasva \/ Fett 35,7 g<br \/>\njosta tyydyttynytt\u00e4 \/ varav m\u00e4ttade 4,6 g<br \/>\nHiilihydraatit \/ Kolhydrater 2,7 g<br \/>\njoista sokereita \/ varav sockerarter 0,5 g<br \/>\nKuitu \/ Fiber 3,4 g<br \/>\nProteiini \/ Protein 1,6 g<br \/>\nSuola \/ Salt 1,0 g<\/p>\n","protected":false},"excerpt":{"rendered":"<p>Mustista oliiveista valmistettu tahna lasipurkissa.<\/p>\n<p>Black olives paste.<\/p>\n","protected":false},"featured_media":2116,"template":"","meta":[],"product_brand":[],"product_cat":[46,70,94,103],"product_tag":[304,325,102,149,151,150,152],"class_list":{"0":"post-514","1":"product","2":"type-product","3":"status-publish","4":"has-post-thumbnail","6":"product_cat-teolliset_elintarvikkeet","7":"product_cat-sailykkeet-horeca","8":"product_cat-tahnat-horeca","9":"product_cat-oliivit-horeca","10":"product_tag-gluteeniton","11":"product_tag-gluten-free","12":"product_tag-oliivi","13":"product_tag-olive","14":"product_tag-olive-paste","15":"product_tag-paste","16":"product_tag-tahna","17":"product_shipping_class-horeca","19":"first","20":"instock","21":"taxable","22":"shipping-taxable","23":"product-type-simple"},"_links":{"self":[{"href":"https:\/\/monditaly.com\/kauppa\/wp-json\/wp\/v2\/product\/514","targetHints":{"allow":["GET"]}}],"collection":[{"href":"https:\/\/monditaly.com\/kauppa\/wp-json\/wp\/v2\/product"}],"about":[{"href":"https:\/\/monditaly.com\/kauppa\/wp-json\/wp\/v2\/types\/product"}],"wp:featuredmedia":[{"embeddable":true,"href":"https:\/\/monditaly.com\/kauppa\/wp-json\/wp\/v2\/media\/2116"}],"wp:attachment":[{"href":"https:\/\/monditaly.com\/kauppa\/wp-json\/wp\/v2\/media?parent=514"}],"wp:term":[{"taxonomy":"product_brand","embeddable":true,"href":"https:\/\/monditaly.com\/kauppa\/wp-json\/wp\/v2\/product_brand?post=514"},{"taxonomy":"product_cat","embeddable":true,"href":"https:\/\/monditaly.com\/kauppa\/wp-json\/wp\/v2\/product_cat?post=514"},{"taxonomy":"product_tag","embeddable":true,"href":"https:\/\/monditaly.com\/kauppa\/wp-json\/wp\/v2\/product_tag?post=514"}],"curies":[{"name":"wp","href":"https:\/\/api.w.org\/{rel}","templated":true}]}}