{"id":515,"date":"2021-05-04T14:24:26","date_gmt":"2021-05-04T11:24:26","guid":{"rendered":"https:\/\/monditaly.com\/kauppa\/?post_type=product&#038;p=515"},"modified":"2024-07-22T14:39:36","modified_gmt":"2024-07-22T11:39:36","slug":"viander-villanella-iso-vihrea-gourmet-oliivi-1500g","status":"publish","type":"product","link":"https:\/\/monditaly.com\/kauppa\/tuote\/viander-villanella-iso-vihrea-gourmet-oliivi-1500g\/","title":{"rendered":"Viander Villanella iso vihre\u00e4 gourmet oliivi 1,5kg"},"content":{"rendered":"<h3>Ainesosat \/ Ingredienser:<\/h3>\n<p>Oliivi, auringonkukka\u00f6ljy, persilja, valkosipuli, chilipaprika, oregano, suola, happamuudens\u00e4\u00e4t\u00f6aine: E330, E270, s\u00e4il\u00f6nt\u00e4aine: E202.<\/p>\n<p>Oliver, solrosolja, persilja, vitl\u00f6k, chilipeppar, pregano, salt, surhetsreglerande medel: E330, E270, konserveringsmedel: E202.<\/p>\n<h3>Ravintoarvot per 100g \/ N\u00e4ringsv\u00e4rde per 100g:<\/h3>\n<p>Energia \/ Energi 999 kJ \/ 243 kcal<br \/>\nRasva \/ Fett 25 g<br \/>\njosta tyydyttynytt\u00e4\/ varav m\u00e4ttade 3,3 g<br \/>\nHiilihydraatit \/ kolhydrat 1,0 g<br \/>\njoista sokereita \/ varav sockerarter 0<br \/>\nKuitu \/ Fiber 4,4 g<br \/>\nProteiini \/ Protein 2,1 g<br \/>\nSuola \/ Salt 4,1 g<\/p>\n","protected":false},"excerpt":{"rendered":"<p>Kivellisi\u00e4 isoja maustettuja vihreit\u00e4 oliiveja. Pakattu suojakaasuun. Oliivien alkuper\u00e4: Espanja \/ Kreikka. S\u00e4ilytett\u00e4v\u00e4 viile\u00e4ss\u00e4 ja kuivassa paikassa. S\u00e4ilyt\u00e4 avattu tuote j\u00e4\u00e4kaapissa \u00f6ljyss\u00e4 ja k\u00e4yt\u00e4 30 p\u00e4iv\u00e4n sis\u00e4ll\u00e4. Parasta ennen -p\u00e4iv\u00e4m\u00e4\u00e4r\u00e4 kannessa.<\/p>\n<p>Giant spiced green olives.<\/p>\n","protected":false},"featured_media":1151,"template":"","meta":[],"product_brand":[],"product_cat":[46,70,103],"product_tag":[102,149],"class_list":{"0":"post-515","1":"product","2":"type-product","3":"status-publish","4":"has-post-thumbnail","6":"product_cat-teolliset_elintarvikkeet","7":"product_cat-sailykkeet-horeca","8":"product_cat-oliivit-horeca","9":"product_tag-oliivi","10":"product_tag-olive","11":"product_shipping_class-horeca","13":"first","14":"outofstock","15":"taxable","16":"shipping-taxable","17":"product-type-simple"},"_links":{"self":[{"href":"https:\/\/monditaly.com\/kauppa\/wp-json\/wp\/v2\/product\/515","targetHints":{"allow":["GET"]}}],"collection":[{"href":"https:\/\/monditaly.com\/kauppa\/wp-json\/wp\/v2\/product"}],"about":[{"href":"https:\/\/monditaly.com\/kauppa\/wp-json\/wp\/v2\/types\/product"}],"wp:featuredmedia":[{"embeddable":true,"href":"https:\/\/monditaly.com\/kauppa\/wp-json\/wp\/v2\/media\/1151"}],"wp:attachment":[{"href":"https:\/\/monditaly.com\/kauppa\/wp-json\/wp\/v2\/media?parent=515"}],"wp:term":[{"taxonomy":"product_brand","embeddable":true,"href":"https:\/\/monditaly.com\/kauppa\/wp-json\/wp\/v2\/product_brand?post=515"},{"taxonomy":"product_cat","embeddable":true,"href":"https:\/\/monditaly.com\/kauppa\/wp-json\/wp\/v2\/product_cat?post=515"},{"taxonomy":"product_tag","embeddable":true,"href":"https:\/\/monditaly.com\/kauppa\/wp-json\/wp\/v2\/product_tag?post=515"}],"curies":[{"name":"wp","href":"https:\/\/api.w.org\/{rel}","templated":true}]}}