{"id":521,"date":"2021-05-04T14:58:27","date_gmt":"2021-05-04T11:58:27","guid":{"rendered":"https:\/\/monditaly.com\/kauppa\/?post_type=product&#038;p=521"},"modified":"2024-07-06T12:59:08","modified_gmt":"2024-07-06T09:59:08","slug":"viander-villanella-artisokkalohko-yrttioljyssa-1600g","status":"publish","type":"product","link":"https:\/\/monditaly.com\/kauppa\/tuote\/viander-villanella-artisokkalohko-yrttioljyssa-1600g\/","title":{"rendered":"Viander Villanella artisokkalohko yrtti\u00f6ljyss\u00e4 1600g"},"content":{"rendered":"<h3>Ainesosat \/ Ingredienser:<\/h3>\n<p><span data-sheets-formula-bar-text-style=\"font-size:7px;color:#000000;font-weight:normal;text-decoration:none;font-family:'docs-Lato';font-style:normal;text-decoration-skip-ink:none;\">Artisokkia (84,5%), auringonkukka\u00f6ljy, viinietikka, suola, basilika, persilja, minttu, valkosipuli, happamuudens\u00e4\u00e4t\u00f6aine: sitruunahappo (E330), hapettumisenestoaine: askorbiinihappo (E300), aromi. <\/span><span data-sheets-formula-bar-text-style=\"font-size:7px;color:#000000;font-weight:bold;text-decoration:none;font-family:''docs-Lato'';font-style:normal;text-decoration-skip-ink:none;\"><strong>Sis\u00e4lt\u00e4\u00e4 sulfiitteja<\/strong>. <\/span><span data-sheets-formula-bar-text-style=\"font-size:7px;color:#000000;font-weight:normal;text-decoration:none;font-family:'docs-Lato';font-style:normal;text-decoration-skip-ink:none;\">Gluteeniton. <\/span><\/p>\n<p><span data-sheets-formula-bar-text-style=\"font-size:7px;color:#000000;font-weight:normal;text-decoration:none;font-family:'docs-Lato';font-style:normal;text-decoration-skip-ink:none;\">Kron\u00e4rtskocka (84,5%), solrosolja, vin\u00e4ttika, salt, basilika, persilja, mynta, vitl\u00f6k, surhetsreglerande medel: citronsyra (E330), antioxidant: askorbinsyra (E300), arom.<\/span><span data-sheets-formula-bar-text-style=\"font-size:7px;color:#000000;font-weight:bold;text-decoration:none;font-family:''docs-Lato'';font-style:normal;text-decoration-skip-ink:none;\"><strong> Inneh\u00e5ller sulfiter<\/strong>. <\/span><span data-sheets-formula-bar-text-style=\"font-size:7px;color:#000000;font-weight:normal;text-decoration:none;font-family:'docs-Lato';font-style:normal;text-decoration-skip-ink:none;\">Glutenfri.<\/span><\/p>\n<h3>Ravintoarvot per 100g \/ N\u00e4ringsv\u00e4rde per 100g:<\/h3>\n<p>Energia \/ Energi 313 kJ \/ 76 kcal<br \/>\nRasva \/ Fett 6,0 g<br \/>\njosta tyydyttynytt\u00e4 \/ varav m\u00e4ttat 0,8 g<br \/>\nHiilihydraatit \/ Kolhydrat 0,4 g<br \/>\njoista sokereita \/ varav sockerarter 0,9 g<br \/>\nKuitu \/ Fiber 5,0 g<br \/>\nProteiini \/ Protein 2,5 g<br \/>\nSuola \/ Salt 1,7 g<\/p>\n","protected":false},"excerpt":{"rendered":"<p>Valikoituja artisokkia, jotka on pesty, paloiteltu, maustettu ja upotettu auringonkukka\u00f6ljyyn. Tuote pakattu alumiinipussiin ja past\u00f6roitu, mik\u00e4 takaa tuote-er\u00e4n steriiliyden. S\u00e4ilyt\u00e4 kuivassa paikassa l\u00e4mm\u00f6lt\u00e4 suojattuna. S\u00e4ilyt\u00e4 avattu pakkaus j\u00e4\u00e4kaapissa ja k\u00e4yt\u00e4 lyhyen ajan sis\u00e4ll\u00e4.<\/p>\n<p>Artichokes quarters in sunflower oil with herbs.<\/p>\n","protected":false},"featured_media":499,"template":"","meta":[],"product_brand":[],"product_cat":[46,70,81],"product_tag":[139,105,140,304,325],"class_list":{"0":"post-521","1":"product","2":"type-product","3":"status-publish","4":"has-post-thumbnail","6":"product_cat-teolliset_elintarvikkeet","7":"product_cat-sailykkeet-horeca","8":"product_cat-vihannekset-horeca","9":"product_tag-artichoke","10":"product_tag-artisokka","11":"product_tag-carciofi","12":"product_tag-gluteeniton","13":"product_tag-gluten-free","14":"product_shipping_class-horeca","16":"first","17":"instock","18":"taxable","19":"shipping-taxable","20":"product-type-simple"},"_links":{"self":[{"href":"https:\/\/monditaly.com\/kauppa\/wp-json\/wp\/v2\/product\/521","targetHints":{"allow":["GET"]}}],"collection":[{"href":"https:\/\/monditaly.com\/kauppa\/wp-json\/wp\/v2\/product"}],"about":[{"href":"https:\/\/monditaly.com\/kauppa\/wp-json\/wp\/v2\/types\/product"}],"wp:featuredmedia":[{"embeddable":true,"href":"https:\/\/monditaly.com\/kauppa\/wp-json\/wp\/v2\/media\/499"}],"wp:attachment":[{"href":"https:\/\/monditaly.com\/kauppa\/wp-json\/wp\/v2\/media?parent=521"}],"wp:term":[{"taxonomy":"product_brand","embeddable":true,"href":"https:\/\/monditaly.com\/kauppa\/wp-json\/wp\/v2\/product_brand?post=521"},{"taxonomy":"product_cat","embeddable":true,"href":"https:\/\/monditaly.com\/kauppa\/wp-json\/wp\/v2\/product_cat?post=521"},{"taxonomy":"product_tag","embeddable":true,"href":"https:\/\/monditaly.com\/kauppa\/wp-json\/wp\/v2\/product_tag?post=521"}],"curies":[{"name":"wp","href":"https:\/\/api.w.org\/{rel}","templated":true}]}}