{"id":547,"date":"2021-05-06T09:42:37","date_gmt":"2021-05-06T06:42:37","guid":{"rendered":"https:\/\/monditaly.com\/kauppa\/?post_type=product&#038;p=547"},"modified":"2024-06-07T12:02:34","modified_gmt":"2024-06-07T09:02:34","slug":"viander-puntina-kapris-11-12mm-suolassa-1kg","status":"publish","type":"product","link":"https:\/\/monditaly.com\/kauppa\/tuote\/viander-puntina-kapris-11-12mm-suolassa-1kg\/","title":{"rendered":"Viander Puntina kapris 11\/12 mm suolassa 1kg"},"content":{"rendered":"<h3>Ainesosat \/ Ingredienser:<\/h3>\n<p>Kapriksia, suola (40%).<\/p>\n<p>Kapris, salt (40%).<\/p>\n<h3>Ravintoarvot per 100g \/ N\u00e4ringsv\u00e4rde per 100g:<\/h3>\n<p>Energia \/ Energi 98 kJ \/ 23 kcal<br \/>\nRasva \/ Fett 0,3 g<br \/>\njosta tyydyttynytt\u00e4 \/ varav m\u00e4ttade 0,0 g<br \/>\nHiilihydraatit \/ Kolhydrater 1,5 g<br \/>\njoista sokereita \/ varav sockerarter 0,1 g<br \/>\nKuitu \/ Fiber 2,6 g<br \/>\nProteiini \/ Protein 1,7 g<br \/>\nSuola \/ Salt 30 g<\/p>\n","protected":false},"excerpt":{"rendered":"<p>Luokan 11\/12 kapriksia suolassa. S\u00e4ilyt\u00e4 huoneenl\u00e4mm\u00f6ss\u00e4, viile\u00e4ss\u00e4 ja kuivassa paikassa.<\/p>\n<p>Capers caliber 11\/12 mm with salt.<\/p>\n","protected":false},"featured_media":495,"template":"","meta":[],"product_brand":[],"product_cat":[46,70,81],"product_tag":[143,145,108,144],"class_list":{"0":"post-547","1":"product","2":"type-product","3":"status-publish","4":"has-post-thumbnail","6":"product_cat-teolliset_elintarvikkeet","7":"product_cat-sailykkeet-horeca","8":"product_cat-vihannekset-horeca","9":"product_tag-caper","10":"product_tag-capperi","11":"product_tag-kapris","12":"product_tag-puntina","13":"product_shipping_class-horeca","15":"first","16":"instock","17":"taxable","18":"shipping-taxable","19":"product-type-simple"},"_links":{"self":[{"href":"https:\/\/monditaly.com\/kauppa\/wp-json\/wp\/v2\/product\/547","targetHints":{"allow":["GET"]}}],"collection":[{"href":"https:\/\/monditaly.com\/kauppa\/wp-json\/wp\/v2\/product"}],"about":[{"href":"https:\/\/monditaly.com\/kauppa\/wp-json\/wp\/v2\/types\/product"}],"wp:featuredmedia":[{"embeddable":true,"href":"https:\/\/monditaly.com\/kauppa\/wp-json\/wp\/v2\/media\/495"}],"wp:attachment":[{"href":"https:\/\/monditaly.com\/kauppa\/wp-json\/wp\/v2\/media?parent=547"}],"wp:term":[{"taxonomy":"product_brand","embeddable":true,"href":"https:\/\/monditaly.com\/kauppa\/wp-json\/wp\/v2\/product_brand?post=547"},{"taxonomy":"product_cat","embeddable":true,"href":"https:\/\/monditaly.com\/kauppa\/wp-json\/wp\/v2\/product_cat?post=547"},{"taxonomy":"product_tag","embeddable":true,"href":"https:\/\/monditaly.com\/kauppa\/wp-json\/wp\/v2\/product_tag?post=547"}],"curies":[{"name":"wp","href":"https:\/\/api.w.org\/{rel}","templated":true}]}}