{"id":548,"date":"2021-05-06T09:48:39","date_gmt":"2021-05-06T06:48:39","guid":{"rendered":"https:\/\/monditaly.com\/kauppa\/?post_type=product&#038;p=548"},"modified":"2024-07-05T14:30:54","modified_gmt":"2024-07-05T11:30:54","slug":"viander-vihrea-makea-oliivi-1ltk","status":"publish","type":"product","link":"https:\/\/monditaly.com\/kauppa\/tuote\/viander-vihrea-makea-oliivi-1ltk\/","title":{"rendered":"Viander vihre\u00e4 makea oliivi 1ltk (2,25kg x 2 kpl)"},"content":{"rendered":"<h3>Ainesosat \/ Ingredienser:<\/h3>\n<p>Vihre\u00e4t oliivit, vesi, suola, hapettumisenestoaine: E330.<\/p>\n<p>Gr\u00f6na oliver, vatten, salt, antioxidant: E330.<\/p>\n<h3>Ravintoarvot per 100g \/ N\u00e4ringsv\u00e4rde per 100g:<\/h3>\n<p>Energia \/ Energi 1440 kJ \/ 593 kcal<br \/>\nRasva \/ Fett 14,8 g josta tyydyttynytt\u00e4 \/ varav m\u00e4ttade 2,2 g<br \/>\nHiilihydraatit \/ kolhydrat 0,3 g joista sokereita \/ varav sockerarter 0,1 g<br \/>\nProteiini \/ Protein 1 g<br \/>\nSuola \/ Salt 0,8 g<\/p>\n","protected":false},"excerpt":{"rendered":"<p><strong>Tuote myyd\u00e4\u00e4n myyntier\u00e4n\u00e4 1 ltk (2 kpl). \/ Sales unit 1 box (2 pcs).<\/strong><\/p>\n<p>Pestyt ja maustetut gourmet-oliivit. Oliivien alkuper\u00e4maa: Kreikka. Sopivat aperitiiveiksi, alkupaloihin, p\u00e4\u00e4ruokiin ja pizzan p\u00e4\u00e4llysteeksi.<\/p>\n<p>Sweet green olives. Origin of olives: Greece. Suitable for many uses of the kitchen: aperitifs, appetizers to first courses and entre\u00e9s. Also for classic use in the pizzerias.<\/p>\n","protected":false},"featured_media":2124,"template":"","meta":[],"product_brand":[],"product_cat":[110,70,103],"product_tag":[149],"class_list":{"0":"post-548","1":"product","2":"type-product","3":"status-publish","4":"has-post-thumbnail","6":"product_cat-horeca-teolliset-elintarvikkeet","7":"product_cat-sailykkeet-horeca","8":"product_cat-oliivit-horeca","9":"product_tag-olive","10":"product_shipping_class-horeca","12":"first","13":"instock","14":"taxable","15":"shipping-taxable","16":"product-type-simple"},"_links":{"self":[{"href":"https:\/\/monditaly.com\/kauppa\/wp-json\/wp\/v2\/product\/548","targetHints":{"allow":["GET"]}}],"collection":[{"href":"https:\/\/monditaly.com\/kauppa\/wp-json\/wp\/v2\/product"}],"about":[{"href":"https:\/\/monditaly.com\/kauppa\/wp-json\/wp\/v2\/types\/product"}],"wp:featuredmedia":[{"embeddable":true,"href":"https:\/\/monditaly.com\/kauppa\/wp-json\/wp\/v2\/media\/2124"}],"wp:attachment":[{"href":"https:\/\/monditaly.com\/kauppa\/wp-json\/wp\/v2\/media?parent=548"}],"wp:term":[{"taxonomy":"product_brand","embeddable":true,"href":"https:\/\/monditaly.com\/kauppa\/wp-json\/wp\/v2\/product_brand?post=548"},{"taxonomy":"product_cat","embeddable":true,"href":"https:\/\/monditaly.com\/kauppa\/wp-json\/wp\/v2\/product_cat?post=548"},{"taxonomy":"product_tag","embeddable":true,"href":"https:\/\/monditaly.com\/kauppa\/wp-json\/wp\/v2\/product_tag?post=548"}],"curies":[{"name":"wp","href":"https:\/\/api.w.org\/{rel}","templated":true}]}}