{"id":5552,"date":"2024-08-08T15:45:38","date_gmt":"2024-08-08T12:45:38","guid":{"rendered":"https:\/\/monditaly.com\/kauppa\/?post_type=product&#038;p=5552"},"modified":"2025-07-22T10:10:55","modified_gmt":"2025-07-22T07:10:55","slug":"kasaro-fior-di-latte-kirsikkamozzarella-10g-15-kg","status":"publish","type":"product","link":"https:\/\/monditaly.com\/kauppa\/tuote\/kasaro-fior-di-latte-kirsikkamozzarella-10g-15-kg\/","title":{"rendered":"Kasaro Fior di latte kirsikkamozzarella 10g, 1,5 kg (laktoositon, kotimainen)"},"content":{"rendered":"<h3>Ainesosat\/ Ingredienser:<\/h3>\n<p><span class=\"OYPEnA font-feature-liga-off font-feature-clig-off font-feature-calt-off text-decoration-none text-strikethrough-none\">Past\u00f6roitu MAITO (Suomi), hapate, laktaasi, suola, mikrobiologinen juoksute. Rasvapitoisuus 16,8%.<br \/>\nPast\u00f6riserad MJ\u00d6LK (Finland), syrningskultur, laktas, salt, mikrobiellt l\u00f6pe. Fetthalt 16,8\u202f%.<\/span><\/p>\n<h3>Ravintoarvot\/ N\u00e4ringsinneh\u00e5ll per 100g:<\/h3>\n<p class=\"p1\">Energia\/ Energi 946 kJ\/225 kcal<br \/>\nRasva\/ Fett 16,8%<br \/>\njosta tyydyttynytt\u00e4\/ varav m\u00e4ttade 10,8g<br \/>\nHiilihydraatit\/ kolhydrater &lt;1%<br \/>\njosta sokereita\/ varav sockerarter 0,52%<br \/>\nLaktoosi\/laktos &lt;0,01 g<br \/>\nProteiini\/Protein 19,1 g<br \/>\nSuola\/ Salt 0,16g<\/p>\n","protected":false},"excerpt":{"rendered":"<p>Herkullinen, kotimaisesta raakamaidosta valmistettu kirsikkamozzarella. Kasaron l\u00e4hell\u00e4 tuotetut mozzarellat ovat laktoosittomia. Tuote on past\u00f6roitu ja niille on my\u00f6nnetty Hyv\u00e4\u00e4 Suomesta -alkuper\u00e4merkki.<\/p>\n<p>Delicious cherry mozzarella made from fresh Finnish raw milk. Kasaro mozzarella cheeses are lactose-free. The product is pasteurized and carries the Hyv\u00e4\u00e4 Suomesta -label (Produce of Finland).<\/p>\n","protected":false},"featured_media":7261,"template":"","meta":[],"product_brand":[],"product_cat":[36,163,246,251],"product_tag":[187,552,460,461,551,553,305,200],"class_list":{"0":"post-5552","1":"product","2":"type-product","3":"status-publish","4":"has-post-thumbnail","6":"product_cat-viileat","7":"product_cat-viileat-horeca","8":"product_cat-juustot-horeca","9":"product_cat-mozzarella-horeca","10":"product_tag-cheese","11":"product_tag-hyvaasuomesta","12":"product_tag-kasaro","13":"product_tag-kirsikkamozzarella","14":"product_tag-kotimainen","15":"product_tag-lactosefree","16":"product_tag-laktoositon","17":"product_tag-mozzarella","18":"product_shipping_class-viileat-pakaste","20":"first","21":"instock","22":"taxable","23":"shipping-taxable","24":"product-type-simple"},"_links":{"self":[{"href":"https:\/\/monditaly.com\/kauppa\/wp-json\/wp\/v2\/product\/5552","targetHints":{"allow":["GET"]}}],"collection":[{"href":"https:\/\/monditaly.com\/kauppa\/wp-json\/wp\/v2\/product"}],"about":[{"href":"https:\/\/monditaly.com\/kauppa\/wp-json\/wp\/v2\/types\/product"}],"wp:featuredmedia":[{"embeddable":true,"href":"https:\/\/monditaly.com\/kauppa\/wp-json\/wp\/v2\/media\/7261"}],"wp:attachment":[{"href":"https:\/\/monditaly.com\/kauppa\/wp-json\/wp\/v2\/media?parent=5552"}],"wp:term":[{"taxonomy":"product_brand","embeddable":true,"href":"https:\/\/monditaly.com\/kauppa\/wp-json\/wp\/v2\/product_brand?post=5552"},{"taxonomy":"product_cat","embeddable":true,"href":"https:\/\/monditaly.com\/kauppa\/wp-json\/wp\/v2\/product_cat?post=5552"},{"taxonomy":"product_tag","embeddable":true,"href":"https:\/\/monditaly.com\/kauppa\/wp-json\/wp\/v2\/product_tag?post=5552"}],"curies":[{"name":"wp","href":"https:\/\/api.w.org\/{rel}","templated":true}]}}