{"id":5624,"date":"2024-08-21T15:07:02","date_gmt":"2024-08-21T12:07:02","guid":{"rendered":"https:\/\/monditaly.com\/kauppa\/?post_type=product&#038;p=5624"},"modified":"2026-01-02T11:33:47","modified_gmt":"2026-01-02T09:33:47","slug":"bonfils-cibadies-chardonnay-1ltk-075l-x-6plo","status":"publish","type":"product","link":"https:\/\/monditaly.com\/kauppa\/tuote\/bonfils-cibadies-chardonnay-1ltk-075l-x-6plo\/","title":{"rendered":"Bonfils Cibadies Chardonnay 1ltk (0,75l x 6plo)"},"content":{"rendered":"<p>Maa: Ranska<br \/>\nAlue:<br \/>\nViinityyppi:<br \/>\nPullokoko: 0,75 l<br \/>\nSokerit:<br \/>\nAlkoholi: 13,5%<br \/>\nHapot:<\/p>\n<div class=\"ewa-rteLine\"><\/div>\n<div><\/div>\n","protected":false},"excerpt":{"rendered":"<p>Upea Chardonnay Doc on hienostunut ja hedelm\u00e4inen valkoviini, jonka vivahteikasta makupalettia t\u00e4ydent\u00e4v\u00e4t valkoisten kukkien ja mantelin aromit. Viini on erinomainen valinta l\u00e4mpimille kala-aterioille, kylmille leikkeleille, vaalealle lihalle, sushille, tuoreelle juustolle tai \u00e4yri\u00e4ispastoille.<\/p>\n<p>it has a characteristic straw-yellow color. Delicate and fragrant on the nose, it exhibits notes of almond and white flower. On the drink, Chardonnay Doc, shows a fruity character with an almond finish. Steamed fish Hors d&#8217;oeuvres, Warm fish appetizers, Cold cuts and salami, veal with tuna sauce, White Meat, Mussels, Sushi-sashimi, Fresh cheese, Pasta with seafood<\/p>\n","protected":false},"featured_media":5625,"template":"","meta":[],"product_brand":[],"product_cat":[23,294,354],"product_tag":[452,463],"class_list":{"0":"post-5624","1":"product","2":"type-product","3":"status-publish","4":"has-post-thumbnail","6":"product_cat-juomat","7":"product_cat-juomat-horeca","8":"product_cat-valkoviinit","9":"product_tag-bonfils","10":"product_tag-chardonnay","11":"product_shipping_class-horeca","13":"first","14":"instock","15":"taxable","16":"shipping-taxable","17":"product-type-simple"},"_links":{"self":[{"href":"https:\/\/monditaly.com\/kauppa\/wp-json\/wp\/v2\/product\/5624","targetHints":{"allow":["GET"]}}],"collection":[{"href":"https:\/\/monditaly.com\/kauppa\/wp-json\/wp\/v2\/product"}],"about":[{"href":"https:\/\/monditaly.com\/kauppa\/wp-json\/wp\/v2\/types\/product"}],"wp:featuredmedia":[{"embeddable":true,"href":"https:\/\/monditaly.com\/kauppa\/wp-json\/wp\/v2\/media\/5625"}],"wp:attachment":[{"href":"https:\/\/monditaly.com\/kauppa\/wp-json\/wp\/v2\/media?parent=5624"}],"wp:term":[{"taxonomy":"product_brand","embeddable":true,"href":"https:\/\/monditaly.com\/kauppa\/wp-json\/wp\/v2\/product_brand?post=5624"},{"taxonomy":"product_cat","embeddable":true,"href":"https:\/\/monditaly.com\/kauppa\/wp-json\/wp\/v2\/product_cat?post=5624"},{"taxonomy":"product_tag","embeddable":true,"href":"https:\/\/monditaly.com\/kauppa\/wp-json\/wp\/v2\/product_tag?post=5624"}],"curies":[{"name":"wp","href":"https:\/\/api.w.org\/{rel}","templated":true}]}}