{"id":5728,"date":"2024-09-16T21:31:11","date_gmt":"2024-09-16T18:31:11","guid":{"rendered":"https:\/\/monditaly.com\/kauppa\/?post_type=product&#038;p=5728"},"modified":"2024-10-02T14:38:48","modified_gmt":"2024-10-02T11:38:48","slug":"vera-italia-mozzarella-fior-di-latte-juusto-suikale-m-1ltk-5kg","status":"publish","type":"product","link":"https:\/\/monditaly.com\/kauppa\/tuote\/vera-italia-mozzarella-fior-di-latte-juusto-suikale-m-1ltk-5kg\/","title":{"rendered":"Vera Italia Mozzarella Fior di Latte juusto suikale M 1ltk, 5kg"},"content":{"rendered":"<h3>Ainesosat:<\/h3>\n<p>Past\u00f6roitu lehm\u00e4nmaito, suola, juoksute. Valmistettu Italiassa.<\/p>\n<p>Ingredienser: past\u00f6riserad komj\u00f6lk, salt, l\u00f6pe. \u00a0Tillverkat i Italien.<\/p>\n<h3>Ravintoarvot per 100g:<\/h3>\n<p>Energia \/ Energi 1026 kJ \/ 247 kcal<br \/>\nRasva \/ Fett 19 g josta tyydyttynytt\u00e4 \/ varav m\u00e4ttade 13 g<br \/>\nHiilihydraatit \/ Kolhydrater 1 g joista sokereita \/ varav sockerarter 1 g<br \/>\nProteiini \/ Protein 18 g<br \/>\nSuola \/ Salt 1,1 g<\/p>\n","protected":false},"excerpt":{"rendered":"<p><strong>Tuote myyd\u00e4\u00e4n myyntier\u00e4n\u00e4 1 ltk (5 kg). \/ Sales unit 1 box (5 kg).<\/strong><\/p>\n<p>Valmiiksi leikattu suikale M-koossa.<\/p>\n","protected":false},"featured_media":0,"template":"","meta":[],"product_brand":[],"product_cat":[251,61,171,263],"product_tag":[],"class_list":{"0":"post-5728","1":"product","2":"type-product","3":"status-publish","5":"product_cat-mozzarella-horeca","6":"product_cat-pakasteet","7":"product_cat-pakasteet-horeca","8":"product_cat-pakastejuustot-horeca","9":"product_shipping_class-viileat-pakaste","11":"first","12":"instock","13":"taxable","14":"shipping-taxable","15":"product-type-simple"},"_links":{"self":[{"href":"https:\/\/monditaly.com\/kauppa\/wp-json\/wp\/v2\/product\/5728","targetHints":{"allow":["GET"]}}],"collection":[{"href":"https:\/\/monditaly.com\/kauppa\/wp-json\/wp\/v2\/product"}],"about":[{"href":"https:\/\/monditaly.com\/kauppa\/wp-json\/wp\/v2\/types\/product"}],"wp:attachment":[{"href":"https:\/\/monditaly.com\/kauppa\/wp-json\/wp\/v2\/media?parent=5728"}],"wp:term":[{"taxonomy":"product_brand","embeddable":true,"href":"https:\/\/monditaly.com\/kauppa\/wp-json\/wp\/v2\/product_brand?post=5728"},{"taxonomy":"product_cat","embeddable":true,"href":"https:\/\/monditaly.com\/kauppa\/wp-json\/wp\/v2\/product_cat?post=5728"},{"taxonomy":"product_tag","embeddable":true,"href":"https:\/\/monditaly.com\/kauppa\/wp-json\/wp\/v2\/product_tag?post=5728"}],"curies":[{"name":"wp","href":"https:\/\/api.w.org\/{rel}","templated":true}]}}