{"id":5729,"date":"2024-09-16T21:37:00","date_gmt":"2024-09-16T18:37:00","guid":{"rendered":"https:\/\/monditaly.com\/kauppa\/?post_type=product&#038;p=5729"},"modified":"2024-10-02T15:07:37","modified_gmt":"2024-10-02T12:07:37","slug":"vera-italia-mozzarella-fior-di-latte-juusto-suikale-s-1ltk-5kg","status":"publish","type":"product","link":"https:\/\/monditaly.com\/kauppa\/tuote\/vera-italia-mozzarella-fior-di-latte-juusto-suikale-s-1ltk-5kg\/","title":{"rendered":"Vera Italia Mozzarella Fior di Latte juusto suikale S 1ltk, 5kg"},"content":{"rendered":"<h3>Ainesosat \/ Ingredienser:<\/h3>\n<p>Past\u00f6roitu lehm\u00e4nmaito, suola, juoksute.<\/p>\n<p>Ingredienser: past\u00f6riserad komj\u00f6lk, salt, l\u00f6pe.<\/p>\n<h3>Ravintoarvot per 100g \/ N\u00e4ringsv\u00e4rde per 100g:<\/h3>\n<p>Energia \/ Energi 1026 kJ \/ 247 kcal<br \/>\nRasva \/ Fett 19 g<br \/>\njosta tyydyttynytt\u00e4 \/ varav m\u00e4ttade 13 g<br \/>\nHiilihydraatit \/ Kolhydrater 1 g<br \/>\njoista sokereita \/ varav sockerarter 1 g<br \/>\nProteiini \/ Protein 18 g<br \/>\nSuola \/ Salt 1,1 g<\/p>\n","protected":false},"excerpt":{"rendered":"<p><strong>Tuote myyd\u00e4\u00e4n myyntier\u00e4n\u00e4 1 ltk (5 kg). \/ Sales unit 1 box (5 kg).<\/strong><\/p>\n<p>Valmiiksi leikattu suikale S-koossa. Valmistettu Italiassa. Agerola-valmistustavalla tehty pakastemozzarella on pakastettu valmistusp\u00e4iv\u00e4n\u00e4, jolloin se l\u00e4htee my\u00f6s asiakkaalle. Erityinen pakastustekniikka mahdollistaa sen, ett\u00e4 tuotteen laatu on sama kuin juuri valmistetulla mozzarellalla. K\u00e4ytt\u00f6ik\u00e4 alkaa vasta, kun tuote sulatetaan, eli mozzarella on l\u00e4hes yht\u00e4 tuoretta kuin paikan p\u00e4\u00e4ll\u00e4 Napolissa.<\/p>\n<p>Ready-cut mozzarella strip in size S. Made in Italy. The special freezing technology enables the quality of the product to be the same as freshly made mozzarella.<\/p>\n","protected":false},"featured_media":0,"template":"","meta":[],"product_brand":[],"product_cat":[251,61,171,263],"product_tag":[187],"class_list":{"0":"post-5729","1":"product","2":"type-product","3":"status-publish","5":"product_cat-mozzarella-horeca","6":"product_cat-pakasteet","7":"product_cat-pakasteet-horeca","8":"product_cat-pakastejuustot-horeca","9":"product_tag-cheese","10":"product_shipping_class-viileat-pakaste","12":"first","13":"instock","14":"taxable","15":"shipping-taxable","16":"product-type-simple"},"_links":{"self":[{"href":"https:\/\/monditaly.com\/kauppa\/wp-json\/wp\/v2\/product\/5729","targetHints":{"allow":["GET"]}}],"collection":[{"href":"https:\/\/monditaly.com\/kauppa\/wp-json\/wp\/v2\/product"}],"about":[{"href":"https:\/\/monditaly.com\/kauppa\/wp-json\/wp\/v2\/types\/product"}],"wp:attachment":[{"href":"https:\/\/monditaly.com\/kauppa\/wp-json\/wp\/v2\/media?parent=5729"}],"wp:term":[{"taxonomy":"product_brand","embeddable":true,"href":"https:\/\/monditaly.com\/kauppa\/wp-json\/wp\/v2\/product_brand?post=5729"},{"taxonomy":"product_cat","embeddable":true,"href":"https:\/\/monditaly.com\/kauppa\/wp-json\/wp\/v2\/product_cat?post=5729"},{"taxonomy":"product_tag","embeddable":true,"href":"https:\/\/monditaly.com\/kauppa\/wp-json\/wp\/v2\/product_tag?post=5729"}],"curies":[{"name":"wp","href":"https:\/\/api.w.org\/{rel}","templated":true}]}}