{"id":5811,"date":"2024-10-01T18:34:35","date_gmt":"2024-10-01T15:34:35","guid":{"rendered":"https:\/\/monditaly.com\/kauppa\/?post_type=product&#038;p=5811"},"modified":"2024-10-01T18:44:40","modified_gmt":"2024-10-01T15:44:40","slug":"pasini-pizzajauho-viola-00-25kg","status":"publish","type":"product","link":"https:\/\/monditaly.com\/kauppa\/tuote\/pasini-pizzajauho-viola-00-25kg\/","title":{"rendered":"Pasini pizzajauho Viola 00 25kg"},"content":{"rendered":"","protected":false},"excerpt":{"rendered":"<p class=\"p1\">Ihanteellinen pizzajauho keskipitk\u00e4\u00e4n kohotukseen (n. 18-48 tuntia), my\u00f6s korkean kosteusasteen leivontaan.<\/p>\n<p class=\"p1\">Ideal pizza flour for medium leavening time18-48 hours, also for high hydration baking.<\/p>\n","protected":false},"featured_media":5813,"template":"","meta":[],"product_brand":[],"product_cat":[196,46,110,74,156],"product_tag":[202,80],"class_list":{"0":"post-5811","1":"product","2":"type-product","3":"status-publish","4":"has-post-thumbnail","6":"product_cat-kilokauppa","7":"product_cat-teolliset_elintarvikkeet","8":"product_cat-horeca-teolliset-elintarvikkeet","9":"product_cat-kuivat-elintarvikkeet-horeca","10":"product_cat-jauhot-horeca","11":"product_tag-flour","12":"product_tag-pizza","13":"product_shipping_class-horeca","15":"first","16":"instock","17":"taxable","18":"shipping-taxable","19":"product-type-simple"},"_links":{"self":[{"href":"https:\/\/monditaly.com\/kauppa\/wp-json\/wp\/v2\/product\/5811","targetHints":{"allow":["GET"]}}],"collection":[{"href":"https:\/\/monditaly.com\/kauppa\/wp-json\/wp\/v2\/product"}],"about":[{"href":"https:\/\/monditaly.com\/kauppa\/wp-json\/wp\/v2\/types\/product"}],"wp:featuredmedia":[{"embeddable":true,"href":"https:\/\/monditaly.com\/kauppa\/wp-json\/wp\/v2\/media\/5813"}],"wp:attachment":[{"href":"https:\/\/monditaly.com\/kauppa\/wp-json\/wp\/v2\/media?parent=5811"}],"wp:term":[{"taxonomy":"product_brand","embeddable":true,"href":"https:\/\/monditaly.com\/kauppa\/wp-json\/wp\/v2\/product_brand?post=5811"},{"taxonomy":"product_cat","embeddable":true,"href":"https:\/\/monditaly.com\/kauppa\/wp-json\/wp\/v2\/product_cat?post=5811"},{"taxonomy":"product_tag","embeddable":true,"href":"https:\/\/monditaly.com\/kauppa\/wp-json\/wp\/v2\/product_tag?post=5811"}],"curies":[{"name":"wp","href":"https:\/\/api.w.org\/{rel}","templated":true}]}}