{"id":6318,"date":"2025-01-21T13:06:20","date_gmt":"2025-01-21T11:06:20","guid":{"rendered":"https:\/\/monditaly.com\/kauppa\/?post_type=product&#038;p=6318"},"modified":"2025-01-21T13:54:21","modified_gmt":"2025-01-21T11:54:21","slug":"sori-mozzarella-di-bufala-14g-2x1-kg","status":"publish","type":"product","link":"https:\/\/monditaly.com\/kauppa\/tuote\/sori-mozzarella-di-bufala-14g-2x1-kg\/","title":{"rendered":"Sori Mozzarella di Bufala 14g (2&#215;1 kg)"},"content":{"rendered":"<h3>Ainesosat:<\/h3>\n<p class=\"p1\">Past\u00f6roitu puhvelinmaito, luontainen hera, suola, juoksute<\/p>\n<p class=\"p1\">Inneh\u00e5ller:<br \/>\nPast\u00f6riserad buffelmj\u00f6lk, naturlig vassle, salt, l\u00f6pe<b><br \/>\n<\/b><\/p>\n<h3>Ravintoarvot\/ N\u00e4ringsv\u00e4rde per 100g:<\/h3>\n<p>Energia \/ Energi 1084\/ 262<br \/>\nRasva \/ Fett 23 g &#8211; josta tyydyttynytt\u00e4 \/ varav m\u00e4ttade<br \/>\nHiilihydraatit \/ Kolhydrat 0,7 g josta sokereita \/ varav sockerarter: 0,7 g<br \/>\nProteiini \/ Protein 13 g<br \/>\nSuola \/ Salt 0,57 g<\/p>\n","protected":false},"excerpt":{"rendered":"<p>Uutuus! Herkullinen puhvelinmaidosta valmistettu kirsikkamozzarella.<br \/>\nNew product! Delicious cherry mozzarella made from buffalo milk.<\/p>\n","protected":false},"featured_media":6320,"template":"","meta":[],"product_brand":[],"product_cat":[36,163,246,251],"product_tag":[188,187,200],"class_list":{"0":"post-6318","1":"product","2":"type-product","3":"status-publish","4":"has-post-thumbnail","6":"product_cat-viileat","7":"product_cat-viileat-horeca","8":"product_cat-juustot-horeca","9":"product_cat-mozzarella-horeca","10":"product_tag-bufala","11":"product_tag-cheese","12":"product_tag-mozzarella","13":"product_shipping_class-viileat-pakaste","15":"first","16":"onbackorder","17":"taxable","18":"shipping-taxable","19":"product-type-simple"},"_links":{"self":[{"href":"https:\/\/monditaly.com\/kauppa\/wp-json\/wp\/v2\/product\/6318","targetHints":{"allow":["GET"]}}],"collection":[{"href":"https:\/\/monditaly.com\/kauppa\/wp-json\/wp\/v2\/product"}],"about":[{"href":"https:\/\/monditaly.com\/kauppa\/wp-json\/wp\/v2\/types\/product"}],"wp:featuredmedia":[{"embeddable":true,"href":"https:\/\/monditaly.com\/kauppa\/wp-json\/wp\/v2\/media\/6320"}],"wp:attachment":[{"href":"https:\/\/monditaly.com\/kauppa\/wp-json\/wp\/v2\/media?parent=6318"}],"wp:term":[{"taxonomy":"product_brand","embeddable":true,"href":"https:\/\/monditaly.com\/kauppa\/wp-json\/wp\/v2\/product_brand?post=6318"},{"taxonomy":"product_cat","embeddable":true,"href":"https:\/\/monditaly.com\/kauppa\/wp-json\/wp\/v2\/product_cat?post=6318"},{"taxonomy":"product_tag","embeddable":true,"href":"https:\/\/monditaly.com\/kauppa\/wp-json\/wp\/v2\/product_tag?post=6318"}],"curies":[{"name":"wp","href":"https:\/\/api.w.org\/{rel}","templated":true}]}}