{"id":6480,"date":"2025-03-09T14:49:26","date_gmt":"2025-03-09T12:49:26","guid":{"rendered":"https:\/\/monditaly.com\/kauppa\/?post_type=product&#038;p=6480"},"modified":"2025-10-30T10:06:51","modified_gmt":"2025-10-30T08:06:51","slug":"trinita-spianata-romana-tulinen-salami-1-2","status":"publish","type":"product","link":"https:\/\/monditaly.com\/kauppa\/tuote\/trinita-spianata-romana-tulinen-salami-1-2\/","title":{"rendered":"Trinita Spianata Romana tulinen salami 1\/2"},"content":{"rendered":"<h3>Ainesosat \/ Ingredienser:<\/h3>\n<p>Tiedot tulossa pian<\/p>\n<h3>Ravintoarvot per 100g \/ N\u00e4ringsv\u00e4rde per 100g:<\/h3>\n<p>Tiedot tulossa pian<\/p>\n","protected":false},"excerpt":{"rendered":"<p class=\"p1\">Salami, joka on valmistettu tuoreesta sianlihasta. Karkeampi rakenne, suolattu, maustettu ja t\u00e4ytetty synteettisiin suoliin. Kypsytetty perinteisesti valvotuissa olosuhteissa, paineistettuna ter\u00e4ksisten ritil\u00f6iden v\u00e4liss\u00e4, jotta saavutetaan salamille tyypillinen muoto ja rakenne. Saatavilla perinteinen mieto ja mausteinen versio. Lihan alkuper\u00e4 EU.<\/p>\n<p class=\"p1\">Salami made from pork meat, including belly and ham of EU origin, coarsely chopped, salted, seasoned, and stuffed into synthetic casings. The product is traditionally aged in controlled environments, kept pressed between steel grids to ensure the typical shape and texture. The salami is available in two versions, one classic mild and the other spicy.<\/p>\n","protected":false},"featured_media":6482,"template":"","meta":[],"product_brand":[],"product_cat":[196,36,163,165,166],"product_tag":[],"class_list":{"0":"post-6480","1":"product","2":"type-product","3":"status-publish","4":"has-post-thumbnail","6":"product_cat-kilokauppa","7":"product_cat-viileat","8":"product_cat-viileat-horeca","9":"product_cat-lihat-horeca","10":"product_cat-salamit-ja-kinkut-horeca","11":"product_shipping_class-viileat-pakaste","13":"first","14":"instock","15":"taxable","16":"shipping-taxable","17":"product-type-simple"},"_links":{"self":[{"href":"https:\/\/monditaly.com\/kauppa\/wp-json\/wp\/v2\/product\/6480","targetHints":{"allow":["GET"]}}],"collection":[{"href":"https:\/\/monditaly.com\/kauppa\/wp-json\/wp\/v2\/product"}],"about":[{"href":"https:\/\/monditaly.com\/kauppa\/wp-json\/wp\/v2\/types\/product"}],"wp:featuredmedia":[{"embeddable":true,"href":"https:\/\/monditaly.com\/kauppa\/wp-json\/wp\/v2\/media\/6482"}],"wp:attachment":[{"href":"https:\/\/monditaly.com\/kauppa\/wp-json\/wp\/v2\/media?parent=6480"}],"wp:term":[{"taxonomy":"product_brand","embeddable":true,"href":"https:\/\/monditaly.com\/kauppa\/wp-json\/wp\/v2\/product_brand?post=6480"},{"taxonomy":"product_cat","embeddable":true,"href":"https:\/\/monditaly.com\/kauppa\/wp-json\/wp\/v2\/product_cat?post=6480"},{"taxonomy":"product_tag","embeddable":true,"href":"https:\/\/monditaly.com\/kauppa\/wp-json\/wp\/v2\/product_tag?post=6480"}],"curies":[{"name":"wp","href":"https:\/\/api.w.org\/{rel}","templated":true}]}}