{"id":6483,"date":"2025-03-09T14:52:40","date_gmt":"2025-03-09T12:52:40","guid":{"rendered":"https:\/\/monditaly.com\/kauppa\/?post_type=product&#038;p=6483"},"modified":"2025-10-30T10:03:21","modified_gmt":"2025-10-30T08:03:21","slug":"trinita-cotto-kinkku-pizzaiolo-n-8kg","status":"publish","type":"product","link":"https:\/\/monditaly.com\/kauppa\/tuote\/trinita-cotto-kinkku-pizzaiolo-n-8kg\/","title":{"rendered":"Trinita Cotto kinkku Pizzaiolo n. 8kg"},"content":{"rendered":"<h3>Ainesosat \/ Ingredienser:<\/h3>\n<p>Tiedot tulossa pian<\/p>\n<h3>Ravintoarvot per 100g \/ N\u00e4ringsv\u00e4rde per 100g:<\/h3>\n<p>Tiedot tulossa pian<\/p>\n","protected":false},"excerpt":{"rendered":"<p class=\"p1\">Keittokinkku, joka on valmistettu suolatusta ja maustetusta tuoreesta sianlihasta, joka kypsennet\u00e4\u00e4n h\u00f6yryll\u00e4. Lihan alkuper\u00e4 EU.<br \/>\n<b><br \/>\n<\/b>Cooked ham made from salted and seasoned fresh pork, steamed for cooking. The meat is of EU origin.<\/p>\n","protected":false},"featured_media":6484,"template":"","meta":[],"product_brand":[],"product_cat":[196,36,163,165,166],"product_tag":[],"class_list":{"0":"post-6483","1":"product","2":"type-product","3":"status-publish","4":"has-post-thumbnail","6":"product_cat-kilokauppa","7":"product_cat-viileat","8":"product_cat-viileat-horeca","9":"product_cat-lihat-horeca","10":"product_cat-salamit-ja-kinkut-horeca","11":"product_shipping_class-viileat-pakaste","13":"first","14":"instock","15":"taxable","16":"shipping-taxable","17":"product-type-simple"},"_links":{"self":[{"href":"https:\/\/monditaly.com\/kauppa\/wp-json\/wp\/v2\/product\/6483","targetHints":{"allow":["GET"]}}],"collection":[{"href":"https:\/\/monditaly.com\/kauppa\/wp-json\/wp\/v2\/product"}],"about":[{"href":"https:\/\/monditaly.com\/kauppa\/wp-json\/wp\/v2\/types\/product"}],"wp:featuredmedia":[{"embeddable":true,"href":"https:\/\/monditaly.com\/kauppa\/wp-json\/wp\/v2\/media\/6484"}],"wp:attachment":[{"href":"https:\/\/monditaly.com\/kauppa\/wp-json\/wp\/v2\/media?parent=6483"}],"wp:term":[{"taxonomy":"product_brand","embeddable":true,"href":"https:\/\/monditaly.com\/kauppa\/wp-json\/wp\/v2\/product_brand?post=6483"},{"taxonomy":"product_cat","embeddable":true,"href":"https:\/\/monditaly.com\/kauppa\/wp-json\/wp\/v2\/product_cat?post=6483"},{"taxonomy":"product_tag","embeddable":true,"href":"https:\/\/monditaly.com\/kauppa\/wp-json\/wp\/v2\/product_tag?post=6483"}],"curies":[{"name":"wp","href":"https:\/\/api.w.org\/{rel}","templated":true}]}}